{"id":4881,"date":"2022-10-14T09:50:56","date_gmt":"2022-10-14T07:50:56","guid":{"rendered":"https:\/\/institutfrancais.ro\/cluj-napoca\/?page_id=4881"},"modified":"2026-05-07T09:56:01","modified_gmt":"2026-05-07T07:56:01","slug":"ateliere","status":"publish","type":"page","link":"https:\/\/institutfrancais.ro\/cluj-napoca\/mediateca\/ateliere\/","title":{"rendered":"Ateliere"},"content":{"rendered":"\n<p>V\u0103 propunem s\u0103pt\u0103m\u00e2nal, ateliere ludice \u0219i interactive<strong>, destinate at\u00e2t copiilor, c\u00e2t \u0219i p\u0103rin\u021bilor.<\/strong><br>Atelierele se desf\u0103\u0219oar\u0103 \u00een spa\u021biul mediatecii destinat copiilor.<\/p>\n\n\n\n<figure class=\"wp-block-image size-large\"><img loading=\"lazy\" decoding=\"async\" width=\"1024\" height=\"9\" src=\"https:\/\/institutfrancais.ro\/cluj-napoca\/wp-content\/uploads\/sites\/3\/2022\/09\/bandeaublanc10px-1024x9.jpg\" alt=\"\" class=\"wp-image-6875\" srcset=\"https:\/\/institutfrancais.ro\/cluj-napoca\/wp-content\/uploads\/sites\/3\/2022\/09\/bandeaublanc10px-1024x9.jpg 1024w, https:\/\/institutfrancais.ro\/cluj-napoca\/wp-content\/uploads\/sites\/3\/2022\/09\/bandeaublanc10px-300x3.jpg 300w, https:\/\/institutfrancais.ro\/cluj-napoca\/wp-content\/uploads\/sites\/3\/2022\/09\/bandeaublanc10px-768x6.jpg 768w, https:\/\/institutfrancais.ro\/cluj-napoca\/wp-content\/uploads\/sites\/3\/2022\/09\/bandeaublanc10px.jpg 1200w\" sizes=\"auto, (max-width: 1024px) 100vw, 1024px\" \/><\/figure>\n\n\n<p class=\"has-background\" style=\"background-color: #ebc7cf;\"><strong>PROGRAMUL LUNII MAI<\/strong><br><strong>Tip top \u2013 miercuri, 6 | 16:30<br>Bonjour b\u00e9b\u00e9 \u2013 vineri, 8 \u0219i 29 | 11:00<br>Contes et jeux \u2013 vineri, 8, 22 \u0219i 29 | 16:30<\/strong><br><br><strong>Gr\u0103dina de m\u00e2ine<\/strong> \u2013 atelier cu <strong>Mich\u00e8le Quentin<\/strong> pentru copii de peste 6 ani \u2013 miercuri, 27 | 17:00<\/p>\n\n\n<figure class=\"wp-block-image size-large\"><img loading=\"lazy\" decoding=\"async\" width=\"1024\" height=\"9\" src=\"https:\/\/institutfrancais.ro\/cluj-napoca\/wp-content\/uploads\/sites\/3\/2022\/09\/bandeaublanc10px-1024x9.jpg\" alt=\"\" class=\"wp-image-6875\" srcset=\"https:\/\/institutfrancais.ro\/cluj-napoca\/wp-content\/uploads\/sites\/3\/2022\/09\/bandeaublanc10px-1024x9.jpg 1024w, https:\/\/institutfrancais.ro\/cluj-napoca\/wp-content\/uploads\/sites\/3\/2022\/09\/bandeaublanc10px-300x3.jpg 300w, https:\/\/institutfrancais.ro\/cluj-napoca\/wp-content\/uploads\/sites\/3\/2022\/09\/bandeaublanc10px-768x6.jpg 768w, https:\/\/institutfrancais.ro\/cluj-napoca\/wp-content\/uploads\/sites\/3\/2022\/09\/bandeaublanc10px.jpg 1200w\" sizes=\"auto, (max-width: 1024px) 100vw, 1024px\" \/><\/figure>\n\n\n\n<figure class=\"wp-block-image size-large\"><img loading=\"lazy\" decoding=\"async\" width=\"1024\" height=\"256\" src=\"https:\/\/institutfrancais.ro\/cluj-napoca\/wp-content\/uploads\/sites\/3\/2025\/09\/mth-at-bb-2025-1024x256.jpg\" alt=\"\" class=\"wp-image-9545\" srcset=\"https:\/\/institutfrancais.ro\/cluj-napoca\/wp-content\/uploads\/sites\/3\/2025\/09\/mth-at-bb-2025-1024x256.jpg 1024w, https:\/\/institutfrancais.ro\/cluj-napoca\/wp-content\/uploads\/sites\/3\/2025\/09\/mth-at-bb-2025-600x150.jpg 600w, https:\/\/institutfrancais.ro\/cluj-napoca\/wp-content\/uploads\/sites\/3\/2025\/09\/mth-at-bb-2025-768x192.jpg 768w, https:\/\/institutfrancais.ro\/cluj-napoca\/wp-content\/uploads\/sites\/3\/2025\/09\/mth-at-bb-2025.jpg 1200w\" sizes=\"auto, (max-width: 1024px) 100vw, 1024px\" \/><\/figure>\n\n\n\n<p><strong>10 luni \u2013 2 ani<\/strong>&nbsp;| \u00cen fiecare vineri | 11:00 | 25 lei | animator:<strong> <strong>Luiza Rus<\/strong><\/strong><\/p>\n\n\n\n<p>Un atelier senzorial, tematic \u0219i interactiv, pentru m\u0103mici \u0219i copii, \u00een care explor\u0103m \u0219i test\u0103m.&nbsp;<br>Ne l\u0103s\u0103m suprin\u0219i de muzicalitatea limbii franceze prin c\u00e2ntece \u0219i jocuri inspirate din filozofia Montessori.&nbsp;<\/p>\n\n\n\n<p>Informa\u021bii \u0219i \u00eenscrieri:&nbsp;<a href=\"mailto:mediatheque.cluj@institutfrancais.ro\">mediatheque.cluj@institutfrancais.ro<\/a>&nbsp;| 0748 117 939<\/p>\n\n\n\n<figure class=\"wp-block-image size-large\"><img loading=\"lazy\" decoding=\"async\" width=\"1024\" height=\"256\" src=\"https:\/\/institutfrancais.ro\/cluj-napoca\/wp-content\/uploads\/sites\/3\/2025\/11\/mth-at-123-2025bis-1024x256.jpg\" alt=\"\" class=\"wp-image-9650\" srcset=\"https:\/\/institutfrancais.ro\/cluj-napoca\/wp-content\/uploads\/sites\/3\/2025\/11\/mth-at-123-2025bis-1024x256.jpg 1024w, https:\/\/institutfrancais.ro\/cluj-napoca\/wp-content\/uploads\/sites\/3\/2025\/11\/mth-at-123-2025bis-600x150.jpg 600w, https:\/\/institutfrancais.ro\/cluj-napoca\/wp-content\/uploads\/sites\/3\/2025\/11\/mth-at-123-2025bis-768x192.jpg 768w, https:\/\/institutfrancais.ro\/cluj-napoca\/wp-content\/uploads\/sites\/3\/2025\/11\/mth-at-123-2025bis.jpg 1200w\" sizes=\"auto, (max-width: 1024px) 100vw, 1024px\" \/><\/figure>\n\n\n\n<p><strong>2-3 ani<\/strong>&nbsp;| \u00cen fiecare luni | 16:45 | 25 lei | animator:<strong> <strong>Luiza Rus<\/strong><\/strong><\/p>\n\n\n\n<p>Un atelier plin de energie pozitiv\u0103, care \u00eembin\u0103 magia micilor pove\u0219ti cu ritmul c\u00e2ntecelelor \u0219i bucuria jocurilor. Preg\u0103ti\u021bi-v\u0103 s\u0103 descoperi\u021bi latura amuzant\u0103 \u0219i energic\u0103 a limbii franceze!&nbsp;<br>Copilul participant va fi \u00eenso\u021bit de un adult.<\/p>\n\n\n\n<p>Informa\u021bii \u0219i \u00eenscrieri:&nbsp;<a href=\"mailto:mediatheque.cluj@institutfrancais.ro\">mediatheque.cluj@institutfrancais.ro<\/a>&nbsp;| 0748 117 939<\/p>\n\n\n\n<figure class=\"wp-block-image size-large\"><img loading=\"lazy\" decoding=\"async\" width=\"1024\" height=\"256\" src=\"https:\/\/institutfrancais.ro\/cluj-napoca\/wp-content\/uploads\/sites\/3\/2025\/09\/mth-at-cej-2025-1024x256.jpg\" alt=\"\" class=\"wp-image-9547\" srcset=\"https:\/\/institutfrancais.ro\/cluj-napoca\/wp-content\/uploads\/sites\/3\/2025\/09\/mth-at-cej-2025-1024x256.jpg 1024w, https:\/\/institutfrancais.ro\/cluj-napoca\/wp-content\/uploads\/sites\/3\/2025\/09\/mth-at-cej-2025-600x150.jpg 600w, https:\/\/institutfrancais.ro\/cluj-napoca\/wp-content\/uploads\/sites\/3\/2025\/09\/mth-at-cej-2025-768x192.jpg 768w, https:\/\/institutfrancais.ro\/cluj-napoca\/wp-content\/uploads\/sites\/3\/2025\/09\/mth-at-cej-2025.jpg 1200w\" sizes=\"auto, (max-width: 1024px) 100vw, 1024px\" \/><\/figure>\n\n\n\n<p><strong>3\u20136 ani <\/strong>| \u00cen fiecare vineri | 16:30 | 25 lei&nbsp;| animator:&nbsp;<strong>Luiza Rus<\/strong><\/p>\n\n\n\n<p>\u00centr-o atmosfer\u0103 ludic\u0103 \u0219i creativ\u0103, copiii descoper\u0103 magia lecturii, pl\u0103cerea de a explora pove\u0219ti captivante \u0219i de a \u00eent\u00e2lni personaje necunoscute.<br>D\u0103m fr\u00e2u imagina\u021biei, suntem inventivi, iar franceza o \u00eenv\u0103\u021b\u0103m pas cu pas prin c\u00e2ntece \u0219i jocuri atractive.<\/p>\n\n\n\n<p>Informa\u021bii \u0219i \u00eenscrieri:&nbsp;<a href=\"mailto:mediatheque.cluj@institutfrancais.ro\">mediatheque.cluj@institutfrancais.ro<\/a>&nbsp;| 0748 117 939<\/p>\n\n\n\n<figure class=\"wp-block-image size-large\"><img loading=\"lazy\" decoding=\"async\" width=\"1024\" height=\"256\" src=\"https:\/\/institutfrancais.ro\/cluj-napoca\/wp-content\/uploads\/sites\/3\/2025\/09\/mth-at-tt-2025-1024x256.jpg\" alt=\"\" class=\"wp-image-9543\" srcset=\"https:\/\/institutfrancais.ro\/cluj-napoca\/wp-content\/uploads\/sites\/3\/2025\/09\/mth-at-tt-2025-1024x256.jpg 1024w, https:\/\/institutfrancais.ro\/cluj-napoca\/wp-content\/uploads\/sites\/3\/2025\/09\/mth-at-tt-2025-600x150.jpg 600w, https:\/\/institutfrancais.ro\/cluj-napoca\/wp-content\/uploads\/sites\/3\/2025\/09\/mth-at-tt-2025-768x192.jpg 768w, https:\/\/institutfrancais.ro\/cluj-napoca\/wp-content\/uploads\/sites\/3\/2025\/09\/mth-at-tt-2025.jpg 1200w\" sizes=\"auto, (max-width: 1024px) 100vw, 1024px\" \/><\/figure>\n\n\n\n<p><strong>6\u20138 ani<\/strong> | \u00cen fiecare joi | 16:30 | Durata: 50 min | 25 lei&nbsp;| animator:<strong>&nbsp;Luiza Rus<\/strong><\/p>\n\n\n\n<p>Un atelier ludic \u0219i interactiv, destinat copiilor care fac primii pa\u0219i la \u0219coal\u0103. \u00cenv\u0103\u021b\u0103m s\u0103 asociem cuvintele, imaginile, literele, \u0219i sunetele pentru a fi Tip Top \u00een francez\u0103!<\/p>\n\n\n\n<p>Informa\u021bii \u0219i \u00eenscrieri:&nbsp;<a href=\"mailto:mediatheque.cluj@institutfrancais.ro\">mediatheque.cluj@institutfrancais.ro<\/a>&nbsp;| 0748 117 939<\/p>\n\n\n\n<figure class=\"wp-block-image size-large\"><img loading=\"lazy\" decoding=\"async\" width=\"1024\" height=\"9\" src=\"https:\/\/institutfrancais.ro\/cluj-napoca\/wp-content\/uploads\/sites\/3\/2022\/09\/bandeaublanc10px-1024x9.jpg\" alt=\"\" class=\"wp-image-6875\" srcset=\"https:\/\/institutfrancais.ro\/cluj-napoca\/wp-content\/uploads\/sites\/3\/2022\/09\/bandeaublanc10px-1024x9.jpg 1024w, https:\/\/institutfrancais.ro\/cluj-napoca\/wp-content\/uploads\/sites\/3\/2022\/09\/bandeaublanc10px-300x3.jpg 300w, https:\/\/institutfrancais.ro\/cluj-napoca\/wp-content\/uploads\/sites\/3\/2022\/09\/bandeaublanc10px-768x6.jpg 768w, https:\/\/institutfrancais.ro\/cluj-napoca\/wp-content\/uploads\/sites\/3\/2022\/09\/bandeaublanc10px.jpg 1200w\" sizes=\"auto, (max-width: 1024px) 100vw, 1024px\" \/><\/figure>\n\n\n\n<hr class=\"wp-block-separator has-alpha-channel-opacity is-style-wide\"\/>\n\n\n\n<figure class=\"wp-block-image size-large\"><img loading=\"lazy\" decoding=\"async\" width=\"1024\" height=\"9\" src=\"https:\/\/institutfrancais.ro\/cluj-napoca\/wp-content\/uploads\/sites\/3\/2022\/09\/bandeaublanc10px-1024x9.jpg\" alt=\"\" class=\"wp-image-6875\" srcset=\"https:\/\/institutfrancais.ro\/cluj-napoca\/wp-content\/uploads\/sites\/3\/2022\/09\/bandeaublanc10px-1024x9.jpg 1024w, https:\/\/institutfrancais.ro\/cluj-napoca\/wp-content\/uploads\/sites\/3\/2022\/09\/bandeaublanc10px-300x3.jpg 300w, https:\/\/institutfrancais.ro\/cluj-napoca\/wp-content\/uploads\/sites\/3\/2022\/09\/bandeaublanc10px-768x6.jpg 768w, https:\/\/institutfrancais.ro\/cluj-napoca\/wp-content\/uploads\/sites\/3\/2022\/09\/bandeaublanc10px.jpg 1200w\" sizes=\"auto, (max-width: 1024px) 100vw, 1024px\" \/><\/figure>\n\n\n\n<figure class=\"wp-block-image size-full\"><img loading=\"lazy\" decoding=\"async\" width=\"1024\" height=\"256\" src=\"https:\/\/institutfrancais.ro\/cluj-napoca\/wp-content\/uploads\/sites\/3\/2024\/02\/mth-sa-sv.jpg\" alt=\"\" class=\"wp-image-7755\" srcset=\"https:\/\/institutfrancais.ro\/cluj-napoca\/wp-content\/uploads\/sites\/3\/2024\/02\/mth-sa-sv.jpg 1024w, https:\/\/institutfrancais.ro\/cluj-napoca\/wp-content\/uploads\/sites\/3\/2024\/02\/mth-sa-sv-300x75.jpg 300w, https:\/\/institutfrancais.ro\/cluj-napoca\/wp-content\/uploads\/sites\/3\/2024\/02\/mth-sa-sv-768x192.jpg 768w\" sizes=\"auto, (max-width: 1024px) 100vw, 1024px\" \/><\/figure>\n\n\n\n<p class=\"has-text-align-center\"><strong>Ateliere ludice \u0219i jocuri interactive pentru copii de gr\u0103dini\u021b\u0103 sau elevi \u00eentre 6\u201318 ani<\/strong><\/p>\n\n\n\n<figure class=\"wp-block-image size-full\"><img loading=\"lazy\" decoding=\"async\" width=\"1024\" height=\"256\" src=\"https:\/\/institutfrancais.ro\/cluj-napoca\/wp-content\/uploads\/sites\/3\/2024\/02\/mth-vc.jpg\" alt=\"\" class=\"wp-image-7757\" srcset=\"https:\/\/institutfrancais.ro\/cluj-napoca\/wp-content\/uploads\/sites\/3\/2024\/02\/mth-vc.jpg 1024w, https:\/\/institutfrancais.ro\/cluj-napoca\/wp-content\/uploads\/sites\/3\/2024\/02\/mth-vc-300x75.jpg 300w, https:\/\/institutfrancais.ro\/cluj-napoca\/wp-content\/uploads\/sites\/3\/2024\/02\/mth-vc-768x192.jpg 768w\" sizes=\"auto, (max-width: 1024px) 100vw, 1024px\" \/><\/figure>\n\n\n\n<p><strong>Contact<\/strong><br><strong>Luiza Rus<\/strong>, responsabila mediatecii<br><a href=\"mailto:mediatheque.cluj@institutfrancais.ro\">mediatheque.cluj@institutfrancais.ro<\/a>&nbsp;| 0748 117 939<\/p>\n\n\n\n<figure class=\"wp-block-image size-large\"><img loading=\"lazy\" decoding=\"async\" width=\"1024\" height=\"9\" src=\"https:\/\/institutfrancais.ro\/cluj-napoca\/wp-content\/uploads\/sites\/3\/2022\/09\/bandeaublanc10px-1024x9.jpg\" alt=\"\" class=\"wp-image-6875\" srcset=\"https:\/\/institutfrancais.ro\/cluj-napoca\/wp-content\/uploads\/sites\/3\/2022\/09\/bandeaublanc10px-1024x9.jpg 1024w, https:\/\/institutfrancais.ro\/cluj-napoca\/wp-content\/uploads\/sites\/3\/2022\/09\/bandeaublanc10px-300x3.jpg 300w, https:\/\/institutfrancais.ro\/cluj-napoca\/wp-content\/uploads\/sites\/3\/2022\/09\/bandeaublanc10px-768x6.jpg 768w, https:\/\/institutfrancais.ro\/cluj-napoca\/wp-content\/uploads\/sites\/3\/2022\/09\/bandeaublanc10px.jpg 1200w\" sizes=\"auto, (max-width: 1024px) 100vw, 1024px\" \/><\/figure>\n\n\n\n<hr class=\"wp-block-separator has-css-opacity is-style-wide\"\/>\n\n\n\n<figure class=\"wp-block-image size-large\"><img loading=\"lazy\" decoding=\"async\" width=\"1024\" height=\"9\" src=\"https:\/\/institutfrancais.ro\/cluj-napoca\/wp-content\/uploads\/sites\/3\/2022\/09\/bandeaublanc10px-1024x9.jpg\" alt=\"\" class=\"wp-image-6875\" srcset=\"https:\/\/institutfrancais.ro\/cluj-napoca\/wp-content\/uploads\/sites\/3\/2022\/09\/bandeaublanc10px-1024x9.jpg 1024w, https:\/\/institutfrancais.ro\/cluj-napoca\/wp-content\/uploads\/sites\/3\/2022\/09\/bandeaublanc10px-300x3.jpg 300w, https:\/\/institutfrancais.ro\/cluj-napoca\/wp-content\/uploads\/sites\/3\/2022\/09\/bandeaublanc10px-768x6.jpg 768w, https:\/\/institutfrancais.ro\/cluj-napoca\/wp-content\/uploads\/sites\/3\/2022\/09\/bandeaublanc10px.jpg 1200w\" sizes=\"auto, (max-width: 1024px) 100vw, 1024px\" \/><\/figure>\n\n\n\n<figure class=\"wp-block-image size-full\"><img loading=\"lazy\" decoding=\"async\" width=\"1024\" height=\"156\" src=\"https:\/\/institutfrancais.ro\/cluj-napoca\/wp-content\/uploads\/sites\/3\/2024\/02\/mth-at-pampam.png\" alt=\"\" class=\"wp-image-7752\" srcset=\"https:\/\/institutfrancais.ro\/cluj-napoca\/wp-content\/uploads\/sites\/3\/2024\/02\/mth-at-pampam.png 1024w, https:\/\/institutfrancais.ro\/cluj-napoca\/wp-content\/uploads\/sites\/3\/2024\/02\/mth-at-pampam-300x46.png 300w, https:\/\/institutfrancais.ro\/cluj-napoca\/wp-content\/uploads\/sites\/3\/2024\/02\/mth-at-pampam-768x117.png 768w\" sizes=\"auto, (max-width: 1024px) 100vw, 1024px\" \/><\/figure>\n\n\n\n<p>Ateliere&nbsp;intergenera\u021bionale&nbsp;care se adreseaz\u0103 copiilor cu v\u00e2rsta \u00eentre 3 \u0219i 14 ani, dar \u0219i p\u0103rin\u021bilor care le pot sta al\u0103turi.&nbsp;<br>Creative \u0219i ludice, altern\u00e2nd&nbsp;pove\u0219tile cu benzile desenate, teatrul de marionete cu activit\u0103\u021bile interactive, atelierele sunt sus\u021binute de c\u0103tre animatori rom\u00e2ni sau francezi, provenind din diferite sfere culturale.&nbsp;&nbsp;<\/p>\n\n\n\n<p>Ateliere lunare&nbsp;| tarif: 30 lei<br>Informa\u021bii:&nbsp;<a href=\"mailto:mediatheque.cluj@institutfrancais.ro\">mediatheque.cluj@institutfrancais.ro<\/a>&nbsp;| 0748 117&nbsp;939<\/p>\n","protected":false},"excerpt":{"rendered":"<p>V\u0103 propunem s\u0103pt\u0103m\u00e2nal, ateliere ludice \u0219i interactive, destinate at\u00e2t copiilor, c\u00e2t \u0219i p\u0103rin\u021bilor.Atelierele se desf\u0103\u0219oar\u0103 \u00een spa\u021biul mediatecii destinat copiilor. PROGRAMUL LUNII MAITip top \u2013 miercuri, 6 | 16:30Bonjour b\u00e9b\u00e9 \u2013 vineri, 8 \u0219i 29 | 11:00Contes et jeux \u2013 vineri, 8, 22 \u0219i 29 | 16:30 Gr\u0103dina de m\u00e2ine \u2013 atelier cu Mich\u00e8le Quentin [&hellip;]<\/p>\n","protected":false},"author":8,"featured_media":0,"parent":320,"menu_order":-1,"comment_status":"closed","ping_status":"closed","template":"","meta":{"footnotes":""},"class_list":["post-4881","page","type-page","status-publish","hentry"],"_links":{"self":[{"href":"https:\/\/institutfrancais.ro\/cluj-napoca\/wp-json\/wp\/v2\/pages\/4881","targetHints":{"allow":["GET"]}}],"collection":[{"href":"https:\/\/institutfrancais.ro\/cluj-napoca\/wp-json\/wp\/v2\/pages"}],"about":[{"href":"https:\/\/institutfrancais.ro\/cluj-napoca\/wp-json\/wp\/v2\/types\/page"}],"author":[{"embeddable":true,"href":"https:\/\/institutfrancais.ro\/cluj-napoca\/wp-json\/wp\/v2\/users\/8"}],"replies":[{"embeddable":true,"href":"https:\/\/institutfrancais.ro\/cluj-napoca\/wp-json\/wp\/v2\/comments?post=4881"}],"version-history":[{"count":58,"href":"https:\/\/institutfrancais.ro\/cluj-napoca\/wp-json\/wp\/v2\/pages\/4881\/revisions"}],"predecessor-version":[{"id":10443,"href":"https:\/\/institutfrancais.ro\/cluj-napoca\/wp-json\/wp\/v2\/pages\/4881\/revisions\/10443"}],"up":[{"embeddable":true,"href":"https:\/\/institutfrancais.ro\/cluj-napoca\/wp-json\/wp\/v2\/pages\/320"}],"wp:attachment":[{"href":"https:\/\/institutfrancais.ro\/cluj-napoca\/wp-json\/wp\/v2\/media?parent=4881"}],"curies":[{"name":"wp","href":"https:\/\/api.w.org\/{rel}","templated":true}]}}