{"id":4886,"date":"2022-10-14T09:56:06","date_gmt":"2022-10-14T07:56:06","guid":{"rendered":"https:\/\/institutfrancais.ro\/cluj-napoca\/?page_id=4886"},"modified":"2024-08-30T13:36:57","modified_gmt":"2024-08-30T11:36:57","slug":"culturetheque","status":"publish","type":"page","link":"https:\/\/institutfrancais.ro\/cluj-napoca\/mediateca\/culturetheque\/","title":{"rendered":"Cultureth\u00e8que"},"content":{"rendered":"\n<p><a href=\"https:\/\/www.culturetheque.com\/fr\" target=\"_blank\" rel=\"noreferrer noopener\"><strong>Cultureth\u00e8que<\/strong><\/a> este mediateca digital\u0103 a Institutului Francez, accesibil\u0103 de la calculatorul dumneavoastr\u0103 sau de pe tablet\u0103 \u0219i telefoane mobile de oriunde din Rom\u00e2nia!\u00a0C\u0103r\u021bi, c\u0103r\u021bi audio, c\u0103r\u021bi pentru copii, benzi desenate, podcast-uri \u0219i manuale pentru autoformare sunt accesibile online.\u00a0Interfa\u021ba platformei este disponibil\u0103 \u00een trei limbi: francez\u0103, englez\u0103 \u0219i spaniol\u0103.<\/p>\n\n\n\n<p>Ca urmare a DGPR, nu mai avem dreptul de a crea conturi personale pentru utilizatori.<\/p>\n\n\n\n<p><strong>Pentru a crea contul de utilizator,&nbsp;<\/strong>conecta\u021bi-v\u0103&nbsp;<a href=\"https:\/\/www.culturetheque.com\/fr\">https:\/\/www.culturetheque.com\/fr<\/a><\/p>\n\n\n\n<ul class=\"wp-block-list\">\n<li>Crea\u021bi un cont<\/li>\n\n\n\n<li>Adresa dumneavoastr\u0103 de e-mail devine numele de utilizator<\/li>\n\n\n\n<li>\u00cenregistra\u021bi o parol\u0103 sigur\u0103<\/li>\n\n\n\n<li>Valida\u021bi \u021bara de re\u0219edin\u021b\u0103 \u2013 Rom\u00e2nia<\/li>\n\n\n\n<li>Alege\u021bi institu\u021bia principal\u0103 (Institutul Francez Cluj-Napoca)<\/li>\n\n\n\n<li>Verifica\u021bi contul de po\u0219t\u0103 electronic\u0103 \u0219i c\u0103uta\u021bi un mesaj provenind de la\u00a0<a href=\"mailto:nepasrepondre@culturetheque.com\">nepasrepondre@culturetheque.com<\/a>\u00a0&#8211;\u00a0<em>Pentru a putea accesa con\u021binutul pentru o perioada de prob\u0103 de 30 de zile, v\u0103 rug\u0103m s\u0103 v\u0103 confirma\u021bi adresa de e-mail f\u0103c\u00e2nd clic pe urm\u0103torul link &#8230;.!<\/em><\/li>\n\n\n\n<li>Alege\u021bi profilul de utilizator (student, profesor etc.) \u0219i\u00a0preferin\u021bele utilizatorului\u00a0(subiecte preferate)<\/li>\n<\/ul>\n\n\n\n<p><a href=\"https:\/\/www.culturetheque.com\/fr\/foire-aux-questions\">https:\/\/www.culturetheque.com\/fr\/foire-aux-questions<\/a><\/p>\n\n\n\n<p>Contul dumneavoastr\u0103 este valabil timp de o lun\u0103 de la data \u00eenregistr\u0103rii.\u00a0Informa\u021bii \u0219i detalii\u00a0pentru a v\u0103 prelungi accesul, \u00een func\u021bie de durata abonamentului:\u00a0<a href=\"mailto:mediath%C3%A8que.cluj@institutfrancais.ro\">mediath\u00e8que.cluj@institutfrancais.ro<\/a><\/p>\n","protected":false},"excerpt":{"rendered":"<p>Cultureth\u00e8que este mediateca digital\u0103 a Institutului Francez, accesibil\u0103 de la calculatorul dumneavoastr\u0103 sau de pe tablet\u0103 \u0219i telefoane mobile de oriunde din Rom\u00e2nia!\u00a0C\u0103r\u021bi, c\u0103r\u021bi audio, c\u0103r\u021bi pentru copii, benzi desenate, podcast-uri \u0219i manuale pentru autoformare sunt accesibile online.\u00a0Interfa\u021ba platformei este disponibil\u0103 \u00een trei limbi: francez\u0103, englez\u0103 \u0219i spaniol\u0103. Ca urmare a DGPR, nu mai avem [&hellip;]<\/p>\n","protected":false},"author":8,"featured_media":0,"parent":320,"menu_order":-1,"comment_status":"closed","ping_status":"closed","template":"","meta":{"footnotes":""},"class_list":["post-4886","page","type-page","status-publish","hentry"],"_links":{"self":[{"href":"https:\/\/institutfrancais.ro\/cluj-napoca\/wp-json\/wp\/v2\/pages\/4886","targetHints":{"allow":["GET"]}}],"collection":[{"href":"https:\/\/institutfrancais.ro\/cluj-napoca\/wp-json\/wp\/v2\/pages"}],"about":[{"href":"https:\/\/institutfrancais.ro\/cluj-napoca\/wp-json\/wp\/v2\/types\/page"}],"author":[{"embeddable":true,"href":"https:\/\/institutfrancais.ro\/cluj-napoca\/wp-json\/wp\/v2\/users\/8"}],"replies":[{"embeddable":true,"href":"https:\/\/institutfrancais.ro\/cluj-napoca\/wp-json\/wp\/v2\/comments?post=4886"}],"version-history":[{"count":3,"href":"https:\/\/institutfrancais.ro\/cluj-napoca\/wp-json\/wp\/v2\/pages\/4886\/revisions"}],"predecessor-version":[{"id":8423,"href":"https:\/\/institutfrancais.ro\/cluj-napoca\/wp-json\/wp\/v2\/pages\/4886\/revisions\/8423"}],"up":[{"embeddable":true,"href":"https:\/\/institutfrancais.ro\/cluj-napoca\/wp-json\/wp\/v2\/pages\/320"}],"wp:attachment":[{"href":"https:\/\/institutfrancais.ro\/cluj-napoca\/wp-json\/wp\/v2\/media?parent=4886"}],"curies":[{"name":"wp","href":"https:\/\/api.w.org\/{rel}","templated":true}]}}