{"id":5595,"date":"2023-01-30T14:40:01","date_gmt":"2023-01-30T12:40:01","guid":{"rendered":"https:\/\/institutfrancais.ro\/cluj-napoca\/?page_id=5595"},"modified":"2025-12-15T12:19:50","modified_gmt":"2025-12-15T10:19:50","slug":"invata-romana","status":"publish","type":"page","link":"https:\/\/institutfrancais.ro\/cluj-napoca\/invata-romana\/","title":{"rendered":"\u00cenva\u021b\u0103 rom\u00e2na!"},"content":{"rendered":"\n<figure class=\"wp-block-image size-large\"><img loading=\"lazy\" decoding=\"async\" width=\"1024\" height=\"384\" src=\"https:\/\/institutfrancais.ro\/cluj-napoca\/wp-content\/uploads\/sites\/3\/2022\/12\/crs-roum-IFB-1024x384.jpg\" alt=\"\" class=\"wp-image-5341\" srcset=\"https:\/\/institutfrancais.ro\/cluj-napoca\/wp-content\/uploads\/sites\/3\/2022\/12\/crs-roum-IFB-1024x384.jpg 1024w, https:\/\/institutfrancais.ro\/cluj-napoca\/wp-content\/uploads\/sites\/3\/2022\/12\/crs-roum-IFB-300x113.jpg 300w, https:\/\/institutfrancais.ro\/cluj-napoca\/wp-content\/uploads\/sites\/3\/2022\/12\/crs-roum-IFB-768x288.jpg 768w, https:\/\/institutfrancais.ro\/cluj-napoca\/wp-content\/uploads\/sites\/3\/2022\/12\/crs-roum-IFB-1536x576.jpg 1536w, https:\/\/institutfrancais.ro\/cluj-napoca\/wp-content\/uploads\/sites\/3\/2022\/12\/crs-roum-IFB.jpg 2048w\" sizes=\"auto, (max-width: 1024px) 100vw, 1024px\" \/><\/figure>\n\n\n\n<p id=\"block-e498fd76-7d83-4d0a-9f2c-d5620451a6a6\">S\u0103 \u00een\u021belegi \u0219i s\u0103 te faci \u00een\u021beles rapid este esen\u0163ial c\u00e2nd te stabile\u015fti \u00eentr-o \u021bar\u0103 str\u0103in\u0103. \u021ainute de formatori nativi, form\u0103rile noastre de rom\u00e2n\u0103 privilegiaz\u0103 practica \u0219i acord\u0103 un loc important \u201climbii rom\u00e2ne de zi cu zi\u201d.<\/p>\n\n\n\n<p id=\"block-acdf963c-e4d4-4ec6-a351-a02bd08207b9\">Institutul Francez v\u0103 propune urmatoarele formule:<\/p>\n\n\n\n<p id=\"block-d46f1bdf-4258-49ef-8d65-ce3ca6cee17a\">\u2013 cursuri individuale<br>\u2013 cursuri \u00een grupe mici<br>\u2013 cursuri \u00een \u00eentreprindere<\/p>\n\n\n\n<p>Ofert\u0103 personalizat\u0103&nbsp;; studen\u021bii beneficiaz\u0103 de o reducere la prezentarea cardului de student valabil.<\/p>\n\n\n\n<p><strong>Contact<br><\/strong><a href=\"mailto:secretariat.cluj@institutfrancais.ro\">secretariat.cluj@institutfrancais.ro<\/a> | 0264 598 551 <\/p>\n\n\n\n<p><\/p>\n","protected":false},"excerpt":{"rendered":"<p>S\u0103 \u00een\u021belegi \u0219i s\u0103 te faci \u00een\u021beles rapid este esen\u0163ial c\u00e2nd te stabile\u015fti \u00eentr-o \u021bar\u0103 str\u0103in\u0103. \u021ainute de formatori nativi, form\u0103rile noastre de rom\u00e2n\u0103 privilegiaz\u0103 practica \u0219i acord\u0103 un loc important \u201climbii rom\u00e2ne de zi cu zi\u201d. Institutul Francez v\u0103 propune urmatoarele formule: \u2013 cursuri individuale\u2013 cursuri \u00een grupe mici\u2013 cursuri \u00een \u00eentreprindere Ofert\u0103 personalizat\u0103&nbsp;; [&hellip;]<\/p>\n","protected":false},"author":8,"featured_media":5341,"parent":0,"menu_order":0,"comment_status":"closed","ping_status":"closed","template":"","meta":{"footnotes":""},"class_list":["post-5595","page","type-page","status-publish","has-post-thumbnail","hentry"],"_links":{"self":[{"href":"https:\/\/institutfrancais.ro\/cluj-napoca\/wp-json\/wp\/v2\/pages\/5595","targetHints":{"allow":["GET"]}}],"collection":[{"href":"https:\/\/institutfrancais.ro\/cluj-napoca\/wp-json\/wp\/v2\/pages"}],"about":[{"href":"https:\/\/institutfrancais.ro\/cluj-napoca\/wp-json\/wp\/v2\/types\/page"}],"author":[{"embeddable":true,"href":"https:\/\/institutfrancais.ro\/cluj-napoca\/wp-json\/wp\/v2\/users\/8"}],"replies":[{"embeddable":true,"href":"https:\/\/institutfrancais.ro\/cluj-napoca\/wp-json\/wp\/v2\/comments?post=5595"}],"version-history":[{"count":31,"href":"https:\/\/institutfrancais.ro\/cluj-napoca\/wp-json\/wp\/v2\/pages\/5595\/revisions"}],"predecessor-version":[{"id":9779,"href":"https:\/\/institutfrancais.ro\/cluj-napoca\/wp-json\/wp\/v2\/pages\/5595\/revisions\/9779"}],"wp:featuredmedia":[{"embeddable":true,"href":"https:\/\/institutfrancais.ro\/cluj-napoca\/wp-json\/wp\/v2\/media\/5341"}],"wp:attachment":[{"href":"https:\/\/institutfrancais.ro\/cluj-napoca\/wp-json\/wp\/v2\/media?parent=5595"}],"curies":[{"name":"wp","href":"https:\/\/api.w.org\/{rel}","templated":true}]}}