{"id":5631,"date":"2023-01-03T15:26:00","date_gmt":"2023-01-03T13:26:00","guid":{"rendered":"https:\/\/institutfrancais.ro\/cluj-napoca\/?page_id=5631"},"modified":"2025-04-30T11:36:23","modified_gmt":"2025-04-30T09:36:23","slug":"franceza-pentru-companii","status":"publish","type":"page","link":"https:\/\/institutfrancais.ro\/cluj-napoca\/franceza-pentru-companii\/","title":{"rendered":"Cursuri pentru companii"},"content":{"rendered":"\n<figure class=\"wp-block-image size-large\"><img loading=\"lazy\" decoding=\"async\" width=\"1024\" height=\"384\" src=\"https:\/\/institutfrancais.ro\/cluj-napoca\/wp-content\/uploads\/sites\/3\/2025\/04\/SITE_2560x900-copy-1024x384.jpg\" alt=\"\" class=\"wp-image-9193\" srcset=\"https:\/\/institutfrancais.ro\/cluj-napoca\/wp-content\/uploads\/sites\/3\/2025\/04\/SITE_2560x900-copy-1024x384.jpg 1024w, https:\/\/institutfrancais.ro\/cluj-napoca\/wp-content\/uploads\/sites\/3\/2025\/04\/SITE_2560x900-copy-600x225.jpg 600w, https:\/\/institutfrancais.ro\/cluj-napoca\/wp-content\/uploads\/sites\/3\/2025\/04\/SITE_2560x900-copy-768x288.jpg 768w, https:\/\/institutfrancais.ro\/cluj-napoca\/wp-content\/uploads\/sites\/3\/2025\/04\/SITE_2560x900-copy-1536x576.jpg 1536w, https:\/\/institutfrancais.ro\/cluj-napoca\/wp-content\/uploads\/sites\/3\/2025\/04\/SITE_2560x900-copy-2048x768.jpg 2048w\" sizes=\"auto, (max-width: 1024px) 100vw, 1024px\" \/><\/figure>\n\n\n\n<h5 class=\"wp-block-heading has-vivid-cyan-blue-color has-text-color\">S\u0102 NE CUNOA\u0218TEM!<\/h5>\n\n\n\n<p>Noi suntem IFC. Enchant\u00e9s !<\/p>\n\n\n\n<ul class=\"wp-block-list\">\n<li>Suntem \u00eenc\u0103 tineri, avem <strong>30 de ani<\/strong>, dar foarte experimenta\u021bi. Suntem <strong>lider de pia\u021b\u0103<\/strong> \u00een domeniul cursurilor de limb\u0103 francez\u0103 \u0219i limb\u0103 rom\u00e2n\u0103 pentru expa\u021bi.<\/li>\n\n\n\n<li>Ne afl\u0103m sub tutela <strong>Ambasadei Fran\u021bei \u00een Rom\u00e2nia<\/strong>, \u0219i ne m\u00e2ndrim cu o echip\u0103 de <strong>traineri profesioni\u0219ti<\/strong>, francezi nativi \u0219i rom\u00e2ni, dinamici, forma\u021bi \u00een universit\u0103\u021bi prestigioase din \u021bar\u0103 sau din str\u0103in\u0103tate.<\/li>\n\n\n\n<li>Ne sim\u021bim onora\u021bi c\u0103 \u00een <strong>portofoliul nostru de companii <\/strong>partenere se num\u0103r\u0103 : Bombardier, Bosch, BRD, Cora, Sykes, Michelin, Tereos, Steelcase, Office Depot, Genpact, Emerson, Energom, Jouve, EXL, \u0219i multe altele.<\/li>\n\n\n\n<li>Dezvolt\u0103m numeroase proiecte, c\u0103ci <strong>ac\u021biunea noastr\u0103 este transversal\u0103<\/strong>, \u00eembin\u00e2nd cu succes <strong>cursurile lingvistice, activit\u0103\u021bile culturale \u0219i oferta multimedia<\/strong> a Mediatecii.<\/li>\n<\/ul>\n\n\n\n<div style=\"height:25px\" aria-hidden=\"true\" class=\"wp-block-spacer\"><\/div>\n\n\n\n<h5 class=\"wp-block-heading has-vivid-cyan-blue-color has-text-color\">CE V\u0102 PROPUNEM ?<\/h5>\n\n\n\n<p>Pachetul de beneficii pentru ADUL\u021aI cuprinde:<\/p>\n\n\n\n<ul class=\"wp-block-list\">\n<li>Ateliere de conversa\u021bie cu vorbitor nativ<br>\u2013 grupe de 5-10 persoane<\/li>\n\n\n\n<li>Cursuri online<br>\u2013 adaptate companiei sau \u00een grupele generale ale IFC<br>\u2013 pentru o ofert\u0103 personalizat\u0103 contacta\u021bi direc\u021bia de cursuri IFC<\/li>\n\n\n\n<li>Cultureth\u00e8que \u2013 100 de abonamente<\/li>\n<\/ul>\n\n\n\n<p>Pachetul de beneficii pentru COPII cuprinde:<br>Ateliere pentru copii de 3-6 \u0219i 7-9 ani<br>\u2013 grupe de 5-10 copii<\/p>\n\n\n\n<h4 class=\"wp-block-heading\">Contact<\/h4>\n\n\n\n<p>Mihaela POPA \u2013 Director de cursuri \u0219i examene<br><a href=\"mailto:mihaela.popa@institutfrancais.ro\">mihaela.popa@institutfrancais.ro<\/a> | 0745 64 03 93<\/p>\n\n\n\n<figure class=\"wp-block-embed is-type-rich is-provider-issuu wp-block-embed-issuu\"><div class=\"wp-block-embed__wrapper\">\n<div data-url=\"https:\/\/issuu.com\/ifbucarest\/docs\/brochure_entreprises_issuu\" style=\"width: 500px; height: 355px;\" class=\"issuuembed\"><\/div><script type=\"text\/javascript\" src=\"\/\/e.issuu.com\/embed.js\" async=\"true\"><\/script>\n<\/div><\/figure>\n","protected":false},"excerpt":{"rendered":"<p>S\u0102 NE CUNOA\u0218TEM! Noi suntem IFC. Enchant\u00e9s ! CE V\u0102 PROPUNEM ? Pachetul de beneficii pentru ADUL\u021aI cuprinde: Pachetul de beneficii pentru COPII cuprinde:Ateliere pentru copii de 3-6 \u0219i 7-9 ani\u2013 grupe de 5-10 copii Contact Mihaela POPA \u2013 Director de cursuri \u0219i examenemihaela.popa@institutfrancais.ro | 0745 64 03 93<\/p>\n","protected":false},"author":8,"featured_media":9215,"parent":0,"menu_order":0,"comment_status":"closed","ping_status":"closed","template":"","meta":{"footnotes":""},"class_list":["post-5631","page","type-page","status-publish","has-post-thumbnail","hentry"],"_links":{"self":[{"href":"https:\/\/institutfrancais.ro\/cluj-napoca\/wp-json\/wp\/v2\/pages\/5631","targetHints":{"allow":["GET"]}}],"collection":[{"href":"https:\/\/institutfrancais.ro\/cluj-napoca\/wp-json\/wp\/v2\/pages"}],"about":[{"href":"https:\/\/institutfrancais.ro\/cluj-napoca\/wp-json\/wp\/v2\/types\/page"}],"author":[{"embeddable":true,"href":"https:\/\/institutfrancais.ro\/cluj-napoca\/wp-json\/wp\/v2\/users\/8"}],"replies":[{"embeddable":true,"href":"https:\/\/institutfrancais.ro\/cluj-napoca\/wp-json\/wp\/v2\/comments?post=5631"}],"version-history":[{"count":4,"href":"https:\/\/institutfrancais.ro\/cluj-napoca\/wp-json\/wp\/v2\/pages\/5631\/revisions"}],"predecessor-version":[{"id":9225,"href":"https:\/\/institutfrancais.ro\/cluj-napoca\/wp-json\/wp\/v2\/pages\/5631\/revisions\/9225"}],"wp:featuredmedia":[{"embeddable":true,"href":"https:\/\/institutfrancais.ro\/cluj-napoca\/wp-json\/wp\/v2\/media\/9215"}],"wp:attachment":[{"href":"https:\/\/institutfrancais.ro\/cluj-napoca\/wp-json\/wp\/v2\/media?parent=5631"}],"curies":[{"name":"wp","href":"https:\/\/api.w.org\/{rel}","templated":true}]}}