{"id":706,"date":"2021-03-02T08:17:19","date_gmt":"2021-03-02T08:17:19","guid":{"rendered":"https:\/\/institutfrancais.ro\/cluj-napoca\/?page_id=706"},"modified":"2026-03-25T12:40:23","modified_gmt":"2026-03-25T10:40:23","slug":"echipa-pedagogica","status":"publish","type":"page","link":"https:\/\/institutfrancais.ro\/cluj-napoca\/echipa-pedagogica\/","title":{"rendered":"Echipa pedagogic\u0103"},"content":{"rendered":"\n<p><strong>Mihaela POPA<\/strong>, director cursuri \u015fi examene (<a rel=\"noreferrer noopener\" href=\"mailto:mihaela.popa@institutfrancais.ro\" target=\"_blank\">email<\/a>)<br><strong>Denisa MARCHI\u0218,<\/strong>&nbsp;asistent\u0103 cursuri \u015fi examene \/ marketing cursuri (<a href=\"mailto:denisa.marchis@institutfrancais.ro\">email<\/a>)<\/p>\n\n\n\n<p><strong>Echipa de profesori de limb\u0103 francez\u0103 \u015fi rom\u00e2n\u0103<\/strong>:<br>Anca BOGDAN<br>Dorin COM\u0218A<br>Manon DENIZOU<br>Alina GOGA<br>Ramona GREAB<br>Simona ILIE\u015e<br>Hilda LOBONCZ<br>Anamaria LUPAN<br>Adriana POP<br>Ioana RUS<br>Cristina VLAD<br>Ioana VOINEA<br>Oana ZUBA\u0218CU<\/p>\n","protected":false},"excerpt":{"rendered":"<p>Mihaela POPA, director cursuri \u015fi examene (email)Denisa MARCHI\u0218,&nbsp;asistent\u0103 cursuri \u015fi examene \/ marketing cursuri (email) Echipa de profesori de limb\u0103 francez\u0103 \u015fi rom\u00e2n\u0103:Anca BOGDANDorin COM\u0218AManon DENIZOUAlina GOGARamona GREABSimona ILIE\u015eHilda LOBONCZAnamaria LUPANAdriana POPIoana RUSCristina VLADIoana VOINEAOana ZUBA\u0218CU<\/p>\n","protected":false},"author":8,"featured_media":1342,"parent":0,"menu_order":0,"comment_status":"closed","ping_status":"closed","template":"","meta":{"footnotes":""},"class_list":["post-706","page","type-page","status-publish","has-post-thumbnail","hentry"],"_links":{"self":[{"href":"https:\/\/institutfrancais.ro\/cluj-napoca\/wp-json\/wp\/v2\/pages\/706","targetHints":{"allow":["GET"]}}],"collection":[{"href":"https:\/\/institutfrancais.ro\/cluj-napoca\/wp-json\/wp\/v2\/pages"}],"about":[{"href":"https:\/\/institutfrancais.ro\/cluj-napoca\/wp-json\/wp\/v2\/types\/page"}],"author":[{"embeddable":true,"href":"https:\/\/institutfrancais.ro\/cluj-napoca\/wp-json\/wp\/v2\/users\/8"}],"replies":[{"embeddable":true,"href":"https:\/\/institutfrancais.ro\/cluj-napoca\/wp-json\/wp\/v2\/comments?post=706"}],"version-history":[{"count":13,"href":"https:\/\/institutfrancais.ro\/cluj-napoca\/wp-json\/wp\/v2\/pages\/706\/revisions"}],"predecessor-version":[{"id":10293,"href":"https:\/\/institutfrancais.ro\/cluj-napoca\/wp-json\/wp\/v2\/pages\/706\/revisions\/10293"}],"wp:featuredmedia":[{"embeddable":true,"href":"https:\/\/institutfrancais.ro\/cluj-napoca\/wp-json\/wp\/v2\/media\/1342"}],"wp:attachment":[{"href":"https:\/\/institutfrancais.ro\/cluj-napoca\/wp-json\/wp\/v2\/media?parent=706"}],"curies":[{"name":"wp","href":"https:\/\/api.w.org\/{rel}","templated":true}]}}