{"id":1010,"date":"2021-07-22T11:29:24","date_gmt":"2021-07-22T11:29:24","guid":{"rendered":"https:\/\/institutfrancais.ro\/?page_id=1010"},"modified":"2022-03-28T11:29:13","modified_gmt":"2022-03-28T11:29:13","slug":"formation","status":"publish","type":"page","link":"https:\/\/institutfrancais.ro\/fr\/formation\/","title":{"rendered":"Formation professionnelle"},"content":{"rendered":"\n<p>Enseignement professionnel<\/p>\n\n\n\n<p>Depuis 2017 et la publication des d\u00e9crets encadrant la mise en place de l\u2019enseignement en alternance (dual) en Roumanie, l\u2019IFR d\u00e9veloppe sa coop\u00e9ration avec les \u00e9tablissements d\u2019enseignement professionnel.\u00a0 Il est aid\u00e9 en cela par la pr\u00e9sence d\u2019un Expert technique international (ETI) plac\u00e9 par la France et Expertise France aupr\u00e8s du ministre de l\u2019\u00e9ducation nationale roumain. Les actions mises en \u0153uvre concernent tous les domaines mais plus particuli\u00e8rement les secteurs de l\u2019agriculture, du tourisme ainsi que les fili\u00e8res industrielles. La coop\u00e9ration dans ces domaines s\u2019exprime au travers de la r\u00e9vision et de l\u2019adaptation des curricula, en particulier sur l\u2019organisation et la gestion des relations entre les formations dans les \u00e9tablissements scolaires et les entreprises. <br><br>Par ailleurs, depuis 2016, l\u2019IFR organise conjointement avec la FIHR (f\u00e9d\u00e9ration de l\u2019industrie de l\u2019h\u00f4tellerie et de la restauration) les Rencontres franco-roumaines du tourisme. Ces derni\u00e8res ont pour objectifs de favoriser les \u00e9changes entre nos deux pays sur les bonnes pratiques en mati\u00e8re de formation professionnelle. <br><br>La 11<sup>e<\/sup> rencontre a eu lieu les 9 et 10 juillet 2021 \u00e0 <strong>Timisoara<\/strong> sur le th\u00e8me\u00a0: \u00ab\u00a0Le tourisme culturel\u00a0: quels m\u00e9tiers, quelles formations\u00a0\u00bb. Outre les organisateurs, ces \u00e9v\u00e9nements mobilisent le minist\u00e8re de l\u2019\u00e9ducation roumain, le Centre national de d\u00e9veloppement de l\u2019enseignement professionnel et technique (CNDIPT), les collectivit\u00e9s locales, les \u00e9tablissements d\u2019enseignement secondaire et sup\u00e9rieur. Chaque action porte sur un th\u00e8me sp\u00e9cifique parmi lesquels\u00a0: \u00ab\u00a0le tourisme viticole et l\u2019am\u00e9nagement du territoire\u00a0\u00bb, \u00able tourisme thermal\u00a0\u00bb, le tourisme baln\u00e9aire\u00a0\u00bb, \u00ab\u00a0le tourisme de montagne\u00a0\u00bb etc.<\/p>\n","protected":false},"excerpt":{"rendered":"<p>Enseignement professionnel Depuis 2017 et la publication des d\u00e9crets encadrant la mise en place de l\u2019enseignement en alternance (dual) en Roumanie, l\u2019IFR d\u00e9veloppe sa coop\u00e9ration avec les \u00e9tablissements d\u2019enseignement professionnel.\u00a0 Il est aid\u00e9 en cela par la pr\u00e9sence d\u2019un Expert technique international (ETI) plac\u00e9 par la France et Expertise France aupr\u00e8s du ministre de l\u2019\u00e9ducation [&hellip;]<\/p>\n","protected":false},"author":1,"featured_media":0,"parent":0,"menu_order":0,"comment_status":"closed","ping_status":"closed","template":"","meta":{"footnotes":""},"class_list":["post-1010","page","type-page","status-publish","hentry"],"_links":{"self":[{"href":"https:\/\/institutfrancais.ro\/fr\/wp-json\/wp\/v2\/pages\/1010","targetHints":{"allow":["GET"]}}],"collection":[{"href":"https:\/\/institutfrancais.ro\/fr\/wp-json\/wp\/v2\/pages"}],"about":[{"href":"https:\/\/institutfrancais.ro\/fr\/wp-json\/wp\/v2\/types\/page"}],"author":[{"embeddable":true,"href":"https:\/\/institutfrancais.ro\/fr\/wp-json\/wp\/v2\/users\/1"}],"replies":[{"embeddable":true,"href":"https:\/\/institutfrancais.ro\/fr\/wp-json\/wp\/v2\/comments?post=1010"}],"version-history":[{"count":4,"href":"https:\/\/institutfrancais.ro\/fr\/wp-json\/wp\/v2\/pages\/1010\/revisions"}],"predecessor-version":[{"id":1643,"href":"https:\/\/institutfrancais.ro\/fr\/wp-json\/wp\/v2\/pages\/1010\/revisions\/1643"}],"wp:attachment":[{"href":"https:\/\/institutfrancais.ro\/fr\/wp-json\/wp\/v2\/media?parent=1010"}],"curies":[{"name":"wp","href":"https:\/\/api.w.org\/{rel}","templated":true}]}}