{"id":1014,"date":"2021-07-22T11:30:10","date_gmt":"2021-07-22T11:30:10","guid":{"rendered":"https:\/\/institutfrancais.ro\/?page_id=1014"},"modified":"2021-07-29T14:21:33","modified_gmt":"2021-07-29T14:21:33","slug":"label-franceducation","status":"publish","type":"page","link":"https:\/\/institutfrancais.ro\/fr\/label-franceducation\/","title":{"rendered":"Label Franc\u00c9ducation"},"content":{"rendered":"\n<p><strong>Lyc\u00e9es bilingues francophones de Roumanie<\/strong><\/p>\n\n\n\n<p>Par un accord sign\u00e9 en 2006 entre la France et la Romanie, les deux pays s\u2019engageaient \u00e0 d\u00e9velopper conjointement les fili\u00e8res bilingues francophones au sein des \u00e9tablissements roumains. Depuis cette date, 23 fili\u00e8res francophones r\u00e9parties sur tout le territoire ont \u00e9t\u00e9 cr\u00e9\u00e9es et, depuis la cr\u00e9ation du Label FrancEducation en 2012 Cr\u00e9\u00e9 en 2012, 18 lyc\u00e9es parmi les plus performants du pays ont rejoint ce r\u00e9seau. Le LabelFranc\u00c9ducation est attribu\u00e9 par le minist\u00e8re fran\u00e7ais de l\u2019Europe et des Affaires \u00e9trang\u00e8res (MEAE) aux fili\u00e8res d\u2019excellence bilingues francophones proposant un enseignement renforc\u00e9 de la langue fran\u00e7aise et d\u2019au moins une discipline non linguistique en fran\u00e7ais, conform\u00e9ment au programme officiel du pays d\u2019accueil. La gestion op\u00e9rationnelle du LabelFranc\u00c9ducation a \u00e9t\u00e9 confi\u00e9e \u00e0 l\u2019Agence pour l\u2019enseignement fran\u00e7ais \u00e0 l\u2019\u00e9tranger (AEFE).<\/p>\n\n\n\n<p>Le <strong>LabelFranc\u00c9ducation<\/strong> vise \u00e0 promouvoir des fili\u00e8res ou des \u00e9tablissements publics et priv\u00e9s d\u2019enseignement \u00e9l\u00e9mentaire et secondaire \u00e9trangers hors de France, dans des fili\u00e8res g\u00e9n\u00e9rales, technologiques ou professionnelles. Il contribue, dans le cadre de leur enseignement national, au rayonnement de l\u2019\u00e9ducation, de la langue et de la culture fran\u00e7aises.<\/p>\n\n\n\n<p>En 2020, ce r\u00e9seau comptait 456 fili\u00e8res bilingues implant\u00e9es dans 60 pays.<\/p>\n","protected":false},"excerpt":{"rendered":"<p>Lyc\u00e9es bilingues francophones de Roumanie Par un accord sign\u00e9 en 2006 entre la France et la Romanie, les deux pays s\u2019engageaient \u00e0 d\u00e9velopper conjointement les fili\u00e8res bilingues francophones au sein des \u00e9tablissements roumains. Depuis cette date, 23 fili\u00e8res francophones r\u00e9parties sur tout le territoire ont \u00e9t\u00e9 cr\u00e9\u00e9es et, depuis la cr\u00e9ation du Label FrancEducation en [&hellip;]<\/p>\n","protected":false},"author":1,"featured_media":0,"parent":0,"menu_order":0,"comment_status":"closed","ping_status":"closed","template":"","meta":{"footnotes":""},"class_list":["post-1014","page","type-page","status-publish","hentry"],"_links":{"self":[{"href":"https:\/\/institutfrancais.ro\/fr\/wp-json\/wp\/v2\/pages\/1014","targetHints":{"allow":["GET"]}}],"collection":[{"href":"https:\/\/institutfrancais.ro\/fr\/wp-json\/wp\/v2\/pages"}],"about":[{"href":"https:\/\/institutfrancais.ro\/fr\/wp-json\/wp\/v2\/types\/page"}],"author":[{"embeddable":true,"href":"https:\/\/institutfrancais.ro\/fr\/wp-json\/wp\/v2\/users\/1"}],"replies":[{"embeddable":true,"href":"https:\/\/institutfrancais.ro\/fr\/wp-json\/wp\/v2\/comments?post=1014"}],"version-history":[{"count":2,"href":"https:\/\/institutfrancais.ro\/fr\/wp-json\/wp\/v2\/pages\/1014\/revisions"}],"predecessor-version":[{"id":1348,"href":"https:\/\/institutfrancais.ro\/fr\/wp-json\/wp\/v2\/pages\/1014\/revisions\/1348"}],"wp:attachment":[{"href":"https:\/\/institutfrancais.ro\/fr\/wp-json\/wp\/v2\/media?parent=1014"}],"curies":[{"name":"wp","href":"https:\/\/api.w.org\/{rel}","templated":true}]}}