{"id":1018,"date":"2021-07-22T11:33:20","date_gmt":"2021-07-22T11:33:20","guid":{"rendered":"https:\/\/institutfrancais.ro\/?page_id=1018"},"modified":"2021-07-29T08:12:32","modified_gmt":"2021-07-29T08:12:32","slug":"filieres-francophones","status":"publish","type":"page","link":"https:\/\/institutfrancais.ro\/fr\/filieres-francophones\/","title":{"rendered":"Fili\u00e8res francophones"},"content":{"rendered":"\n<p>A ce jour il existe 115 fili\u00e8res francophones dans les universit\u00e9s roumaines. Ces fili\u00e8res s\u2019inscrivent dans plusieurs formations universitaires dans les domaines suivants&nbsp;: sciences \u00e9conomiques et de gestion, sciences de l\u2019ing\u00e9nieur, sciences humaines et sociales,&nbsp;droit et sciences politiques, m\u00e9decine et v\u00e9t\u00e9rinaire. Toutes ces fili\u00e8res sont regroup\u00e9es dans le Guide des formations universitaires francophones (nouvelle \u00e9dition est pr\u00e9vue pour l\u2019automne 2021).<\/p>\n\n\n\n<figure class=\"wp-block-image\"><img loading=\"lazy\" decoding=\"async\" width=\"900\" height=\"900\" src=\"https:\/\/institutfrancais.ro\/wp-content\/uploads\/2021\/07\/spreads-1.gif\" alt=\"\" class=\"wp-image-1246\" \/><\/figure>\n","protected":false},"excerpt":{"rendered":"<p>A ce jour il existe 115 fili\u00e8res francophones dans les universit\u00e9s roumaines. Ces fili\u00e8res s\u2019inscrivent dans plusieurs formations universitaires dans les domaines suivants&nbsp;: sciences \u00e9conomiques et de gestion, sciences de l\u2019ing\u00e9nieur, sciences humaines et sociales,&nbsp;droit et sciences politiques, m\u00e9decine et v\u00e9t\u00e9rinaire. Toutes ces fili\u00e8res sont regroup\u00e9es dans le Guide des formations universitaires francophones (nouvelle \u00e9dition [&hellip;]<\/p>\n","protected":false},"author":1,"featured_media":1244,"parent":0,"menu_order":0,"comment_status":"closed","ping_status":"closed","template":"","meta":{"footnotes":""},"class_list":["post-1018","page","type-page","status-publish","has-post-thumbnail","hentry"],"_links":{"self":[{"href":"https:\/\/institutfrancais.ro\/fr\/wp-json\/wp\/v2\/pages\/1018","targetHints":{"allow":["GET"]}}],"collection":[{"href":"https:\/\/institutfrancais.ro\/fr\/wp-json\/wp\/v2\/pages"}],"about":[{"href":"https:\/\/institutfrancais.ro\/fr\/wp-json\/wp\/v2\/types\/page"}],"author":[{"embeddable":true,"href":"https:\/\/institutfrancais.ro\/fr\/wp-json\/wp\/v2\/users\/1"}],"replies":[{"embeddable":true,"href":"https:\/\/institutfrancais.ro\/fr\/wp-json\/wp\/v2\/comments?post=1018"}],"version-history":[{"count":3,"href":"https:\/\/institutfrancais.ro\/fr\/wp-json\/wp\/v2\/pages\/1018\/revisions"}],"predecessor-version":[{"id":1293,"href":"https:\/\/institutfrancais.ro\/fr\/wp-json\/wp\/v2\/pages\/1018\/revisions\/1293"}],"wp:featuredmedia":[{"embeddable":true,"href":"https:\/\/institutfrancais.ro\/fr\/wp-json\/wp\/v2\/media\/1244"}],"wp:attachment":[{"href":"https:\/\/institutfrancais.ro\/fr\/wp-json\/wp\/v2\/media?parent=1018"}],"curies":[{"name":"wp","href":"https:\/\/api.w.org\/{rel}","templated":true}]}}