{"id":1023,"date":"2021-07-22T11:34:45","date_gmt":"2021-07-22T11:34:45","guid":{"rendered":"https:\/\/institutfrancais.ro\/?page_id=1023"},"modified":"2021-07-29T08:07:55","modified_gmt":"2021-07-29T08:07:55","slug":"conferences-en-francais","status":"publish","type":"page","link":"https:\/\/institutfrancais.ro\/fr\/conferences-en-francais\/","title":{"rendered":"Lectorats de fran\u00e7ais"},"content":{"rendered":"\n<p>5 universit\u00e9s roumaines ont des lecteurs fran\u00e7ais au sein de leur \u00e9quipe&nbsp;: Universit\u00e9 Technique de Constructions de Bucarest \u2013 <a href=\"https:\/\/utcb.ro\/\">https:\/\/utcb.ro\/<\/a><\/p>\n\n\n\n<p>Universit\u00e9 Transilvania de Brasov \u2013 <a href=\"https:\/\/www.unitbv.ro\/\">https:\/\/www.unitbv.ro\/<\/a><\/p>\n\n\n\n<p>Universit\u00e9 de Craiova \u2013 <a href=\"https:\/\/www.ucv.ro\/fr\/\">https:\/\/www.ucv.ro\/fr\/<\/a><\/p>\n\n\n\n<p>Universit\u00e9 d\u2019Oradea \u2013 <a href=\"https:\/\/www.uoradea.ro\/Universitatea+din+Oradea\">https:\/\/www.uoradea.ro\/Universitatea+din+Oradea<\/a><\/p>\n\n\n\n<p>Universit\u00e9&nbsp;Alexandru Ioan Cuza de Iasi \u2013 <a href=\"https:\/\/www.uaic.ro\/\">https:\/\/www.uaic.ro\/<\/a><\/p>\n\n\n\n<p>Les pages des lectorats existent \u00e9galement sur Facebook.<\/p>\n","protected":false},"excerpt":{"rendered":"<p>5 universit\u00e9s roumaines ont des lecteurs fran\u00e7ais au sein de leur \u00e9quipe&nbsp;: Universit\u00e9 Technique de Constructions de Bucarest \u2013 https:\/\/utcb.ro\/ Universit\u00e9 Transilvania de Brasov \u2013 https:\/\/www.unitbv.ro\/ Universit\u00e9 de Craiova \u2013 https:\/\/www.ucv.ro\/fr\/ Universit\u00e9 d\u2019Oradea \u2013 https:\/\/www.uoradea.ro\/Universitatea+din+Oradea Universit\u00e9&nbsp;Alexandru Ioan Cuza de Iasi \u2013 https:\/\/www.uaic.ro\/ Les pages des lectorats existent \u00e9galement sur Facebook.<\/p>\n","protected":false},"author":1,"featured_media":0,"parent":0,"menu_order":0,"comment_status":"closed","ping_status":"closed","template":"","meta":{"footnotes":""},"class_list":["post-1023","page","type-page","status-publish","hentry"],"_links":{"self":[{"href":"https:\/\/institutfrancais.ro\/fr\/wp-json\/wp\/v2\/pages\/1023","targetHints":{"allow":["GET"]}}],"collection":[{"href":"https:\/\/institutfrancais.ro\/fr\/wp-json\/wp\/v2\/pages"}],"about":[{"href":"https:\/\/institutfrancais.ro\/fr\/wp-json\/wp\/v2\/types\/page"}],"author":[{"embeddable":true,"href":"https:\/\/institutfrancais.ro\/fr\/wp-json\/wp\/v2\/users\/1"}],"replies":[{"embeddable":true,"href":"https:\/\/institutfrancais.ro\/fr\/wp-json\/wp\/v2\/comments?post=1023"}],"version-history":[{"count":2,"href":"https:\/\/institutfrancais.ro\/fr\/wp-json\/wp\/v2\/pages\/1023\/revisions"}],"predecessor-version":[{"id":1291,"href":"https:\/\/institutfrancais.ro\/fr\/wp-json\/wp\/v2\/pages\/1023\/revisions\/1291"}],"wp:attachment":[{"href":"https:\/\/institutfrancais.ro\/fr\/wp-json\/wp\/v2\/media?parent=1023"}],"curies":[{"name":"wp","href":"https:\/\/api.w.org\/{rel}","templated":true}]}}