{"id":1028,"date":"2021-07-22T11:35:30","date_gmt":"2021-07-22T11:35:30","guid":{"rendered":"https:\/\/institutfrancais.ro\/?page_id=1028"},"modified":"2021-07-29T08:07:11","modified_gmt":"2021-07-29T08:07:11","slug":"programmes-de-double-diplome","status":"publish","type":"page","link":"https:\/\/institutfrancais.ro\/fr\/programmes-de-double-diplome\/","title":{"rendered":"Programmes en double dipl\u00f4me"},"content":{"rendered":"\n<p>En 2021, 11 universit\u00e9s roumaines ont des programmes de double dipl\u00f4mes dans les domaines suivants : sciences humaines et sociales\/sciences politiques, \u00e9conomie et gestion, sciences de l\u2019ing\u00e9nieur, logistique et transport, maintenance\/mat\u00e9riaux, sciences\/technologies\/environnement. La liste des double dipl\u00f4mes figure \u00e9galement dans le Guide des formations universitaires francophones (nouvelle \u00e9dition est pr\u00e9vue pour l\u2019automne 2021).<\/p>\n","protected":false},"excerpt":{"rendered":"<p>En 2021, 11 universit\u00e9s roumaines ont des programmes de double dipl\u00f4mes dans les domaines suivants : sciences humaines et sociales\/sciences politiques, \u00e9conomie et gestion, sciences de l\u2019ing\u00e9nieur, logistique et transport, maintenance\/mat\u00e9riaux, sciences\/technologies\/environnement. La liste des double dipl\u00f4mes figure \u00e9galement dans le Guide des formations universitaires francophones (nouvelle \u00e9dition est pr\u00e9vue pour l\u2019automne 2021).<\/p>\n","protected":false},"author":1,"featured_media":0,"parent":0,"menu_order":0,"comment_status":"closed","ping_status":"closed","template":"","meta":{"footnotes":""},"class_list":["post-1028","page","type-page","status-publish","hentry"],"_links":{"self":[{"href":"https:\/\/institutfrancais.ro\/fr\/wp-json\/wp\/v2\/pages\/1028","targetHints":{"allow":["GET"]}}],"collection":[{"href":"https:\/\/institutfrancais.ro\/fr\/wp-json\/wp\/v2\/pages"}],"about":[{"href":"https:\/\/institutfrancais.ro\/fr\/wp-json\/wp\/v2\/types\/page"}],"author":[{"embeddable":true,"href":"https:\/\/institutfrancais.ro\/fr\/wp-json\/wp\/v2\/users\/1"}],"replies":[{"embeddable":true,"href":"https:\/\/institutfrancais.ro\/fr\/wp-json\/wp\/v2\/comments?post=1028"}],"version-history":[{"count":2,"href":"https:\/\/institutfrancais.ro\/fr\/wp-json\/wp\/v2\/pages\/1028\/revisions"}],"predecessor-version":[{"id":1289,"href":"https:\/\/institutfrancais.ro\/fr\/wp-json\/wp\/v2\/pages\/1028\/revisions\/1289"}],"wp:attachment":[{"href":"https:\/\/institutfrancais.ro\/fr\/wp-json\/wp\/v2\/media?parent=1028"}],"curies":[{"name":"wp","href":"https:\/\/api.w.org\/{rel}","templated":true}]}}