{"id":1058,"date":"2021-07-22T11:41:13","date_gmt":"2021-07-22T11:41:13","guid":{"rendered":"https:\/\/institutfrancais.ro\/?page_id=1058"},"modified":"2021-07-29T08:10:51","modified_gmt":"2021-07-29T08:10:51","slug":"il-etudie-en-roumanie","status":"publish","type":"page","link":"https:\/\/institutfrancais.ro\/fr\/il-etudie-en-roumanie\/","title":{"rendered":"Etudier en Roumanie"},"content":{"rendered":"\n<p>De nombreux \u00e9tudiants fran\u00e7ais souhaitent s\u2019inscrire chaque ann\u00e9e aux universit\u00e9s de m\u00e9decine en Roumanie.<\/p>\n\n\n\n<p>Voici quelques universit\u00e9s&nbsp;:<\/p>\n\n\n\n<p>Universit\u00e9 de m\u00e9decine et pharmacie Iuliu Hatieganu de Cluj-Napoca<br><a href=\"http:\/\/www.umfcluj.ro\/fr\/facmed-fr\">http:\/\/www.umfcluj.ro\/fr\/facmed-fr<\/a><\/p>\n\n\n\n<p>Universit\u00e9 de m\u00e9decine et de pharmacie Grigore T. Popa Iasi<br><a href=\"https:\/\/www.umfiasi.ro\/fr\">https:\/\/www.umfiasi.ro\/fr<\/a><\/p>\n\n\n\n<p>Universit\u00e9 de m\u00e9decine et de pharmacie Victor Babes de Timisoara<br><a href=\"http:\/\/www.umft.org\/\">http:\/\/www.umft.org\/<\/a><\/p>\n\n\n\n<p>Universit\u00e9 de l\u2019Ouest Vasile Goldis d\u2019Arad<br><a href=\"https:\/\/www.uvvg.ro\/\">https:\/\/www.uvvg.ro\/<\/a><\/p>\n\n\n\n<p>Universit\u00e9 de m\u00e9decine et de pharmacie Carol Davila de Bucarest<br><a href=\"https:\/\/umfcd.ro\/en\/\">https:\/\/umfcd.ro\/en\/<\/a><\/p>\n","protected":false},"excerpt":{"rendered":"<p>De nombreux \u00e9tudiants fran\u00e7ais souhaitent s\u2019inscrire chaque ann\u00e9e aux universit\u00e9s de m\u00e9decine en Roumanie. Voici quelques universit\u00e9s&nbsp;: Universit\u00e9 de m\u00e9decine et pharmacie Iuliu Hatieganu de Cluj-Napocahttp:\/\/www.umfcluj.ro\/fr\/facmed-fr Universit\u00e9 de m\u00e9decine et de pharmacie Grigore T. Popa Iasihttps:\/\/www.umfiasi.ro\/fr Universit\u00e9 de m\u00e9decine et de pharmacie Victor Babes de Timisoarahttp:\/\/www.umft.org\/ Universit\u00e9 de l\u2019Ouest Vasile Goldis d\u2019Aradhttps:\/\/www.uvvg.ro\/ Universit\u00e9 de m\u00e9decine [&hellip;]<\/p>\n","protected":false},"author":1,"featured_media":0,"parent":0,"menu_order":0,"comment_status":"closed","ping_status":"closed","template":"","meta":{"footnotes":""},"class_list":["post-1058","page","type-page","status-publish","hentry"],"_links":{"self":[{"href":"https:\/\/institutfrancais.ro\/fr\/wp-json\/wp\/v2\/pages\/1058","targetHints":{"allow":["GET"]}}],"collection":[{"href":"https:\/\/institutfrancais.ro\/fr\/wp-json\/wp\/v2\/pages"}],"about":[{"href":"https:\/\/institutfrancais.ro\/fr\/wp-json\/wp\/v2\/types\/page"}],"author":[{"embeddable":true,"href":"https:\/\/institutfrancais.ro\/fr\/wp-json\/wp\/v2\/users\/1"}],"replies":[{"embeddable":true,"href":"https:\/\/institutfrancais.ro\/fr\/wp-json\/wp\/v2\/comments?post=1058"}],"version-history":[{"count":2,"href":"https:\/\/institutfrancais.ro\/fr\/wp-json\/wp\/v2\/pages\/1058\/revisions"}],"predecessor-version":[{"id":1294,"href":"https:\/\/institutfrancais.ro\/fr\/wp-json\/wp\/v2\/pages\/1058\/revisions\/1294"}],"wp:attachment":[{"href":"https:\/\/institutfrancais.ro\/fr\/wp-json\/wp\/v2\/media?parent=1058"}],"curies":[{"name":"wp","href":"https:\/\/api.w.org\/{rel}","templated":true}]}}