{"id":1063,"date":"2021-07-22T11:43:23","date_gmt":"2021-07-22T11:43:23","guid":{"rendered":"https:\/\/institutfrancais.ro\/?page_id=1063"},"modified":"2021-07-29T14:11:21","modified_gmt":"2021-07-29T14:11:21","slug":"cooperation-scientifique-partenariats","status":"publish","type":"page","link":"https:\/\/institutfrancais.ro\/fr\/cooperation-scientifique-partenariats\/","title":{"rendered":"Coop\u00e9ration scientifique &#8211; Partenariats"},"content":{"rendered":"\n<p>Chaque ann\u00e9e, l\u2019Institut fran\u00e7ais de Roumanie organise de nombreux \u00e9v\u00e9nements afin de<strong> valoriser l\u2019expertise fran\u00e7aise et favoriser les coop\u00e9rations bilat\u00e9rales entre chercheurs issus de toutes les disciplines.<\/strong><\/p>\n\n\n\n<p>Parmi ses missions, l\u2019Institut fran\u00e7ais favorise la <strong>mobilit\u00e9 des chercheurs<\/strong>, la <strong>veille scientifique et technologique<\/strong>, la communication <strong>d\u2019appels d\u2019offre <\/strong>pour des projets de recherche bilat\u00e9raux.<\/p>\n\n\n\n<p>L\u2019Institut fran\u00e7ais de Roumanie soutient par ailleurs activement les <strong>missions arch\u00e9ologiques<\/strong> conduites par des \u00e9quipes franco-roumaines, ainsi les recherches men\u00e9es sur l\u2019histoire du peuplement dans le Delta du Danube (<a href=\"https:\/\/archeologie-danube.hypotheses.org\/category\/la-mission\">https:\/\/archeologie-danube.hypotheses.org\/category\/la-mission<\/a>).<\/p>\n\n\n\n<p>Parmi les actions de l\u2019Institut fran\u00e7ais pour la diffusion de la science au service de tous, nous pouvons notamment citer&nbsp;:<\/p>\n\n\n\n<ul class=\"wp-block-list\"><li><strong>Le concours \u00ab&nbsp;Ma th\u00e8se en 180 secondes&nbsp;\u00bb<\/strong>&nbsp;: comp\u00e9tition annuelle destin\u00e9e aux jeunes docteurs visant \u00e0 d\u00e9montrer leur capacit\u00e9 de synth\u00e9tiser leurs r\u00e9sultats de recherche et d\u2019innovation, par un expos\u00e9 de 3 minutes destin\u00e9 \u00e0 un public de non sp\u00e9cialistes&nbsp;;<\/li><li><a href=\"https:\/\/www.fetedelascience.fr\/\"><strong>La f\u00eate de la science<\/strong>&nbsp;<\/a>: chaque ann\u00e9e un th\u00e8me diff\u00e9rent est abord\u00e9 \u00e0 travers des conf\u00e9rences, des expositions, des concours et des rencontres destin\u00e9es aux adultes et \u00e0 un jeune public&nbsp;;<\/li><li><strong>Novembre num\u00e9rique<\/strong>&nbsp;: une programmation con\u00e7ue pour explorer avec le public par le biais d\u2019ateliers et de conf\u00e9rences les enjeux scientifiques des nouvelles technologies (r\u00e9alit\u00e9 augment\u00e9e, r\u00e9alit\u00e9 virtuelle), de l\u2019intelligence artificielle, de la robotique ou encore par exemple des crypto monnaies&#8230;&nbsp;;<\/li><li>Les d\u00e9bats, rencontres et activit\u00e9s organis\u00e9s dans le cadre du Bucharest Science Festival, auquel l\u2019Institut fran\u00e7ais s\u2019associe chaque ann\u00e9e ;<\/li><li>La Nuit europ\u00e9enne des chercheurs, une action Marie Sk\u0142odowska-Curie de l\u2019Union Europ\u00e9enne, mettant en valeur la diversit\u00e9 des sciences et leur impact sur la vie citoyenne et stimulant l\u2019int\u00e9r\u00eat pour la recherche&nbsp;:<\/li><li>La Journ\u00e9e internationale des femmes et des filles de science&nbsp;;<\/li><li><strong>Les missions d\u2019experts du Coll\u00e8ge de France<\/strong>&nbsp;invit\u00e9s par l\u2019IF pour assurer des cycles de conf\u00e9rences destin\u00e9es \u00e0 diff\u00e9rents publics&nbsp;: les acad\u00e9miciens et universitaires, les \u00e9tudiants et le grand public.<\/li><li><strong>Des ateliers, de nombreuses conf\u00e9rences <\/strong>et des <strong>expositions r\u00e9guli\u00e8res&nbsp;<\/strong>: \u00ab&nbsp;Traduction automatique, la r\u00e9volution de l\u2019IA&nbsp;\u00bb, \u00ab&nbsp;Trous noirs, une \u00e9tranget\u00e9 cosmique \u00bb, \u00ab&nbsp;Pollution&nbsp;: du plastique dans les oc\u00e9ans&nbsp;\u00bb\u2026<\/li><\/ul>\n\n\n\n<p><\/p>\n\n\n\n<p><\/p>\n\n\n\n<p><strong>PARTENAIRES&nbsp;:<\/strong><\/p>\n\n\n\n<ul class=\"wp-block-list\"><li><a href=\"https:\/\/www.enseignementsup-recherche.gouv.fr\/\">Minist\u00e8re de l\u2019enseignement sup\u00e9rieur, de la recherche et de l\u2019innovation (MESRI)<\/a><\/li><li><a href=\"https:\/\/www.edu.ro\/\">Ministerul Educa\u021biei \u0219i Cercet\u0103rii<\/a><strong><\/strong><\/li><li><a href=\"https:\/\/www.universcience.fr\/fr\/accueil\/\">Universcience<\/a><\/li><\/ul>\n\n\n\n<p>N\u00e9 en 2010 du rapprochement de la Cit\u00e9 des sciences et de l&rsquo;industrie et du Palais de la d\u00e9couverte, Universcience a pour ambition de faire conna\u00eetre et aimer les sciences d&rsquo;aujourd&rsquo;hui ainsi que de promouvoir la culture scientifique et technique. Cette offre se d\u00e9cline notamment en expositions con\u00e7ues pour \u00eatre itin\u00e9rantes et participatives.<\/p>\n\n\n\n<ul class=\"wp-block-list\"><li><a href=\"https:\/\/www.college-de-france.fr\">Coll\u00e8ge de France<\/a><\/li><\/ul>\n\n\n\n<p>Dans le cadre d\u2019une convention entre <strong>l\u2019Institut fran\u00e7ais de Roumanie<\/strong> et le prestigieux <strong>Coll\u00e8ge de France<\/strong>, des cycles r\u00e9guliers de conf\u00e9rences sp\u00e9cialis\u00e9es et grand public sont organis\u00e9s. Le Coll\u00e8ge de France est un \u00e9tablissement public d\u2019enseignement sup\u00e9rieur, institution unique en France, sans \u00e9quivalent \u00e0 l\u2019\u00e9tranger. Depuis le XVIe si\u00e8cle, le Coll\u00e8ge de France r\u00e9pond \u00e0 une double vocation&nbsp;: \u00eatre \u00e0 la fois le lieu de la recherche la plus audacieuse et celui de son enseignement. Vou\u00e9 \u00e0 la recherche fondamentale, le Coll\u00e8ge de France poss\u00e8de cette caract\u00e9ristique singuli\u00e8re&nbsp;: il enseigne \u00ab&nbsp;le savoir en train de se constituer dans tous les domaines des lettres, des sciences ou des arts&nbsp;\u00bb, en partenariat avec le CNRS, l\u2019INSERM et plusieurs autres grandes institutions.<\/p>\n\n\n\n<ul class=\"wp-block-list\"><li><a href=\"http:\/\/www.villanoel.ro\/\">Centre R\u00e9gional Francophone de Recherches Avanc\u00e9es en Sciences Sociales (CEREFREA Villa No\u00ebl)<\/a><\/li><\/ul>\n\n\n\n<p><strong>L\u2019\u00c9cole Doctorale Francophone en Sciences Sociales<\/strong> a \u00e9t\u00e9 fond\u00e9e avec l\u2019objectif de contribuer aux renouvellements des sciences sociales de la r\u00e9gion, tant au niveau de l\u2019enseignement qu\u2019\u00e0 celui de la recherche. Depuis 2013, l\u2019\u00c9cole Doctorale est partie prenante du <strong>Centre R\u00e9gional Francophone de Recherches Avanc\u00e9es en Sciences Sociales de l\u2019Universit\u00e9 de Bucarest.<\/strong><\/p>\n\n\n\n<p>Fond\u00e9 en 2012 par l\u2019Universit\u00e9 de Bucarest, le New Europe College de Bucarest, la Nouvelle Universit\u00e9 Bulgare de Sofia et l\u2019Ambassade de France en Roumanie, le Centre R\u00e9gional Francophone de Recherches Avanc\u00e9es en Sciences Sociales a pour vocation de renforcer la visibilit\u00e9 de la communaut\u00e9 scientifique francophone de haut niveau en sciences humaines et sociales, dans la r\u00e9gion de l\u2019Europe du sud-est (ESE), en coop\u00e9ration avec des \u00e9tablissements francophones de recherche et de formation.<\/p>\n\n\n\n<ul class=\"wp-block-list\"><li><a href=\"https:\/\/www.collegejuridique.ro\/\">Coll\u00e8ge juridique franco-roumain d\u2019\u00e9tudes europ\u00e9ennes<\/a><\/li><\/ul>\n\n\n\n<p><strong>L&rsquo;Institut juridique francophone doctoral et postdoctoral du Coll\u00e8ge juridique <\/strong>a \u00e9t\u00e9 cr\u00e9\u00e9 en 2014 pour r\u00e9pondre \u00e0 l&rsquo;augmentation des projets de th\u00e8ses en co-tutelles et\/ou r\u00e9dig\u00e9es en fran\u00e7ais ainsi que des projets postdoctoraux francophones. L\u2019Institut constitue une structure autonome au sein du Coll\u00e8ge, organis\u00e9e conjointement avec l\u2019\u00c9cole doctorale de la Facult\u00e9 de Droit de l&rsquo;Universit\u00e9 de Bucarest.<\/p>\n\n\n\n<p>Fond\u00e9 en 1994, le <strong>Coll\u00e8ge juridique franco-roumain d\u2019\u00e9tudes europ\u00e9ennes<\/strong> est le fruit d\u2019un partenariat scientifique d\u2019excellence entre la facult\u00e9 de droit de l\u2019Universit\u00e9 de Bucarest et un consortium d\u2019universit\u00e9s fran\u00e7aises emmen\u00e9es par Paris I Panth\u00e9on Sorbonne. Lieu de l\u2019\u00e9lite universitaire francophone, il propose des enseignements en droit, avec une sp\u00e9cialit\u00e9 en droit europ\u00e9en des affaires. Il d\u00e9livre les dipl\u00f4mes fran\u00e7ais de licence en droit, ma\u00eetrise en droit international et europ\u00e9en des affaires et master en droit international et europ\u00e9en des affaires de l\u2019Universit\u00e9 Paris I Panth\u00e9on Sorbonne.<\/p>\n","protected":false},"excerpt":{"rendered":"<p>Chaque ann\u00e9e, l\u2019Institut fran\u00e7ais de Roumanie organise de nombreux \u00e9v\u00e9nements afin de valoriser l\u2019expertise fran\u00e7aise et favoriser les coop\u00e9rations bilat\u00e9rales entre chercheurs issus de toutes les disciplines. Parmi ses missions, l\u2019Institut fran\u00e7ais favorise la mobilit\u00e9 des chercheurs, la veille scientifique et technologique, la communication d\u2019appels d\u2019offre pour des projets de recherche bilat\u00e9raux. L\u2019Institut fran\u00e7ais de [&hellip;]<\/p>\n","protected":false},"author":1,"featured_media":0,"parent":0,"menu_order":0,"comment_status":"closed","ping_status":"closed","template":"","meta":{"footnotes":""},"class_list":["post-1063","page","type-page","status-publish","hentry"],"_links":{"self":[{"href":"https:\/\/institutfrancais.ro\/fr\/wp-json\/wp\/v2\/pages\/1063","targetHints":{"allow":["GET"]}}],"collection":[{"href":"https:\/\/institutfrancais.ro\/fr\/wp-json\/wp\/v2\/pages"}],"about":[{"href":"https:\/\/institutfrancais.ro\/fr\/wp-json\/wp\/v2\/types\/page"}],"author":[{"embeddable":true,"href":"https:\/\/institutfrancais.ro\/fr\/wp-json\/wp\/v2\/users\/1"}],"replies":[{"embeddable":true,"href":"https:\/\/institutfrancais.ro\/fr\/wp-json\/wp\/v2\/comments?post=1063"}],"version-history":[{"count":2,"href":"https:\/\/institutfrancais.ro\/fr\/wp-json\/wp\/v2\/pages\/1063\/revisions"}],"predecessor-version":[{"id":1341,"href":"https:\/\/institutfrancais.ro\/fr\/wp-json\/wp\/v2\/pages\/1063\/revisions\/1341"}],"wp:attachment":[{"href":"https:\/\/institutfrancais.ro\/fr\/wp-json\/wp\/v2\/media?parent=1063"}],"curies":[{"name":"wp","href":"https:\/\/api.w.org\/{rel}","templated":true}]}}