{"id":1073,"date":"2021-07-22T11:45:29","date_gmt":"2021-07-22T11:45:29","guid":{"rendered":"https:\/\/institutfrancais.ro\/?page_id=1073"},"modified":"2021-07-29T14:11:21","modified_gmt":"2021-07-29T14:11:21","slug":"cooperation-scientifique-concours-de-projets","status":"publish","type":"page","link":"https:\/\/institutfrancais.ro\/fr\/cooperation-scientifique-concours-de-projets\/","title":{"rendered":"Coop\u00e9ration scientifique &#8211; Concours de projets"},"content":{"rendered":"\n<p>Programmes scientifiques<\/p>\n\n\n\n<ul class=\"wp-block-list\"><li>PHC Br\u00e2ncusi<\/li><\/ul>\n\n\n\n<p>Le <strong>financement de s\u00e9jours de recherche<\/strong> en France permet de consolider la formation scientifique et de p\u00e9renniser les collaborations entre laboratoires de recherche. Ceci donne lieu, tous les deux ans, \u00e0 un appel \u00e0 projets lanc\u00e9 par l\u2019Institut fran\u00e7ais de Roumanie et le Minist\u00e8re de la recherche roumain, qui se traduit par le soutien financier d\u2019une vingtaine de projet dans le cadre du <strong>programme Hubert Curien\u2013Brancu\u015fi<\/strong>. Les bourses du gouvernement fran\u00e7ais pour le niveau doctorat et post-doctorat compl\u00e8tent le dispositif.<\/p>\n\n\n\n<p>Plus d\u2019informations sur&nbsp;: <a href=\"https:\/\/www.campusfrance.org\/fr\/brancusi\">https:\/\/www.campusfrance.org\/fr\/brancusi<\/a><\/p>\n\n\n\n<ul class=\"wp-block-list\"><li>Programme Atlas&nbsp;<\/li><\/ul>\n\n\n\n<p>La <strong>Fondation Maison des sciences de l\u2019homme<\/strong> et ses partenaires offrent des aides \u00e0 la mobilit\u00e9 pour des recherches postdoctorales en sciences humaines et sociales d\u2019une dur\u00e9e de 1 \u00e0 3 mois.<\/p>\n\n\n\n<p>Le <strong>programme de mobilit\u00e9 postdoctorale de courte dur\u00e9e<\/strong> s\u2019adresse \u00e0 des chercheurs postdoc appartenant \u00e0 un centre de recherche bas\u00e9 \u00e0 l\u2019\u00e9tranger et qui souhaitent r\u00e9aliser un s\u00e9jour de recherche en France, ou encore \u00e0 des chercheurs associ\u00e9s \u00e0 une institution de recherche fran\u00e7aise qui souhaitent r\u00e9aliser un s\u00e9jour de recherche \u00e0 l\u2019\u00e9tranger.<\/p>\n\n\n\n<p>Plus d\u2019informations sur&nbsp;: <a href=\"https:\/\/www.fmsh.fr\/fr\/international\/24272\">https:\/\/www.fmsh.fr\/fr\/international\/24272<\/a><\/p>\n","protected":false},"excerpt":{"rendered":"<p>Programmes scientifiques PHC Br\u00e2ncusi Le financement de s\u00e9jours de recherche en France permet de consolider la formation scientifique et de p\u00e9renniser les collaborations entre laboratoires de recherche. Ceci donne lieu, tous les deux ans, \u00e0 un appel \u00e0 projets lanc\u00e9 par l\u2019Institut fran\u00e7ais de Roumanie et le Minist\u00e8re de la recherche roumain, qui se traduit [&hellip;]<\/p>\n","protected":false},"author":1,"featured_media":0,"parent":0,"menu_order":0,"comment_status":"closed","ping_status":"closed","template":"","meta":{"footnotes":""},"class_list":["post-1073","page","type-page","status-publish","hentry"],"_links":{"self":[{"href":"https:\/\/institutfrancais.ro\/fr\/wp-json\/wp\/v2\/pages\/1073","targetHints":{"allow":["GET"]}}],"collection":[{"href":"https:\/\/institutfrancais.ro\/fr\/wp-json\/wp\/v2\/pages"}],"about":[{"href":"https:\/\/institutfrancais.ro\/fr\/wp-json\/wp\/v2\/types\/page"}],"author":[{"embeddable":true,"href":"https:\/\/institutfrancais.ro\/fr\/wp-json\/wp\/v2\/users\/1"}],"replies":[{"embeddable":true,"href":"https:\/\/institutfrancais.ro\/fr\/wp-json\/wp\/v2\/comments?post=1073"}],"version-history":[{"count":2,"href":"https:\/\/institutfrancais.ro\/fr\/wp-json\/wp\/v2\/pages\/1073\/revisions"}],"predecessor-version":[{"id":1340,"href":"https:\/\/institutfrancais.ro\/fr\/wp-json\/wp\/v2\/pages\/1073\/revisions\/1340"}],"wp:attachment":[{"href":"https:\/\/institutfrancais.ro\/fr\/wp-json\/wp\/v2\/media?parent=1073"}],"curies":[{"name":"wp","href":"https:\/\/api.w.org\/{rel}","templated":true}]}}