{"id":1084,"date":"2021-07-22T12:04:30","date_gmt":"2021-07-22T12:04:30","guid":{"rendered":"https:\/\/institutfrancais.ro\/?page_id=1084"},"modified":"2021-07-29T11:38:56","modified_gmt":"2021-07-29T11:38:56","slug":"etudier-en-france","status":"publish","type":"page","link":"https:\/\/institutfrancais.ro\/fr\/etudier-en-france\/","title":{"rendered":"\u00c9tudier en France"},"content":{"rendered":"\n<p><strong>La France est la 2\u00e8me destination Erasmus des \u00e9tudiants roumains et la 4\u00e8me destination pour les mobilit\u00e9s \u00e9tudiantes individuelles<\/strong>. Environ <strong>4 000 \u00e9tudiants roumains<\/strong> choisissent la France comme destination d\u2019\u00e9tude chaque ann\u00e9e.<\/p>\n\n\n\n<p>Depuis 1990, <strong>le programme de Bourses du Gouvernement fran\u00e7ais est le plus important programme de bourses<\/strong> <strong>\u00e9tranger en Roumanie<\/strong> (100 boursiers par an).<\/p>\n\n\n\n<p><strong>En 30 ans, ce sont environ 4 000 Roumains qui ont b\u00e9n\u00e9fici\u00e9 de ce programme d\u2019excellence<\/strong> qui vise \u00e0 apporter une aide financi\u00e8re et logistique aux \u00e9tudiants les plus prometteurs afin d\u2019int\u00e9grer une formation de haut niveau en France.<\/p>\n\n\n\n<p>Campus France, l\u2019agence nationale pour la promotion de l\u2019enseignement sup\u00e9rieur fran\u00e7ais, accompagne les \u00e9tudiants \u00e9trangers dans leurs d\u00e9marches d\u2019ordre administratif et pratique afin de faciliter leur s\u00e9jour en France lors de leurs \u00e9tudes.<\/p>\n\n\n\n<p>L\u2019offre de formations en France est richesse et diversifi\u00e9e : depuis les lyc\u00e9es agricoles et professionnels jusqu\u2019aux Grandes Ecoles, en passant par les IUT ou les classes pr\u00e9paratoires dans les math\u00e9matiques, les sciences dures, l\u2019ing\u00e9nierie, les sciences du climat, l\u2019\u00e9conomie et le business, le droit et les sciences politiques, l\u2019architecture, la gastronomie et la mode, etc.<\/p>\n\n\n\n<p>La France a mis en place une strat\u00e9gie d\u2019attractivit\u00e9 pour l\u2019enseignement sup\u00e9rieur en France qui a pour but de valoriser l\u2019excellence des \u00e9tablissements fran\u00e7ais d\u2019enseignement sup\u00e9rieur et de leurs formations ainsi que la promotion d\u2019une France ouverte, au c\u0153ur de l\u2019Europe et entreprenante, qui attire des talents du monde entier.<\/p>\n\n\n\n<p>L\u2019objectif, fix\u00e9 par le Premier ministre est d\u2019attirer 500 000 \u00e9tudiants \u00e9trangers \u00e0 l\u2019horizon 2027, contre 340 000 aujourd\u2019hui.<\/p>\n","protected":false},"excerpt":{"rendered":"<p>La France est la 2\u00e8me destination Erasmus des \u00e9tudiants roumains et la 4\u00e8me destination pour les mobilit\u00e9s \u00e9tudiantes individuelles. Environ 4 000 \u00e9tudiants roumains choisissent la France comme destination d\u2019\u00e9tude chaque ann\u00e9e. Depuis 1990, le programme de Bourses du Gouvernement fran\u00e7ais est le plus important programme de bourses \u00e9tranger en Roumanie (100 boursiers par an). [&hellip;]<\/p>\n","protected":false},"author":1,"featured_media":0,"parent":0,"menu_order":0,"comment_status":"closed","ping_status":"closed","template":"","meta":{"footnotes":""},"class_list":["post-1084","page","type-page","status-publish","hentry"],"_links":{"self":[{"href":"https:\/\/institutfrancais.ro\/fr\/wp-json\/wp\/v2\/pages\/1084","targetHints":{"allow":["GET"]}}],"collection":[{"href":"https:\/\/institutfrancais.ro\/fr\/wp-json\/wp\/v2\/pages"}],"about":[{"href":"https:\/\/institutfrancais.ro\/fr\/wp-json\/wp\/v2\/types\/page"}],"author":[{"embeddable":true,"href":"https:\/\/institutfrancais.ro\/fr\/wp-json\/wp\/v2\/users\/1"}],"replies":[{"embeddable":true,"href":"https:\/\/institutfrancais.ro\/fr\/wp-json\/wp\/v2\/comments?post=1084"}],"version-history":[{"count":3,"href":"https:\/\/institutfrancais.ro\/fr\/wp-json\/wp\/v2\/pages\/1084\/revisions"}],"predecessor-version":[{"id":1327,"href":"https:\/\/institutfrancais.ro\/fr\/wp-json\/wp\/v2\/pages\/1084\/revisions\/1327"}],"wp:attachment":[{"href":"https:\/\/institutfrancais.ro\/fr\/wp-json\/wp\/v2\/media?parent=1084"}],"curies":[{"name":"wp","href":"https:\/\/api.w.org\/{rel}","templated":true}]}}