{"id":1101,"date":"2021-07-22T12:10:13","date_gmt":"2021-07-22T12:10:13","guid":{"rendered":"https:\/\/institutfrancais.ro\/?page_id=1101"},"modified":"2021-07-29T07:52:00","modified_gmt":"2021-07-29T07:52:00","slug":"apprends-le-francais","status":"publish","type":"page","link":"https:\/\/institutfrancais.ro\/fr\/apprends-le-francais\/","title":{"rendered":"Apprendre le fran\u00e7ais"},"content":{"rendered":"\n<p>\u00cenv\u0103\u021barea limbii franceze este un obiectiv \u00een sine pentru mul\u021bi dintre cei 500 000 de vizitatori anuali ai Institutului Francez din Rom\u00e2nia \u0219i ai Alian\u021belor Franceze. \u00censu\u0219irea acestei limbi frumoase este o aventur\u0103 intim\u0103 pentru care simplul fapt de a trece pragul acestor institute \u00eenseamn\u0103 adesea\u2026<\/p>\n\n\n\n<p><br><strong>\u2026continuitatea unei pove\u0219ti de familie<\/strong><br>Miruna, venind s\u0103-\u0219i \u00eenscrie fiica de 4 ani la cursuri de limba francez\u0103, \u00ee\u0219i aminte\u0219te de primii pa\u0219i \u00een impun\u0103torul atrium al Institutului \u0219i de sentimentul de m\u00e2ndrie \u0219i libertate care o \u00eencerca. Pe l\u00e2ng\u0103 \u00eenv\u0103\u021barea limbii franceze \u0219i bog\u0103\u021bia cultural\u0103 implicit\u0103, dore\u0219te s\u0103-i transmit\u0103 fiicei sale tocmai aceste valori.<\/p>\n\n\n\n<p><br><strong>\u2026\u00eendeplinirea unui obiectiv<\/strong><br>Petre este student la o facultate de inginerie. Dore\u0219te s\u0103 urmeze ultimul an de master \u00een Fran\u021ba, \u00een cadrul universit\u0103\u021bii partenere celei la care este \u00eenscris. Nivelul s\u0103u de limba francez\u0103 trebuie \u00eembun\u0103t\u0103\u021bit. Cine s\u0103-l ajute mai bine dec\u00e2t Institutul Francez \u00een \u00eendeplinirea visului ?<\/p>\n\n\n\n<p><br><strong>\u2026ambi\u021bia de a dezvolta activitatea propriei companii<\/strong><br>Dan conduce o societate care export\u0103 produse \u0219i servicii informatice \u00een Fran\u021ba \u0219i Belgia. Pentru a-\u0219i dezvolta afacerea are nevoie ca angaja\u021bii s\u0103i s\u0103-\u0219i amelioreze competen\u021bele lingvistice. Mul\u021bumit\u0103 experien\u021bei \u0219i expertizei Institutului Francez din Bucure\u0219ti, ace\u0219tia din urm\u0103 au putut beneficia de o formare lingvistic\u0103 eficient\u0103, adaptat\u0103 nevoilor lor profesionale.<\/p>\n\n\n\n<p><br><strong>\u2026sau pur \u0219i simplu nevoia de a comunica \u00een limba francez\u0103<\/strong><br>Ligia \u0219i-a efectuat o parte din studiile superioare \u00een Fran\u021ba. Rareori are ocazia s\u0103 se \u00eentoarc\u0103 acolo \u0219i s\u0103 vorbeasc\u0103 aceast\u0103 limb\u0103 de care \u00eei este deja dor. Simte totodat\u0103 c\u0103 lipsa de exerci\u021biu face ca nivelul s\u0103u de francez\u0103 s\u0103 nu mai fie cel de alt\u0103dat\u0103. De c\u00e2nd a descoperit atelierul de conversa\u021bie de la Institutul Francez din Bucure\u0219ti se bucur\u0103 din nou de discu\u021bii \u00een limba francez\u0103 \u00eempreun\u0103 cu al\u021bi francofoni pasiona\u021bi, la o cafea, abord\u00e2nd teme de actualitate.<\/p>\n\n\n\n<p><br>\u00centreaga echip\u0103 a Institutului Francez din Bucure\u0219ti v\u0103 dore\u0219te s\u0103 v\u0103 bucura\u021bi de aceast\u0103 aventur\u0103!<\/p>\n","protected":false},"excerpt":{"rendered":"<p>\u00cenv\u0103\u021barea limbii franceze este un obiectiv \u00een sine pentru mul\u021bi dintre cei 500 000 de vizitatori anuali ai Institutului Francez din Rom\u00e2nia \u0219i ai Alian\u021belor Franceze. \u00censu\u0219irea acestei limbi frumoase este o aventur\u0103 intim\u0103 pentru care simplul fapt de a trece pragul acestor institute \u00eenseamn\u0103 adesea\u2026 \u2026continuitatea unei pove\u0219ti de familieMiruna, venind s\u0103-\u0219i \u00eenscrie fiica [&hellip;]<\/p>\n","protected":false},"author":1,"featured_media":0,"parent":0,"menu_order":0,"comment_status":"closed","ping_status":"closed","template":"","meta":{"footnotes":""},"class_list":["post-1101","page","type-page","status-publish","hentry"],"_links":{"self":[{"href":"https:\/\/institutfrancais.ro\/fr\/wp-json\/wp\/v2\/pages\/1101","targetHints":{"allow":["GET"]}}],"collection":[{"href":"https:\/\/institutfrancais.ro\/fr\/wp-json\/wp\/v2\/pages"}],"about":[{"href":"https:\/\/institutfrancais.ro\/fr\/wp-json\/wp\/v2\/types\/page"}],"author":[{"embeddable":true,"href":"https:\/\/institutfrancais.ro\/fr\/wp-json\/wp\/v2\/users\/1"}],"replies":[{"embeddable":true,"href":"https:\/\/institutfrancais.ro\/fr\/wp-json\/wp\/v2\/comments?post=1101"}],"version-history":[{"count":2,"href":"https:\/\/institutfrancais.ro\/fr\/wp-json\/wp\/v2\/pages\/1101\/revisions"}],"predecessor-version":[{"id":1286,"href":"https:\/\/institutfrancais.ro\/fr\/wp-json\/wp\/v2\/pages\/1101\/revisions\/1286"}],"wp:attachment":[{"href":"https:\/\/institutfrancais.ro\/fr\/wp-json\/wp\/v2\/media?parent=1101"}],"curies":[{"name":"wp","href":"https:\/\/api.w.org\/{rel}","templated":true}]}}