{"id":1303,"date":"2021-07-29T08:40:45","date_gmt":"2021-07-29T08:40:45","guid":{"rendered":"https:\/\/institutfrancais.ro\/?page_id=1303"},"modified":"2025-12-08T14:01:53","modified_gmt":"2025-12-08T14:01:53","slug":"cours","status":"publish","type":"page","link":"https:\/\/institutfrancais.ro\/fr\/apprends-le-francais\/cours\/","title":{"rendered":"Cours \u00e0 l\u2019Institut"},"content":{"rendered":"\n<p>Aujourd&rsquo;hui, parler la langue fran\u00e7aise c\u2019est pouvoir\u2026<\/p>\n\n\n\n<ul class=\"wp-block-list\">\n<li>valider des \u00e9tudes en Roumanie&nbsp;;<\/li>\n\n\n\n<li>\u00e9tudier et voyager en France et dans les autres pays francophones&nbsp;;<\/li>\n\n\n\n<li>\u00eatre plus comp\u00e9titif sur le march\u00e9 du travail&nbsp;;<\/li>\n\n\n\n<li>collaborer avec une entreprise fran\u00e7aise&nbsp;;<\/li>\n\n\n\n<li>travailler dans la diplomatie, les relations internationales, les banques&nbsp;;<\/li>\n\n\n\n<li>d\u00e9couvrir des cultures de tous les continents&nbsp;;<\/li>\n\n\n\n<li>acc\u00e9der \u00e0 de multiples ressources de la culture francophone&nbsp;;<\/li>\n\n\n\n<li>mieux communiquer avec sa hi\u00e9rarchie et ses coll\u00e8gues natifs fran\u00e7ais&nbsp;;<\/li>\n\n\n\n<li>\u00e9changer avec les nombreux Francophones du monde entier.<\/li>\n<\/ul>\n\n\n\n<p>Parler le fran\u00e7ais dans notre environnement d\u2019aujourd\u2019hui est une comp\u00e9tence \u00e0 acqu\u00e9rir et \u00e0 valoriser&nbsp;!<\/p>\n\n\n\n<figure class=\"wp-block-table is-style-stripes\"><table class=\"has-fixed-layout\"><tbody><tr><td class=\"has-text-align-center\" data-align=\"center\">Des cours pour tous les \u00e2ges et d\u00e8s 4 ans&nbsp;(enfants, adolescents, adultes)<\/td><\/tr><tr><td class=\"has-text-align-center\" data-align=\"center\"><strong>Des rythmes pour tous les projets&nbsp;: apprenez tr\u00e8s rapidement ou tranquillement, c\u2019est au choix<\/strong><\/td><\/tr><tr><td class=\"has-text-align-center\" data-align=\"center\">Des formules en pr\u00e9sence ou en ligne pour tous ceux qui habitent pr\u00e8s et loin de nous<\/td><\/tr><tr><td class=\"has-text-align-center\" data-align=\"center\"><strong>Des professeurs form\u00e9s et exp\u00e9riment\u00e9s dans la p\u00e9dagogie actionnelle mise en \u0153uvre partout en Europe<\/strong><\/td><\/tr><tr><td class=\"has-text-align-center\" data-align=\"center\">Des outils p\u00e9dagogiques innovants et performants cr\u00e9\u00e9s par les meilleurs experts de France<\/td><\/tr><\/tbody><\/table><\/figure>\n\n\n\n<p>L\u2019Institut fran\u00e7ais de Roumanie propose des cours en pr\u00e9sence dans 4 villes&nbsp;:<\/p>\n\n\n\n<p><a href=\"https:\/\/institutfrancais.ro\/bucuresti\/category\/cursuri-si-examene\/#\/\">Bucarest<\/a><br><a href=\"https:\/\/institutfrancais.ro\/cluj-napoca\/category\/cursuri-si-examene\/#\/\">Cluj-Napoca<\/a><br><a href=\"https:\/\/institutfrancais.ro\/iasi\/category\/cursuri-si-examene\/#\/\">Ia\u0219i<\/a><br><a href=\"https:\/\/institutfrancais.ro\/timisoara\/category\/cursuri-si-examene\/#\/\">Timi\u0219oara<\/a><\/p>\n\n\n\n<p>L\u2019Institut fran\u00e7ais de Roumanie propose \u00e9galement des <a href=\"https:\/\/institutfrancais.ro\/fr\/apprends-le-francais-cours-en-ligne\/#\/\">cours en ligne<\/a> pour apprendre le fran\u00e7ais o\u00f9 que vous soyez dans le pays ou dans le monde.<\/p>\n\n\n\n<p><\/p>\n\n\n\n<p><\/p>\n","protected":false},"excerpt":{"rendered":"<p>Aujourd&rsquo;hui, parler la langue fran\u00e7aise c\u2019est pouvoir\u2026 Parler le fran\u00e7ais dans notre environnement d\u2019aujourd\u2019hui est une comp\u00e9tence \u00e0 acqu\u00e9rir et \u00e0 valoriser&nbsp;! Des cours pour tous les \u00e2ges et d\u00e8s 4 ans&nbsp;(enfants, adolescents, adultes) Des rythmes pour tous les projets&nbsp;: apprenez tr\u00e8s rapidement ou tranquillement, c\u2019est au choix Des formules en pr\u00e9sence ou en ligne [&hellip;]<\/p>\n","protected":false},"author":1,"featured_media":0,"parent":1101,"menu_order":0,"comment_status":"closed","ping_status":"closed","template":"","meta":{"footnotes":""},"class_list":["post-1303","page","type-page","status-publish","hentry"],"_links":{"self":[{"href":"https:\/\/institutfrancais.ro\/fr\/wp-json\/wp\/v2\/pages\/1303","targetHints":{"allow":["GET"]}}],"collection":[{"href":"https:\/\/institutfrancais.ro\/fr\/wp-json\/wp\/v2\/pages"}],"about":[{"href":"https:\/\/institutfrancais.ro\/fr\/wp-json\/wp\/v2\/types\/page"}],"author":[{"embeddable":true,"href":"https:\/\/institutfrancais.ro\/fr\/wp-json\/wp\/v2\/users\/1"}],"replies":[{"embeddable":true,"href":"https:\/\/institutfrancais.ro\/fr\/wp-json\/wp\/v2\/comments?post=1303"}],"version-history":[{"count":7,"href":"https:\/\/institutfrancais.ro\/fr\/wp-json\/wp\/v2\/pages\/1303\/revisions"}],"predecessor-version":[{"id":2081,"href":"https:\/\/institutfrancais.ro\/fr\/wp-json\/wp\/v2\/pages\/1303\/revisions\/2081"}],"up":[{"embeddable":true,"href":"https:\/\/institutfrancais.ro\/fr\/wp-json\/wp\/v2\/pages\/1101"}],"wp:attachment":[{"href":"https:\/\/institutfrancais.ro\/fr\/wp-json\/wp\/v2\/media?parent=1303"}],"curies":[{"name":"wp","href":"https:\/\/api.w.org\/{rel}","templated":true}]}}