{"id":1315,"date":"2021-07-29T08:46:15","date_gmt":"2021-07-29T08:46:15","guid":{"rendered":"https:\/\/institutfrancais.ro\/?page_id=1315"},"modified":"2021-09-16T08:36:09","modified_gmt":"2021-09-16T08:36:09","slug":"bourses-cofinancees","status":"publish","type":"page","link":"https:\/\/institutfrancais.ro\/fr\/bourses-du-gouvernement-francais\/bourses-cofinancees\/","title":{"rendered":"Bourses cofinanc\u00e9es"},"content":{"rendered":"\n<p><\/p>\n\n\n\n<p><strong>Bourses Post Doc<\/strong><\/p>\n\n\n\n<p>De nombreuses bourses sont destin\u00e9es aux candidats roumains&nbsp;: les bourses PHC Brancusi (Partenariat Hubert Curien) (diverses th\u00e9matiques), bourses cofinanc\u00e9es FMSH-CEREFREA (sciences humaines et sociales).<\/p>\n\n\n\n<p><strong>Bourses cofinanc\u00e9es<\/strong><\/p>\n\n\n\n<p>Il existe des bourses cofinanc\u00e9es avec l\u2019Ecole Normale Sup\u00e9rieure de Lyon (ENS de Lyon) pour les \u00e9tudiants de Master 2.<\/p>\n\n\n\n<p>Il existe \u00e9galement des bourses cofinanc\u00e9es avec la Fondation Maison des Sciences de l\u2019Homme (FMSH) pour les candidats du niveau Post-Doctorat.<\/p>\n\n\n\n<figure class=\"wp-block-image size-large\"><img loading=\"lazy\" decoding=\"async\" width=\"1024\" height=\"563\" src=\"https:\/\/institutfrancais.ro\/wp-content\/uploads\/2021\/09\/atlas2019_appel_roumanie-1024x563.jpeg\" alt=\"\" class=\"wp-image-1438\" srcset=\"https:\/\/institutfrancais.ro\/wp-content\/uploads\/2021\/09\/atlas2019_appel_roumanie-1024x563.jpeg 1024w, https:\/\/institutfrancais.ro\/wp-content\/uploads\/2021\/09\/atlas2019_appel_roumanie-300x165.jpeg 300w, https:\/\/institutfrancais.ro\/wp-content\/uploads\/2021\/09\/atlas2019_appel_roumanie-768x422.jpeg 768w, https:\/\/institutfrancais.ro\/wp-content\/uploads\/2021\/09\/atlas2019_appel_roumanie-1536x845.jpeg 1536w, https:\/\/institutfrancais.ro\/wp-content\/uploads\/2021\/09\/atlas2019_appel_roumanie-2048x1127.jpeg 2048w\" sizes=\"auto, (max-width: 1024px) 100vw, 1024px\" \/><figcaption>B\u00fccher in einem Antiquariat in Paris, Frankreich<\/figcaption><\/figure>\n\n\n\n<p><strong>Appel \u00e0 candidature \u2013 S\u00e9jour de recherche postdoctoral<\/strong><\/p>\n\n\n\n<p><strong><a rel=\"noreferrer noopener\" href=\"https:\/\/www.fmsh.fr\" target=\"_blank\">La Fondation Maison des sciences de l\u2019homme<\/a> et l\u2019<a rel=\"noreferrer noopener\" href=\"https:\/\/institutfrancais.ro\" target=\"_blank\">Institut fran\u00e7ais de Roumanie<\/a> proposent une aide \u00e0 la mobilit\u00e9 de 2 mois pour un s\u00e9jour en France aux jeunes chercheurs postdoctorants en Roumanie ayant soutenu leur th\u00e8se \u00e0 partir de 2016.<\/strong><\/p>\n\n\n\n<p>Cette aide \u00e0 la mobilit\u00e9 est destin\u00e9e \u00e0 r\u00e9aliser des travaux de recherche en France: enqu\u00eates de terrain, travail en biblioth\u00e8ques et archives.<\/p>\n\n\n\n<p class=\"has-text-align-center\"><strong>CALENDRIER<\/strong><\/p>\n\n\n\n<p class=\"has-text-align-center\"><em>Ouverture de l\u2019appel<\/em> : 15 septembre 2021<br><em>Cl\u00f4ture de l\u2019appel<\/em> : 10 d\u00e9cembre 2021 \u00e0 17h00 (heure de Paris)<br><em>Analyse des candidatures<\/em> : mi-d\u00e9cembre 2021 \u2013 fin janvier 2022<br><em>Annonce des r\u00e9sultats<\/em> : f\u00e9vrier 2022<br><em>Dur\u00e9e des s\u00e9jours de mobilit\u00e9<\/em> : 2 mois<br><em>P\u00e9riode du s\u00e9jour<\/em> : de mars \u00e0 juillet <strong>ou&nbsp;<\/strong>de septembre \u00e0 d\u00e9cembre 2022. <br>Le s\u00e9jour devra d\u00e9marrer au plus tard le 01 octobre 2022.<br><em>Nombre de s\u00e9jour disponibles sur cet appel<\/em> : 2<\/p>\n\n\n\n<p><strong>Inscrivez-vous jusqu\u2019au 10 d\u00e9cembre 2021!<\/strong><br><strong>Pour plus d\u2019informations consultez les documents ci-joints&nbsp;:<\/strong><br><a href=\"https:\/\/institutfrancais.ro\/wp-content\/uploads\/2021\/09\/ATLAS_FMSH_IFR_Appel_2022_fr.pdf\">ATLAS_FMSH_IFR_Appel_2022_fr<\/a><br><a href=\"https:\/\/institutfrancais.ro\/wp-content\/uploads\/2021\/09\/ATLAS_FMSH_IFR_Appel_2022_eng.pdf\">ATLAS_FMSH_IFR_Appel_2022_eng<\/a><\/p>\n\n\n\n<p><strong>Contact :<\/strong><br>\u00c0 la FMSH : Madame B\u00e9n\u00e9dicte RASTIER \u2013 <a href=\"mailto:atlas@msh-paris.fr\">atlas@msh-paris.fr<\/a><br>A l\u2019Institut fran\u00e7ais de Roumanie : Madame Anastasiia SERDIUK CHERGUI \u2013 <a href=\"mailto:anastasiia.serdiuk-chergui@institutfrancais.ro\">anastasiia.serdiuk-chergui@institutfrancais.ro<\/a><\/p>\n","protected":false},"excerpt":{"rendered":"<p>Bourses Post Doc De nombreuses bourses sont destin\u00e9es aux candidats roumains&nbsp;: les bourses PHC Brancusi (Partenariat Hubert Curien) (diverses th\u00e9matiques), bourses cofinanc\u00e9es FMSH-CEREFREA (sciences humaines et sociales). Bourses cofinanc\u00e9es Il existe des bourses cofinanc\u00e9es avec l\u2019Ecole Normale Sup\u00e9rieure de Lyon (ENS de Lyon) pour les \u00e9tudiants de Master 2. Il existe \u00e9galement des bourses cofinanc\u00e9es [&hellip;]<\/p>\n","protected":false},"author":1,"featured_media":0,"parent":934,"menu_order":0,"comment_status":"closed","ping_status":"closed","template":"","meta":{"footnotes":""},"class_list":["post-1315","page","type-page","status-publish","hentry"],"_links":{"self":[{"href":"https:\/\/institutfrancais.ro\/fr\/wp-json\/wp\/v2\/pages\/1315","targetHints":{"allow":["GET"]}}],"collection":[{"href":"https:\/\/institutfrancais.ro\/fr\/wp-json\/wp\/v2\/pages"}],"about":[{"href":"https:\/\/institutfrancais.ro\/fr\/wp-json\/wp\/v2\/types\/page"}],"author":[{"embeddable":true,"href":"https:\/\/institutfrancais.ro\/fr\/wp-json\/wp\/v2\/users\/1"}],"replies":[{"embeddable":true,"href":"https:\/\/institutfrancais.ro\/fr\/wp-json\/wp\/v2\/comments?post=1315"}],"version-history":[{"count":6,"href":"https:\/\/institutfrancais.ro\/fr\/wp-json\/wp\/v2\/pages\/1315\/revisions"}],"predecessor-version":[{"id":1449,"href":"https:\/\/institutfrancais.ro\/fr\/wp-json\/wp\/v2\/pages\/1315\/revisions\/1449"}],"up":[{"embeddable":true,"href":"https:\/\/institutfrancais.ro\/fr\/wp-json\/wp\/v2\/pages\/934"}],"wp:attachment":[{"href":"https:\/\/institutfrancais.ro\/fr\/wp-json\/wp\/v2\/media?parent=1315"}],"curies":[{"name":"wp","href":"https:\/\/api.w.org\/{rel}","templated":true}]}}