{"id":1317,"date":"2021-07-29T08:46:27","date_gmt":"2021-07-29T08:46:27","guid":{"rendered":"https:\/\/institutfrancais.ro\/?page_id=1317"},"modified":"2023-01-10T15:19:54","modified_gmt":"2023-01-10T15:19:54","slug":"post-doctorat","status":"publish","type":"page","link":"https:\/\/institutfrancais.ro\/fr\/bourses-du-gouvernement-francais\/post-doctorat\/","title":{"rendered":"Post Doctorat"},"content":{"rendered":"\n<p><strong>Chaque ann\u00e9e, l\u2019Ambassade de France en Roumanie et l\u2019Institut fran\u00e7ais de Roumanie lancent un appel \u00e0 candidatures \u00e0 destination des jeunes chercheurs et des chercheurs confirm\u00e9s roumains. Cet appel est ouvert aux candidats de niveau Post-Doctorat jusqu\u2019au 3 mars 2023.<\/strong><\/p>\n\n\n<figure class=\"wp-block-post-featured-image\"><img loading=\"lazy\" decoding=\"async\" width=\"820\" height=\"360\" src=\"https:\/\/institutfrancais.ro\/wp-content\/uploads\/2025\/12\/Declinari-vizual-burse-Cover-Facebook-820x360-3.jpg\" class=\"attachment-post-thumbnail size-post-thumbnail wp-post-image\" alt=\"\" style=\"object-fit:cover;\" srcset=\"https:\/\/institutfrancais.ro\/wp-content\/uploads\/2025\/12\/Declinari-vizual-burse-Cover-Facebook-820x360-3.jpg 820w, https:\/\/institutfrancais.ro\/wp-content\/uploads\/2025\/12\/Declinari-vizual-burse-Cover-Facebook-820x360-3-300x132.jpg 300w, https:\/\/institutfrancais.ro\/wp-content\/uploads\/2025\/12\/Declinari-vizual-burse-Cover-Facebook-820x360-3-768x337.jpg 768w\" sizes=\"auto, (max-width: 820px) 100vw, 820px\" \/><\/figure>\n\n\n<h2 class=\"wp-block-heading\"><strong>Avantages de la bourse du Gouvernement fran\u00e7ais de niveau Post-Doctorat&nbsp;:<\/strong><\/h2>\n\n\n\n<p>\u2714\ufe0fUne allocation mensuelle de 1 704 \u20ac&nbsp;\/ mois pour les jeunes chercheurs (moins de 5 ans depuis l\u2019obtention du Doctorat) et 2055\u20ac \/ mois pour les chercheurs confirm\u00e9s (\u00e0 partir de 5 ans depuis l\u2019obtention du Doctorat) pendant 2 mois maximum.<\/p>\n\n\n\n<p>\u2714\ufe0fLa prise en charge de la couverture sociale et de la responsabilit\u00e9 civile&nbsp;<\/p>\n\n\n\n<p>\u2714\ufe0fLa possibilit\u00e9 d\u2019un acc\u00e8s au logement en r\u00e9sidence universitaire, sous r\u00e9serve des places disponibles&nbsp;<\/p>\n\n\n\n<p>\u2714\ufe0fUn accueil et suivi durant le s\u00e9jour d\u2019\u00e9tudes par Campus France<\/p>\n\n\n\n<h2 class=\"wp-block-heading\"><strong>Conditions d\u2019\u00e9ligibilit\u00e9&nbsp;:<\/strong><\/h2>\n\n\n\n<p>\u2714\ufe0fAvoir la nationalit\u00e9 roumaine (la bourse n\u2019est pas ouverte aux candidats ayant la double nationalit\u00e9 fran\u00e7aise)&nbsp;<\/p>\n\n\n\n<p>\u2714\ufe0fAvoir valid\u00e9 un Doctorat en Roumanie&nbsp;<\/p>\n\n\n\n<p><strong>NB&nbsp;: Cet appel est ouvert \u00e0 tous les domaines de recherche.<\/strong><\/p>\n\n\n\n<h2 class=\"wp-block-heading\"><strong>Comment postuler&nbsp;?<\/strong><\/h2>\n\n\n\n<p>Chaque candidat doit constituer un dossier contenant les pi\u00e8ces suivantes&nbsp;:&nbsp;<\/p>\n\n\n\n<p>\u2714\ufe0fLe formulaire de candidature d\u00fbment rempli et sign\u00e9, que vous pouvez t\u00e9l\u00e9charger ci-dessous&nbsp;:<a href=\"https:\/\/institutfrancais.ro\/bucuresti\/wp-content\/uploads\/sites\/2\/2023\/01\/Formulaire_candidature_PostDoctorat_2023.doc\">Formulaire_candidature_PostDoctorat_2023<\/a><\/p>\n\n\n\n<p>\u2714\ufe0fUn projet de recherche (1 \u00e0 3 pages)&nbsp;<\/p>\n\n\n\n<p>\u2714\ufe0fUne copie d\u2019une pi\u00e8ce d\u2019identit\u00e9 (passeport ou carte d\u2019identit\u00e9)&nbsp;<\/p>\n\n\n\n<p>\u2714\ufe0fUne lettre de motivation en fran\u00e7ais (pr\u00e9sentation du sujet de la recherche et de la pertinence d\u2019une mobilit\u00e9 en France)&nbsp;<\/p>\n\n\n\n<p>\u2714\ufe0fUn curriculum vitae en fran\u00e7ais&nbsp;<\/p>\n\n\n\n<p>\u2714\ufe0fUne copie du dipl\u00f4me du Doctorat&nbsp;<\/p>\n\n\n\n<p>\u2714\ufe0fUne lettre d\u2019accueil de la structure de recherche en France&nbsp;<\/p>\n\n\n\n<p>\u2714\ufe0fLe programme pr\u00e9visionnel des mobilit\u00e9s \u00e0 partir du 1er septembre 2023 &nbsp;<\/p>\n\n\n\n<p>NB&nbsp;: Sans \u00eatre obligatoire, un certificat linguistique en fran\u00e7ais niveau B1 ou sup\u00e9rieur (DELF ou TCF) constituera un avantage. Le niveau de fran\u00e7ais des candidats pr\u00e9s\u00e9lectionn\u00e9s sera \u00e9valu\u00e9 et pris en compte lors des entretiens pour la s\u00e9lection finale.<\/p>\n\n\n\n<p><strong>Le d\u00e9p\u00f4t des dossiers devra se faire par courriel \u00e0 l\u2019adresse&nbsp;:&nbsp;<\/strong>&nbsp;<strong>bourses.bucarest-amba@diplomatie.gouv.fr<\/strong><\/p>\n\n\n\n<p><strong>Avant de remplir votre dossier de candidature, merci de lire attentivement le guide pratique ainsi que la note explicative, que vous pouvez consulter ci-dessous\u00a0:<\/strong><\/p>\n\n\n\n<div data-wp-interactive=\"core\/file\" class=\"wp-block-file\"><object data-wp-bind--hidden=\"!state.hasPdfPreview\" hidden class=\"wp-block-file__embed\" data=\"https:\/\/institutfrancais.ro\/wp-content\/uploads\/2023\/01\/Note-explicative-du-programme-BGF-2023-pdf.pdf\" type=\"application\/pdf\" style=\"width:100%;height:200px\" aria-label=\"Contenu embarqu\u00e9 \u00cenglobare pentru Note-explicative-du-programme-BGF-2023-pdf..\"><\/object><a id=\"wp-block-file--media-898137b1-cdb1-44ef-904f-25fd6f23ad01\" href=\"https:\/\/institutfrancais.ro\/wp-content\/uploads\/2023\/01\/Note-explicative-du-programme-BGF-2023-pdf.pdf\">Note-explicative-du-programme-BGF-2023-pdf<\/a><a href=\"https:\/\/institutfrancais.ro\/wp-content\/uploads\/2023\/01\/Note-explicative-du-programme-BGF-2023-pdf.pdf\" class=\"wp-block-file__button\" download aria-describedby=\"wp-block-file--media-898137b1-cdb1-44ef-904f-25fd6f23ad01\">Descarc\u0103<\/a><\/div>\n\n\n\n<div data-wp-interactive=\"core\/file\" class=\"wp-block-file\"><object data-wp-bind--hidden=\"!state.hasPdfPreview\" hidden class=\"wp-block-file__embed\" data=\"https:\/\/institutfrancais.ro\/wp-content\/uploads\/2023\/01\/Guide-pratique-FAQ-2023-pdf.pdf\" type=\"application\/pdf\" style=\"width:100%;height:200px\" aria-label=\"Contenu embarqu\u00e9 \u00cenglobare pentru Guide-pratique-FAQ-2023-pdf..\"><\/object><a id=\"wp-block-file--media-6a5ac7be-ae10-46d0-b015-0240bddf32c0\" href=\"https:\/\/institutfrancais.ro\/wp-content\/uploads\/2023\/01\/Guide-pratique-FAQ-2023-pdf.pdf\">Guide-pratique-FAQ-2023-pdf<\/a><a href=\"https:\/\/institutfrancais.ro\/wp-content\/uploads\/2023\/01\/Guide-pratique-FAQ-2023-pdf.pdf\" class=\"wp-block-file__button\" download aria-describedby=\"wp-block-file--media-6a5ac7be-ae10-46d0-b015-0240bddf32c0\">Descarc\u0103<\/a><\/div>\n","protected":false},"excerpt":{"rendered":"<p>Chaque ann\u00e9e, l\u2019Ambassade de France en Roumanie et l\u2019Institut fran\u00e7ais de Roumanie lancent un appel \u00e0 candidatures \u00e0 destination des jeunes chercheurs et des chercheurs confirm\u00e9s roumains. Cet appel est ouvert aux candidats de niveau Post-Doctorat jusqu\u2019au 3 mars 2023. Avantages de la bourse du Gouvernement fran\u00e7ais de niveau Post-Doctorat&nbsp;: \u2714\ufe0fUne allocation mensuelle de 1 [&hellip;]<\/p>\n","protected":false},"author":1,"featured_media":2107,"parent":934,"menu_order":0,"comment_status":"closed","ping_status":"closed","template":"","meta":{"footnotes":""},"class_list":["post-1317","page","type-page","status-publish","has-post-thumbnail","hentry"],"_links":{"self":[{"href":"https:\/\/institutfrancais.ro\/fr\/wp-json\/wp\/v2\/pages\/1317","targetHints":{"allow":["GET"]}}],"collection":[{"href":"https:\/\/institutfrancais.ro\/fr\/wp-json\/wp\/v2\/pages"}],"about":[{"href":"https:\/\/institutfrancais.ro\/fr\/wp-json\/wp\/v2\/types\/page"}],"author":[{"embeddable":true,"href":"https:\/\/institutfrancais.ro\/fr\/wp-json\/wp\/v2\/users\/1"}],"replies":[{"embeddable":true,"href":"https:\/\/institutfrancais.ro\/fr\/wp-json\/wp\/v2\/comments?post=1317"}],"version-history":[{"count":6,"href":"https:\/\/institutfrancais.ro\/fr\/wp-json\/wp\/v2\/pages\/1317\/revisions"}],"predecessor-version":[{"id":1758,"href":"https:\/\/institutfrancais.ro\/fr\/wp-json\/wp\/v2\/pages\/1317\/revisions\/1758"}],"up":[{"embeddable":true,"href":"https:\/\/institutfrancais.ro\/fr\/wp-json\/wp\/v2\/pages\/934"}],"wp:featuredmedia":[{"embeddable":true,"href":"https:\/\/institutfrancais.ro\/fr\/wp-json\/wp\/v2\/media\/2107"}],"wp:attachment":[{"href":"https:\/\/institutfrancais.ro\/fr\/wp-json\/wp\/v2\/media?parent=1317"}],"curies":[{"name":"wp","href":"https:\/\/api.w.org\/{rel}","templated":true}]}}