{"id":1573,"date":"2022-02-23T09:17:28","date_gmt":"2022-02-23T09:17:28","guid":{"rendered":"https:\/\/institutfrancais.ro\/clubul-prietenii-ifro\/"},"modified":"2022-04-13T06:44:42","modified_gmt":"2022-04-13T06:44:42","slug":"clubul-prietenii-ifro","status":"publish","type":"page","link":"https:\/\/institutfrancais.ro\/fr\/clubul-prietenii-ifro\/","title":{"rendered":"Club \u00ab Les Amis de l\u2019IFRo \u00bb"},"content":{"rendered":"\n<p><\/p>\n\n\n\n<figure class=\"wp-block-image size-large\"><img loading=\"lazy\" decoding=\"async\" width=\"1024\" height=\"384\" src=\"https:\/\/institutfrancais.ro\/wp-content\/uploads\/2022\/02\/flyer1-1024x384.png\" alt=\"\" class=\"wp-image-1585\" srcset=\"https:\/\/institutfrancais.ro\/wp-content\/uploads\/2022\/02\/flyer1-1024x384.png 1024w, https:\/\/institutfrancais.ro\/wp-content\/uploads\/2022\/02\/flyer1-300x113.png 300w, https:\/\/institutfrancais.ro\/wp-content\/uploads\/2022\/02\/flyer1-768x288.png 768w, https:\/\/institutfrancais.ro\/wp-content\/uploads\/2022\/02\/flyer1-1536x576.png 1536w, https:\/\/institutfrancais.ro\/wp-content\/uploads\/2022\/02\/flyer1-2048x768.png 2048w\" sizes=\"auto, (max-width: 1024px) 100vw, 1024px\" \/><\/figure>\n\n\n\n<p><mark class=\"has-inline-color has-vivid-cyan-blue-color\"><strong><strong>Les Amis de l\u2019IFRo<\/strong>\u00a0<\/strong>\u00a0<\/mark><br>Un club nouveau avec pour ambition de renforcer les liens entre des communaut\u00e9s venues d\u2019horizons diff\u00e9rents et d\u2019\u00eatre un espace de rencontre ouvert et r\u00e9solument tourn\u00e9 vers la cr\u00e9ation et la mise en \u0153uvre de nouveaux projets innovants.<\/p>\n\n\n\n<p class=\"has-text-align-left\"><mark class=\"has-inline-color has-vivid-cyan-blue-color\"><strong>Notre mission <\/strong><\/mark><br>Faire se rencontrer et grandir ensemble des communaut\u00e9s diverses et compl\u00e9mentaires au service de la qualit\u00e9 de la relation entre la France et la Roumanie.\u00a0<\/p>\n\n\n\n<p><em>L\u2019IFRo est depuis pr\u00e8s de 100 ans au c\u0153ur des \u00e9changes intellectuels et artistiques, mais aussi de l\u2019innovation culturelle, \u00e9ducative et sociale entre la France et la Roumanie. Il agit en faveur d\u2019une francophonie vivante et cr\u00e9ative, et promeut les partenariats avec la jeunesse, la soci\u00e9t\u00e9 civile, les institutions publiques et les entreprises.<\/em> &nbsp;&nbsp;<br>Julien Chiappone-Lucchesi<br>Directeur de l\u2019Institut fran\u00e7ais de Roumanie<br><br><\/p>\n\n\n\n<p><strong><span class=\"has-inline-color has-vivid-cyan-blue-color\">&nbsp;<\/span><\/strong><span class=\"has-inline-color has-vivid-cyan-blue-color\"><strong>\u00ab&nbsp;Les Amis de l\u2019IFRo&nbsp;\u00bb&nbsp;en quelques mots ?<\/strong><\/span><\/p>\n\n\n\n<ul class=\"wp-block-list\"><li>Un <strong>G\u00c9N\u00c9RATEUR<\/strong> de projets et d\u2019initiatives<\/li><li>Une <strong>PLATEFORME <\/strong>d\u2019\u00e9changes et d\u2019expertise<\/li><li>Un <strong>ACC\u00c9L\u00c9RATEUR<\/strong> d\u2019id\u00e9es<\/li><li>Un <strong>INCUBATEUR<\/strong> d\u2019engagement collectif<\/li><\/ul>\n\n\n\n<p><br><span class=\"has-inline-color has-vivid-cyan-blue-color\"><strong>Cat\u00e9gories de membres&nbsp;:<\/strong><\/span><br>       \u00bb <strong>actifs<\/strong>&nbsp;&#8211; des facilitateurs, des acteurs investis qui cr\u00e9ent des passerelles mobilisant du temps et des r\u00e9seaux<\/p>\n\n\n\n<p>       \u00bb <strong>bienfaiteurs<\/strong>&nbsp;&#8211; des particuliers qui m\u00e9c\u00e8nent nos actions et renforcent les capacit\u00e9s structurelles de l\u2019IFRo et contribuent \u00e0 la mise en \u0153uvre de grands projets<em>&nbsp;<\/em><\/p>\n\n\n\n<p>       \u00bb <strong>entreprises<\/strong>&nbsp;&#8211;&nbsp;des sponsors, actuels ou \u00e0 venir, qui co-construisent des projets communs et renforcent nos leviers d\u2019action<\/p>\n\n\n\n<p>       \u00bb <strong>jeunes<\/strong>&nbsp;&#8211; de moins de 30 ans qui souhaitent \u00e9largir leurs horizons, s\u2019impliquer, s\u2019engager dans la soci\u00e9t\u00e9<\/p>\n\n\n\n<p>      \u00bb <strong>d\u2019honneur<\/strong> &#8211; de grandes personnalit\u00e9s qui, par leur engagement et leur rayonnement, ont marqu\u00e9 l\u2019histoire r\u00e9cente de la relation franco-roumaine.<\/p>\n\n\n\n<p>       Enfin, <strong>les membres \u00ab&nbsp;ambassadeurs&nbsp;\u00bb<\/strong> sont celles et ceux qui d\u00e9cident &#8211; pour une ann\u00e9e renouvelable &#8211; de s\u2019engager plus fortement avec nous. Ils se r\u00e9unissent quatre fois par an afin de contribuer \u00e0 la r\u00e9flexion autour de nos actions et lancer des initiatives et des nouveaux partenariats.&nbsp;&nbsp;<br><\/p>\n\n\n\n<p><mark class=\"has-inline-color has-vivid-cyan-blue-color\"><strong>Pourquoi\u00a0devenir membre ?<\/strong><\/mark><br>Faire partie des \u00ab\u00a0Amis de l\u2019IFRo\u00a0\u00bb, c\u2019est <strong>faire communaut\u00e9<\/strong> autrement et s\u2019engager pour impacter positivement la relation franco-roumaine. <br>C\u2019est <strong>\u00e9changer<\/strong> autour de la culture et de l\u2019amour commun des arts, de la cr\u00e9ativit\u00e9 et de la pens\u00e9e, qui a forg\u00e9 par le pass\u00e9 la force de la relation franco-roumaine et qui garantit son avenir. <br>C\u2019est aussi se retrouver r\u00e9guli\u00e8rement lors d\u2019\u00e9v\u00e9nements prestigieux. <br>C\u2019est enfin la possibilit\u00e9 de <strong>financer <\/strong>des grands projets qui enrichissent et affermissent au quotidien le socle de l\u2019amiti\u00e9 franco-roumaine en Europe.<\/p>\n\n\n\n<p>Devenez membre. <strong>Gr\u00e2ce \u00e0 votre soutien et \u00e0 vous ressources nous pouvons faire plus ensemble&nbsp;!<\/strong><\/p>\n\n\n\n<p>Contactez-nous:<br><strong><a href=\"mailto:amis@institutfrancais.ro\" target=\"_blank\" rel=\"noreferrer noopener\">amis@institutfrancais.ro<\/a><\/strong><br>t\u00e9l.&nbsp;: 0746 218 161<\/p>\n","protected":false},"excerpt":{"rendered":"<p>Les Amis de l\u2019IFRo\u00a0\u00a0Un club nouveau avec pour ambition de renforcer les liens entre des communaut\u00e9s venues d\u2019horizons diff\u00e9rents et d\u2019\u00eatre un espace de rencontre ouvert et r\u00e9solument tourn\u00e9 vers la cr\u00e9ation et la mise en \u0153uvre de nouveaux projets innovants. Notre mission Faire se rencontrer et grandir ensemble des communaut\u00e9s diverses et compl\u00e9mentaires au [&hellip;]<\/p>\n","protected":false},"author":3,"featured_media":1592,"parent":0,"menu_order":0,"comment_status":"closed","ping_status":"closed","template":"","meta":{"footnotes":""},"class_list":["post-1573","page","type-page","status-publish","has-post-thumbnail","hentry"],"_links":{"self":[{"href":"https:\/\/institutfrancais.ro\/fr\/wp-json\/wp\/v2\/pages\/1573","targetHints":{"allow":["GET"]}}],"collection":[{"href":"https:\/\/institutfrancais.ro\/fr\/wp-json\/wp\/v2\/pages"}],"about":[{"href":"https:\/\/institutfrancais.ro\/fr\/wp-json\/wp\/v2\/types\/page"}],"author":[{"embeddable":true,"href":"https:\/\/institutfrancais.ro\/fr\/wp-json\/wp\/v2\/users\/3"}],"replies":[{"embeddable":true,"href":"https:\/\/institutfrancais.ro\/fr\/wp-json\/wp\/v2\/comments?post=1573"}],"version-history":[{"count":16,"href":"https:\/\/institutfrancais.ro\/fr\/wp-json\/wp\/v2\/pages\/1573\/revisions"}],"predecessor-version":[{"id":1668,"href":"https:\/\/institutfrancais.ro\/fr\/wp-json\/wp\/v2\/pages\/1573\/revisions\/1668"}],"wp:featuredmedia":[{"embeddable":true,"href":"https:\/\/institutfrancais.ro\/fr\/wp-json\/wp\/v2\/media\/1592"}],"wp:attachment":[{"href":"https:\/\/institutfrancais.ro\/fr\/wp-json\/wp\/v2\/media?parent=1573"}],"curies":[{"name":"wp","href":"https:\/\/api.w.org\/{rel}","templated":true}]}}