{"id":1629,"date":"2022-03-08T14:36:00","date_gmt":"2022-03-08T14:36:00","guid":{"rendered":"https:\/\/institutfrancais.ro\/burse-de-stagiu\/"},"modified":"2023-02-21T10:35:22","modified_gmt":"2023-02-21T10:35:22","slug":"burse-de-stagiu","status":"publish","type":"page","link":"https:\/\/institutfrancais.ro\/fr\/burse-de-stagiu\/","title":{"rendered":"Bourses de stage"},"content":{"rendered":"\n<p>Le p\u00f4le LFE de l\u2019Institut fran\u00e7ais de Roumanie (IFRo) lance un <strong>appel \u00e0 candidatures<\/strong> pour l\u2019attribution de <strong>bourses de stage de 15 jours en France durant l\u2019\u00e9t\u00e9 2023<\/strong>. Le but de ces stages est de proposer non seulement un renforcement linguistique en immersion, mais plus particuli\u00e8rement un renforcement des acquis p\u00e9dagogiques et des m\u00e9thodes d\u2019enseignement.<\/p>\n\n\n\n<p><strong>Appel \u00e0 candidature pour 11 bourses<\/strong> : <strong>5 bourses<\/strong> seront attribu\u00e9es \u00e0 des enseignant.es de FLE de nationalit\u00e9 roumaine + 6 bourses \u00ab jeunes et futur.es professeurs \u00bb \u00e0 des enseignant.es (ou futur.es) de FLE de nationalit\u00e9 roumaine ayant obtenu leur dipl\u00f4me d\u2019enseignement apr\u00e8s 2018. La bourse permettra de couvrir les d\u00e9penses suivantes :<\/p>\n\n\n\n<p><strong>2 semaines de stage en France<\/strong> dans un centre agr\u00e9\u00e9 label FLE Logement (\u00e0 noter que le logement peut \u00eatre en studio universitaire ou en famille d&rsquo;accueil, en fonction du lieu de stage) Restauration (repas dans les centres ou per diem)<\/p>\n\n\n\n<p>Transport a\u00e9roport-centre de formation A\/R<br>NB : le transport Roumanie-France A\/R et le cas \u00e9ch\u00e9ant interne en Roumanie A\/R&nbsp;<strong>est \u00e0 la charge du.de la stagiaire ou de son \u00e9tablissement d\u2019exercice.<\/strong><\/p>\n\n\n\n<p><strong>Les dates importantes :<\/strong><br><strong>Fin f\u00e9vrier 2023 :<\/strong> Lancement de l\u2019appel \u00e0 candidature<br><strong>15 avril 2023 : <\/strong>Date limite des soumissions de candidature <\/p>\n\n\n\n<p><strong>Premi\u00e8re semaine de mai 2023 :<\/strong> les candidat.es selectionn\u00e9.es seront contact\u00e9.es<br><strong>Juillet : <\/strong>d\u00e9but du stage pour deux semaines. <\/p>\n\n\n\n<p>Les dates exactes seront \u00e0 d\u00e9finir en fonction des stages attribu\u00e9s aux candidats (les centres FLE pressentis ne proposant pas tous les m\u00eames dates)<\/p>\n\n\n\n<p>Par ailleurs, notez que l\u2019IFRo attribuera \u00e9galement <strong>12 bourses p\u00e9dagogiques pour le stage BELC<\/strong> (dont 6 fl\u00e9ch\u00e9es sp\u00e9cifiquement pour les \u00e9tablissements bilingues) ainsi que 5 bourses linguistiques \u00ab jeunes \u00bb pour les concours Francophonie et du r\u00e9seau des Alliances fran\u00e7aises de Roumanie. La reprise de la mobilit\u00e9 est une des priorit\u00e9s de notre Institut.<\/p>\n\n\n\n<p>Vous pouvez d\u00e9poser votre candidature sur le lien suivant :&nbsp;<\/p>\n\n\n\n<div class=\"wp-block-buttons is-layout-flex wp-block-buttons-is-layout-flex\">\n<div class=\"wp-block-button aligncenter is-style-fill\"><a class=\"wp-block-button__link has-white-color has-vivid-cyan-blue-background-color has-text-color has-background\" href=\"https:\/\/forms.gle\/xhgiixuVrskSa6dG6\" target=\"_blank\" rel=\"noreferrer noopener\">INSCRIPTIONS<\/a><\/div>\n<\/div>\n\n\n\n<p><\/p>\n","protected":false},"excerpt":{"rendered":"<p>Le p\u00f4le LFE de l\u2019Institut fran\u00e7ais de Roumanie (IFRo) lance un appel \u00e0 candidatures pour l\u2019attribution de bourses de stage de 15 jours en France durant l\u2019\u00e9t\u00e9 2023. Le but de ces stages est de proposer non seulement un renforcement linguistique en immersion, mais plus particuli\u00e8rement un renforcement des acquis p\u00e9dagogiques et des m\u00e9thodes d\u2019enseignement. [&hellip;]<\/p>\n","protected":false},"author":3,"featured_media":0,"parent":0,"menu_order":0,"comment_status":"open","ping_status":"open","template":"","meta":{"footnotes":""},"class_list":["post-1629","page","type-page","status-publish","hentry"],"_links":{"self":[{"href":"https:\/\/institutfrancais.ro\/fr\/wp-json\/wp\/v2\/pages\/1629","targetHints":{"allow":["GET"]}}],"collection":[{"href":"https:\/\/institutfrancais.ro\/fr\/wp-json\/wp\/v2\/pages"}],"about":[{"href":"https:\/\/institutfrancais.ro\/fr\/wp-json\/wp\/v2\/types\/page"}],"author":[{"embeddable":true,"href":"https:\/\/institutfrancais.ro\/fr\/wp-json\/wp\/v2\/users\/3"}],"replies":[{"embeddable":true,"href":"https:\/\/institutfrancais.ro\/fr\/wp-json\/wp\/v2\/comments?post=1629"}],"version-history":[{"count":7,"href":"https:\/\/institutfrancais.ro\/fr\/wp-json\/wp\/v2\/pages\/1629\/revisions"}],"predecessor-version":[{"id":1779,"href":"https:\/\/institutfrancais.ro\/fr\/wp-json\/wp\/v2\/pages\/1629\/revisions\/1779"}],"wp:attachment":[{"href":"https:\/\/institutfrancais.ro\/fr\/wp-json\/wp\/v2\/media?parent=1629"}],"curies":[{"name":"wp","href":"https:\/\/api.w.org\/{rel}","templated":true}]}}