{"id":1696,"date":"2022-05-06T16:52:11","date_gmt":"2022-05-06T16:52:11","guid":{"rendered":"https:\/\/institutfrancais.ro\/forumul-educatiei\/"},"modified":"2022-05-10T06:38:15","modified_gmt":"2022-05-10T06:38:15","slug":"forumul-educatiei","status":"publish","type":"page","link":"https:\/\/institutfrancais.ro\/fr\/forumul-educatiei\/","title":{"rendered":"Forum de l&rsquo;Education franco-roumain"},"content":{"rendered":"\n<p>Le premier <strong>Forum de l\u2019\u00c9ducation franco-roumain<\/strong> sera ouvert <strong>le<\/strong> <strong>9 mai, Journ\u00e9e de l\u2019Europe<\/strong>, par Son Excellence, Madame <em>Laurence AUER<\/em>, Ambassadrice de France en Roumanie et M. <em>Sorin Mihai C\u00ceMPEANU<\/em>, ministre roumain de l\u2019\u00e9ducation et pr\u00e9sident de l&rsquo;Agence Universitaire de la Francophonie. <\/p>\n\n\n\n<p>Avec 1.275 millions d\u2019apprenants et de nombreuses institutions francophones implant\u00e9es localement, la Roumanie est le grand pays de l\u2019apprentissage de la langue fran\u00e7aise dans la r\u00e9gion. Le Forum est le fruit des \u00e9changes entre l\u2019<a href=\"https:\/\/ro.ambafrance.org\/\" data-type=\"URL\" data-id=\"https:\/\/ro.ambafrance.org\/\" target=\"_blank\" rel=\"noreferrer noopener\">Ambassade de France en Roumanie<\/a>, l\u2019Institut fran\u00e7ais de Roumanie et le Minist\u00e8re de l\u2019\u00e9ducation roumain. Dans le cadre de la Pr\u00e9sidence fran\u00e7aise de l\u2019Union europ\u00e9enne (premier semestre 2022), les trois institutions ont accentu\u00e9 leur travail sur les axes prioritaires de la coop\u00e9ration \u00e9ducative et linguistique. Le but est d\u2019aboutir \u00e0 une feuille de route sur ces th\u00e9matiques entre les parties fran\u00e7aise et roumaine pour amorcer des actions concr\u00e8tes sur les quatre prochaines ann\u00e9es.<br><\/p>\n\n\n\n<p>Quatre axes ont \u00e9t\u00e9 d\u00e9finis&nbsp;:<br>1 &#8211; <strong>L\u2019enseignement scolaire<\/strong> (l&rsquo;usage du num\u00e9rique \u00e0 l\u2019\u00e9cole, le bien \u00eatre \u00e0 l\u2019\u00e9cole, le d\u00e9veloppement durable, la citoyennet\u00e9 et Europe, l&rsquo;enseignement du fran\u00e7ais, l&rsquo;\u00e9cole inclusive)<br>2 &#8211; <strong>L\u2019enseignement professionnel<\/strong><br>3 &#8211; <strong>L\u2019enseignement de la Shoah et l\u2019histoire des Juifs<\/strong><br>4 &#8211; <strong>Le fran\u00e7ais langue \u00e9trang\u00e8re (FLE)<\/strong><br><br>Parmi les invit\u00e9.e.s nous mentionnons : <em>Caroline Pascal<\/em>, cheffe de l&rsquo;Inspection g\u00e9n\u00e9rale interminist\u00e9rielle de l&rsquo;\u00e9ducation, du sport et de la recherche (IG\u00c9SR), <em>Jonas Erin<\/em>, membre du groupe d\u2019expertise \u00e0 l\u2019IG\u00c9SR sur l\u2019enseignement \u00e0 distance, <em>Catherine Mottet<\/em>, experte de l\u2019enseignement du fran\u00e7ais \u00e0 l\u2019\u00e9cole, <em>Victor Mircula<\/em>, Directeur G\u00e9n\u00e9ral au Minist\u00e8re des Affaires \u00e9trang\u00e8res de Roumanie et Ambassadeur des questions relatives \u00e0 l\u2019antis\u00e9mitisme et l\u2019histoire des Juifs en Roumanie, <em>Alexandru Muraru<\/em>, Repr\u00e9sentant sp\u00e9cial du Gouvernement Roumain pour la promotion des politiques li\u00e9es au devoir de m\u00e9moire, la lutte contre l&rsquo;antisemitisme et la x\u00e9nophobie, <em>Vincent Duclert<\/em>, historien, inspecteur g\u00e9n\u00e9ral (IG\u00c9SR-Groupe histoireg\u00e9ographie), chercheur titulaire et ancien directeur du Centre Raymond Aron (CESPRA, EHESS-CNRS), professeur \u00e0 Sciences Po, est sp\u00e9cialiste des soci\u00e9t\u00e9s d\u00e9mocratiques et de l\u2019histoire des g\u00e9nocides, <em>Michel M\u00e9riaux<\/em>, charg\u00e9 de la mise en place et du d\u00e9veloppement des CMQ (Campus des M\u00e9tiers et des Qualifications) pour la r\u00e9gion acad\u00e9mique de Grenoble, ou encore <em>Cecilia Cr\u0103ciun<\/em>, inspectrice sp\u00e9cialis\u00e9e au Centre national pour le d\u00e9veloppement de l&rsquo;enseignement professionnel et technique (CNDIPT). <br><br>Ce forum s&rsquo;adresse <strong>aux professeurs, aux directeurs d&rsquo;\u00e9cole, aux inspecteurs et aux experts en \u00e9ducation, aux coordonnateurs des \u00e9tablissements d&rsquo;enseignement, aux managers de projets et programmes dans le domaine de l&rsquo;\u00e9ducation. <\/strong><\/p>\n\n\n\n<p>Pour plus d&rsquo;informations sur <strong>les objectifs<\/strong>, <strong>le programme<\/strong>, <strong>les invit\u00e9.e.s<\/strong> et <strong>les organisateurs<\/strong>, vous pouvez consulter la brochure :<br><a rel=\"noreferrer noopener\" href=\"https:\/\/issuu.com\/ifbucarest\/docs\/programme_forum_de_l_ducation_-_num_rique_pour_co\" target=\"_blank\">https:\/\/issuu.com\/ifbucarest\/docs\/programme_forum_de_l_ducation_-_num_rique_pour_co <\/a><\/p>\n\n\n\n<figure class=\"wp-block-image size-large\"><img loading=\"lazy\" decoding=\"async\" width=\"724\" height=\"1024\" src=\"https:\/\/institutfrancais.ro\/wp-content\/uploads\/2022\/05\/Forum-de-leducation-Lundi-9-mai-724x1024.jpg\" alt=\"\" class=\"wp-image-1688\" srcset=\"https:\/\/institutfrancais.ro\/wp-content\/uploads\/2022\/05\/Forum-de-leducation-Lundi-9-mai-724x1024.jpg 724w, https:\/\/institutfrancais.ro\/wp-content\/uploads\/2022\/05\/Forum-de-leducation-Lundi-9-mai-212x300.jpg 212w, https:\/\/institutfrancais.ro\/wp-content\/uploads\/2022\/05\/Forum-de-leducation-Lundi-9-mai-768x1086.jpg 768w, https:\/\/institutfrancais.ro\/wp-content\/uploads\/2022\/05\/Forum-de-leducation-Lundi-9-mai-1086x1536.jpg 1086w, https:\/\/institutfrancais.ro\/wp-content\/uploads\/2022\/05\/Forum-de-leducation-Lundi-9-mai.jpg 1414w\" sizes=\"auto, (max-width: 724px) 100vw, 724px\" \/><\/figure>\n\n\n\n<figure class=\"wp-block-image size-large\"><img loading=\"lazy\" decoding=\"async\" width=\"724\" height=\"1024\" src=\"https:\/\/institutfrancais.ro\/wp-content\/uploads\/2022\/05\/Forum-de-leducation-Mardi-10-mai-1-724x1024.jpg\" alt=\"\" class=\"wp-image-1693\" srcset=\"https:\/\/institutfrancais.ro\/wp-content\/uploads\/2022\/05\/Forum-de-leducation-Mardi-10-mai-1-724x1024.jpg 724w, https:\/\/institutfrancais.ro\/wp-content\/uploads\/2022\/05\/Forum-de-leducation-Mardi-10-mai-1-212x300.jpg 212w, https:\/\/institutfrancais.ro\/wp-content\/uploads\/2022\/05\/Forum-de-leducation-Mardi-10-mai-1-768x1086.jpg 768w, https:\/\/institutfrancais.ro\/wp-content\/uploads\/2022\/05\/Forum-de-leducation-Mardi-10-mai-1-1086x1536.jpg 1086w, https:\/\/institutfrancais.ro\/wp-content\/uploads\/2022\/05\/Forum-de-leducation-Mardi-10-mai-1.jpg 1414w\" sizes=\"auto, (max-width: 724px) 100vw, 724px\" \/><\/figure>\n\n\n\n<p>Le Forum a lieu \u00e0 la <a rel=\"noreferrer noopener\" href=\"https:\/\/www.bcub.ro\/\" data-type=\"URL\" data-id=\"https:\/\/www.bcub.ro\/\" target=\"_blank\">Biblioth\u00e8que Universitaire Centrale de Bucarest<\/a> (BCU &#8211; 1 rue Boteanu). L&rsquo;interpr\u00e9tation simultan\u00e9e fran\u00e7ais &#8211; roumain sera assur\u00e9e. <br><\/p>\n\n\n\n<p>Partenaires : <a rel=\"noreferrer noopener\" href=\"https:\/\/www.mae.ro\/\" data-type=\"URL\" data-id=\"https:\/\/www.mae.ro\/\" target=\"_blank\">le minist\u00e8re roumain des Affaires \u00e9trang\u00e8res<\/a>, <a href=\"https:\/\/www.bcub.ro\/\" data-type=\"URL\" data-id=\"https:\/\/www.bcub.ro\/\">la Biblioth\u00e8que Universitaire Centrale de Bucarest \u00ab\u00a0Carol Ier\u00a0\u00bb<\/a>, le <a rel=\"noreferrer noopener\" href=\"https:\/\/www.memorialdelashoah.org\/\" data-type=\"URL\" data-id=\"https:\/\/www.memorialdelashoah.org\/\" target=\"_blank\">M\u00e9morial de la Shoah din Paris<\/a>, <a href=\"https:\/\/lyceefrancais.ro\/\" data-type=\"URL\" data-id=\"https:\/\/lyceefrancais.ro\/\">le lyc\u00e9e fran\u00e7ais \u00ab\u00a0Anna de Noailles\u00a0\u00bb de Bucarest<\/a>, <a href=\"https:\/\/efibucarest.org\/\" data-type=\"URL\" data-id=\"https:\/\/efibucarest.org\/\">l&rsquo;Ecole Fran\u00e7aise Internationale de Bucarest<\/a>, <a href=\"https:\/\/www.roumanie.campusfrance.org\/\" data-type=\"URL\" data-id=\"https:\/\/www.roumanie.campusfrance.org\/\">Campus France <\/a><a rel=\"noreferrer noopener\" href=\"https:\/\/www.roumanie.campusfrance.org\/\" data-type=\"URL\" data-id=\"https:\/\/www.roumanie.campusfrance.org\/\" target=\"_blank\">Roumanie<\/a>, <a rel=\"noreferrer noopener\" href=\"http:\/\/www.kyralina.ro\/ro\/\" data-type=\"URL\" data-id=\"http:\/\/www.kyralina.ro\/ro\/\" target=\"_blank\">la librairie fran\u00e7aise Kyralina<\/a>, <a rel=\"noreferrer noopener\" href=\"https:\/\/www.cartestraina.ro\/cumparaturi\/index.php\" data-type=\"URL\" data-id=\"https:\/\/www.cartestraina.ro\/cumparaturi\/index.php\" target=\"_blank\">le Centre de livre \u00e9tranger Sitka<\/a>, l&rsquo;association EduMedia<br><br>Partenaires m\u00e9dia : <a rel=\"noreferrer noopener\" href=\"https:\/\/www.rfi.ro\/\" data-type=\"URL\" data-id=\"https:\/\/www.rfi.ro\/\" target=\"_blank\">RFI Rom\u00e2nia<\/a>, <a rel=\"noreferrer noopener\" href=\"https:\/\/www.rri.ro\/en_gb\/pages\/home\/\" data-type=\"URL\" data-id=\"https:\/\/www.rri.ro\/en_gb\/pages\/home\/\" target=\"_blank\">Radio Rom\u00e2nia Interna\u021bional<\/a>, <a rel=\"noreferrer noopener\" href=\"https:\/\/www.radioromaniacultural.ro\/\" data-type=\"URL\" data-id=\"https:\/\/www.radioromaniacultural.ro\/\" target=\"_blank\">Radio Rom\u00e2nia Cultural<\/a>, <a rel=\"noreferrer noopener\" href=\"https:\/\/www.tv5monde.com\/\" data-type=\"URL\" data-id=\"https:\/\/www.tv5monde.com\/\" target=\"_blank\">TV5MONDE<\/a> Roumanie, <a rel=\"noreferrer noopener\" href=\"https:\/\/www.observatorcultural.ro\/\" data-type=\"URL\" data-id=\"https:\/\/www.observatorcultural.ro\/\" target=\"_blank\">Observator cultural<\/a><\/p>\n\n\n\n<p><\/p>\n\n\n\n<p>#ForumEducation #PFUE2022 #9mai <\/p>\n","protected":false},"excerpt":{"rendered":"<p>Le premier Forum de l\u2019\u00c9ducation franco-roumain sera ouvert le 9 mai, Journ\u00e9e de l\u2019Europe, par Son Excellence, Madame Laurence AUER, Ambassadrice de France en Roumanie et M. Sorin Mihai C\u00ceMPEANU, ministre roumain de l\u2019\u00e9ducation et pr\u00e9sident de l&rsquo;Agence Universitaire de la Francophonie. Avec 1.275 millions d\u2019apprenants et de nombreuses institutions francophones implant\u00e9es localement, la Roumanie [&hellip;]<\/p>\n","protected":false},"author":3,"featured_media":1684,"parent":0,"menu_order":0,"comment_status":"closed","ping_status":"closed","template":"","meta":{"footnotes":""},"class_list":["post-1696","page","type-page","status-publish","has-post-thumbnail","hentry"],"_links":{"self":[{"href":"https:\/\/institutfrancais.ro\/fr\/wp-json\/wp\/v2\/pages\/1696","targetHints":{"allow":["GET"]}}],"collection":[{"href":"https:\/\/institutfrancais.ro\/fr\/wp-json\/wp\/v2\/pages"}],"about":[{"href":"https:\/\/institutfrancais.ro\/fr\/wp-json\/wp\/v2\/types\/page"}],"author":[{"embeddable":true,"href":"https:\/\/institutfrancais.ro\/fr\/wp-json\/wp\/v2\/users\/3"}],"replies":[{"embeddable":true,"href":"https:\/\/institutfrancais.ro\/fr\/wp-json\/wp\/v2\/comments?post=1696"}],"version-history":[{"count":4,"href":"https:\/\/institutfrancais.ro\/fr\/wp-json\/wp\/v2\/pages\/1696\/revisions"}],"predecessor-version":[{"id":1703,"href":"https:\/\/institutfrancais.ro\/fr\/wp-json\/wp\/v2\/pages\/1696\/revisions\/1703"}],"wp:featuredmedia":[{"embeddable":true,"href":"https:\/\/institutfrancais.ro\/fr\/wp-json\/wp\/v2\/media\/1684"}],"wp:attachment":[{"href":"https:\/\/institutfrancais.ro\/fr\/wp-json\/wp\/v2\/media?parent=1696"}],"curies":[{"name":"wp","href":"https:\/\/api.w.org\/{rel}","templated":true}]}}