{"id":1898,"date":"2024-03-04T10:00:07","date_gmt":"2024-03-04T10:00:07","guid":{"rendered":"https:\/\/institutfrancais.ro\/ghid-pentru-cursuri-universitare-francofone-2023\/"},"modified":"2024-03-04T10:07:13","modified_gmt":"2024-03-04T10:07:13","slug":"guide-des-formations-universitaires-francophones-2023","status":"publish","type":"page","link":"https:\/\/institutfrancais.ro\/fr\/guide-des-formations-universitaires-francophones-2023\/","title":{"rendered":"Guide des formations universitaires francophones 2023"},"content":{"rendered":"\n<p>L&rsquo;<strong>Institut fran\u00e7ais de Roumanie<\/strong> et l&rsquo;ambassade de France en Roumanie mettent \u00e0 jour chaque ann\u00e9e un <strong>Guide des formations universitaires francophones en Roumanie<\/strong>.<\/p>\n\n\n\n<p>Cette version mise \u00e0 jour en 2023 recense les 109 fili\u00e8res francophones de niveau Licence, Master et Doctorat pr\u00e9sentes sur l&rsquo;ensemble du territoire roumain. En 2023, la Roumanie comptait ainsi 55 formations de niveau Licence, 45 de niveau Master, 9 \u00e9coles doctorales et 51 doubles dipl\u00f4mes entre universit\u00e9s roumaines et fran\u00e7aises.<\/p>\n\n\n\n<p>Ce guide consacre une page \u00e0 chaque formation, vous y retrouverez toutes les informations pour pr\u00e9parer au mieux votre candidature (conditions d\u2019admission, dur\u00e9e de la formation, savoirs et comp\u00e9tences, d\u00e9bouch\u00e9s de la formation, contacts des professeurs r\u00e9f\u00e9rents etc.). N\u2019h\u00e9sitez pas \u00e0 consulter ce guide pour choisir votre future formation francophone en Roumanie.<\/p>\n\n\n\n<p><a href=\"https:\/\/www.calameo.com\/read\/007588860b57c5be9e233\">https:\/\/www.calameo.com\/read\/007588860b57c5be9e233<\/a><\/p>\n\n\n\n<p><\/p>\n\n\n\n<p><\/p>\n\n\n\n<p><\/p>\n","protected":false},"excerpt":{"rendered":"<p>L&rsquo;Institut fran\u00e7ais de Roumanie et l&rsquo;ambassade de France en Roumanie mettent \u00e0 jour chaque ann\u00e9e un Guide des formations universitaires francophones en Roumanie. Cette version mise \u00e0 jour en 2023 recense les 109 fili\u00e8res francophones de niveau Licence, Master et Doctorat pr\u00e9sentes sur l&rsquo;ensemble du territoire roumain. En 2023, la Roumanie comptait ainsi 55 formations [&hellip;]<\/p>\n","protected":false},"author":3,"featured_media":1894,"parent":0,"menu_order":0,"comment_status":"closed","ping_status":"closed","template":"","meta":{"footnotes":""},"class_list":["post-1898","page","type-page","status-publish","has-post-thumbnail","hentry"],"_links":{"self":[{"href":"https:\/\/institutfrancais.ro\/fr\/wp-json\/wp\/v2\/pages\/1898","targetHints":{"allow":["GET"]}}],"collection":[{"href":"https:\/\/institutfrancais.ro\/fr\/wp-json\/wp\/v2\/pages"}],"about":[{"href":"https:\/\/institutfrancais.ro\/fr\/wp-json\/wp\/v2\/types\/page"}],"author":[{"embeddable":true,"href":"https:\/\/institutfrancais.ro\/fr\/wp-json\/wp\/v2\/users\/3"}],"replies":[{"embeddable":true,"href":"https:\/\/institutfrancais.ro\/fr\/wp-json\/wp\/v2\/comments?post=1898"}],"version-history":[{"count":1,"href":"https:\/\/institutfrancais.ro\/fr\/wp-json\/wp\/v2\/pages\/1898\/revisions"}],"predecessor-version":[{"id":1900,"href":"https:\/\/institutfrancais.ro\/fr\/wp-json\/wp\/v2\/pages\/1898\/revisions\/1900"}],"wp:featuredmedia":[{"embeddable":true,"href":"https:\/\/institutfrancais.ro\/fr\/wp-json\/wp\/v2\/media\/1894"}],"wp:attachment":[{"href":"https:\/\/institutfrancais.ro\/fr\/wp-json\/wp\/v2\/media?parent=1898"}],"curies":[{"name":"wp","href":"https:\/\/api.w.org\/{rel}","templated":true}]}}