{"id":2006,"date":"2024-12-09T09:25:52","date_gmt":"2024-12-09T09:25:52","guid":{"rendered":"https:\/\/institutfrancais.ro\/centenar-100\/"},"modified":"2024-12-11T14:38:36","modified_gmt":"2024-12-11T14:38:36","slug":"centenar-100","status":"publish","type":"page","link":"https:\/\/institutfrancais.ro\/fr\/","title":{"rendered":"Centenar 100"},"content":{"rendered":"\n<h2 class=\"wp-block-heading\"><strong>Institutul Francez din Rom\u00e2nia s\u0103rb\u0103tore\u0219te 100 de ani<\/strong><\/h2>\n\n\n\n<p>Anul 2024 va fi dedicat celebr\u0103rii Centenarului Institutului Francez din Rom\u00e2nia, fondat la Bucure\u0219ti pe 29 mai 1924 \u0219i prezent ast\u0103zi \u00een toat\u0103 \u021bara prin trei filiale la Cluj, Ia\u0219i \u0219i Timi\u0219oara.<br><br>Aceast\u0103 aniversare va fi ocazia de a onora o sut\u0103 de ani de cooperare cultural\u0103, artistic\u0103, universitar\u0103, educativ\u0103 \u0219i \u0219tiin\u021bific\u0103, fundament al unei prietenii cu r\u0103d\u0103cini ad\u00e2nci, sus\u021binut\u0103 de puterea francofoniei rom\u00e2ne\u0219ti.<br><br>Va fi, de asemenea, un cadru motivant pentru a imagina viitorul baz\u00e2ndu-ne pe un ecosistem foarte bogat, cu noi dinamici, acord\u00e2nd o aten\u021bie deosebit\u0103 tineretului, crea\u021biei noi, cercet\u0103rii, schimburilor \u0219i angajamentelor societ\u0103\u021bii civile. Institutul Francez din Rom\u00e2nia (IFRo) este compus din patru filiale la Bucure\u0219ti, Cluj, Ia\u0219i \u0219i Timi\u0219oara.<\/p>\n\n\n\n<p class=\"has-text-align-center\"><a href=\"https:\/\/institutfrancais.ro\/bucuresti\/pagini-din-povestea-de-100-de-ani-a-institutului-francez-din-romania\/#\/\" data-type=\"link\" data-id=\"https:\/\/institutfrancais.ro\/timisoara\/#\/\">Acceseaz\u0103 pagina Centenarului<\/a><\/p>\n","protected":false},"excerpt":{"rendered":"<p>Institutul Francez din Rom\u00e2nia s\u0103rb\u0103tore\u0219te 100 de ani Anul 2024 va fi dedicat celebr\u0103rii Centenarului Institutului Francez din Rom\u00e2nia, fondat la Bucure\u0219ti pe 29 mai 1924 \u0219i prezent ast\u0103zi \u00een toat\u0103 \u021bara prin trei filiale la Cluj, Ia\u0219i \u0219i Timi\u0219oara. Aceast\u0103 aniversare va fi ocazia de a onora o sut\u0103 de ani de cooperare cultural\u0103, [&hellip;]<\/p>\n","protected":false},"author":1,"featured_media":0,"parent":0,"menu_order":0,"comment_status":"closed","ping_status":"closed","template":"template\/centenar-template.php","meta":{"footnotes":""},"class_list":["post-2006","page","type-page","status-publish","hentry"],"_links":{"self":[{"href":"https:\/\/institutfrancais.ro\/fr\/wp-json\/wp\/v2\/pages\/2006","targetHints":{"allow":["GET"]}}],"collection":[{"href":"https:\/\/institutfrancais.ro\/fr\/wp-json\/wp\/v2\/pages"}],"about":[{"href":"https:\/\/institutfrancais.ro\/fr\/wp-json\/wp\/v2\/types\/page"}],"author":[{"embeddable":true,"href":"https:\/\/institutfrancais.ro\/fr\/wp-json\/wp\/v2\/users\/1"}],"replies":[{"embeddable":true,"href":"https:\/\/institutfrancais.ro\/fr\/wp-json\/wp\/v2\/comments?post=2006"}],"version-history":[{"count":2,"href":"https:\/\/institutfrancais.ro\/fr\/wp-json\/wp\/v2\/pages\/2006\/revisions"}],"predecessor-version":[{"id":2014,"href":"https:\/\/institutfrancais.ro\/fr\/wp-json\/wp\/v2\/pages\/2006\/revisions\/2014"}],"wp:attachment":[{"href":"https:\/\/institutfrancais.ro\/fr\/wp-json\/wp\/v2\/media?parent=2006"}],"curies":[{"name":"wp","href":"https:\/\/api.w.org\/{rel}","templated":true}]}}