{"id":934,"date":"2021-07-22T10:07:29","date_gmt":"2021-07-22T10:07:29","guid":{"rendered":"https:\/\/institutfrancais.ro\/?page_id=934"},"modified":"2026-02-16T10:08:35","modified_gmt":"2026-02-16T10:08:35","slug":"bourses-du-gouvernement-francais","status":"publish","type":"page","link":"https:\/\/institutfrancais.ro\/fr\/bourses-du-gouvernement-francais\/","title":{"rendered":"Bourses du gouvernement fran\u00e7ais"},"content":{"rendered":"\n<p><strong>Le programme de Bourses du Gouvernement Fran\u00e7ais s\u2019adresse aux candidats roumains. Chaque ann\u00e9e l\u2019Ambassade de France en Roumanie et l\u2019Institut fran\u00e7ais de Roumanie lancent un appel national pour l\u2019obtention des Bourses France Excellence ( anciennes <strong>bourses du Gouvernement Fran\u00e7ais jusqu&rsquo;e<\/strong>n 2023) pour les niveaux Master, Doctorat et Post-Doctorat.<\/strong><\/p>\n\n\n\n<p><strong>&lt;&lt; <mark style=\"color:#d2204c\" class=\"has-inline-color\">APPEL A CANDIDATURE OUVERT !<\/mark> &gt;&gt;<\/strong><\/p>\n\n\n\n<p><strong>Cet appel est ouvert aux candidats de niveau Master, Doctorat et Post-Doctorat jusqu\u2019au 6 mars 2026. <\/strong><\/p>\n\n\n\n<p><a href=\"https:\/\/institutfrancais.ro\/bucuresti\/fr\/bourses-france-excellence-roumanie-bourses-du-gouvernement-francais\/#\/\"><strong>Master<\/strong><\/a><strong><br><\/strong><a href=\"https:\/\/institutfrancais.ro\/bucuresti\/fr\/bourses-france-excellence-roumanie-bourses-du-gouvernement-francais\/#\/\"><strong>Doctorat<\/strong><\/a><br><strong><a href=\"https:\/\/institutfrancais.ro\/bucuresti\/fr\/bourses-france-excellence-roumanie-bourses-du-gouvernement-francais\/#\/\" target=\"_blank\" rel=\"noreferrer noopener\">S\u00e9jour de recherche postdoctoral<\/a><\/strong><\/p>\n\n\n\n<p><strong>Et qui de mieux que les alumni pour parler de leur exp\u00e9rience en France en tant que boursiers du gouvernement fran\u00e7ais&nbsp;? D\u00e9couvrez les t\u00e9moignages de Claudiu, Razvan et Domnica&nbsp;!&nbsp;<\/strong><\/p>\n\n\n\n<figure class=\"wp-block-embed is-type-video is-provider-youtube wp-block-embed-youtube wp-embed-aspect-16-9 wp-has-aspect-ratio\"><div class=\"wp-block-embed__wrapper\">\n<iframe loading=\"lazy\" title=\"La campagne des Bourses du Gouvernement Fran\u00e7ais France Excellence\" width=\"500\" height=\"281\" src=\"https:\/\/www.youtube.com\/embed\/dbIA5h9bszQ?feature=oembed\" frameborder=\"0\" allow=\"accelerometer; autoplay; clipboard-write; encrypted-media; gyroscope; picture-in-picture; web-share\" referrerpolicy=\"strict-origin-when-cross-origin\" allowfullscreen><\/iframe>\n<\/div><\/figure>\n","protected":false},"excerpt":{"rendered":"<p>Le programme de Bourses du Gouvernement Fran\u00e7ais s\u2019adresse aux candidats roumains. Chaque ann\u00e9e l\u2019Ambassade de France en Roumanie et l\u2019Institut fran\u00e7ais de Roumanie lancent un appel national pour l\u2019obtention des Bourses France Excellence ( anciennes bourses du Gouvernement Fran\u00e7ais jusqu&rsquo;en 2023) pour les niveaux Master, Doctorat et Post-Doctorat. &lt;&lt; APPEL A CANDIDATURE OUVERT ! &gt;&gt; [&hellip;]<\/p>\n","protected":false},"author":15,"featured_media":0,"parent":0,"menu_order":0,"comment_status":"closed","ping_status":"closed","template":"","meta":{"footnotes":""},"class_list":["post-934","page","type-page","status-publish","hentry"],"_links":{"self":[{"href":"https:\/\/institutfrancais.ro\/fr\/wp-json\/wp\/v2\/pages\/934","targetHints":{"allow":["GET"]}}],"collection":[{"href":"https:\/\/institutfrancais.ro\/fr\/wp-json\/wp\/v2\/pages"}],"about":[{"href":"https:\/\/institutfrancais.ro\/fr\/wp-json\/wp\/v2\/types\/page"}],"author":[{"embeddable":true,"href":"https:\/\/institutfrancais.ro\/fr\/wp-json\/wp\/v2\/users\/15"}],"replies":[{"embeddable":true,"href":"https:\/\/institutfrancais.ro\/fr\/wp-json\/wp\/v2\/comments?post=934"}],"version-history":[{"count":12,"href":"https:\/\/institutfrancais.ro\/fr\/wp-json\/wp\/v2\/pages\/934\/revisions"}],"predecessor-version":[{"id":2122,"href":"https:\/\/institutfrancais.ro\/fr\/wp-json\/wp\/v2\/pages\/934\/revisions\/2122"}],"wp:attachment":[{"href":"https:\/\/institutfrancais.ro\/fr\/wp-json\/wp\/v2\/media?parent=934"}],"curies":[{"name":"wp","href":"https:\/\/api.w.org\/{rel}","templated":true}]}}