{"id":936,"date":"2021-07-22T10:08:18","date_gmt":"2021-07-22T10:08:18","guid":{"rendered":"https:\/\/institutfrancais.ro\/?page_id=936"},"modified":"2021-07-29T11:41:33","modified_gmt":"2021-07-29T11:41:33","slug":"campus-france-roumanie","status":"publish","type":"page","link":"https:\/\/institutfrancais.ro\/fr\/campus-france-roumanie\/","title":{"rendered":"Campus France Roumanie"},"content":{"rendered":"\n<p>L\u2019Institut fran\u00e7ais de Roumanie accueille un&nbsp;<strong>Espace Campus France \u00e0 Bucarest et <\/strong><strong>3 antennes locales en r\u00e9gion \u00e0 Cluj, Ia\u015fi et Timi\u015foara<\/strong>. Destin\u00e9 aux \u00e9tudiants roumains d\u00e9sireux de poursuivre des \u00e9tudes sup\u00e9rieures en France, ce service gratuit d\u2019information et de conseil met \u00e0 la disposition des \u00e9tudiants de ressources documentaires pour effectuer des recherches directes ou en ligne sur l\u2019ensemble de l\u2019offre fran\u00e7aise de formation.<\/p>\n\n\n\n<p>Campus France Roumanie d\u00e9finit la programmation annuelle en concertation avec le&nbsp;<a href=\"https:\/\/ro.ambafrance.org\/Service-de-Cooperation\">SCAC<\/a>&nbsp;et l\u2019Agence publique Campus France (Paris) et <strong>se charge de l\u2019organisation des actions de promotion de l\u2019enseignement sup\u00e9rieur fran\u00e7ais en Roumanie.<\/strong><\/p>\n","protected":false},"excerpt":{"rendered":"<p>L\u2019Institut fran\u00e7ais de Roumanie accueille un&nbsp;Espace Campus France \u00e0 Bucarest et 3 antennes locales en r\u00e9gion \u00e0 Cluj, Ia\u015fi et Timi\u015foara. Destin\u00e9 aux \u00e9tudiants roumains d\u00e9sireux de poursuivre des \u00e9tudes sup\u00e9rieures en France, ce service gratuit d\u2019information et de conseil met \u00e0 la disposition des \u00e9tudiants de ressources documentaires pour effectuer des recherches directes ou [&hellip;]<\/p>\n","protected":false},"author":1,"featured_media":0,"parent":0,"menu_order":0,"comment_status":"closed","ping_status":"closed","template":"","meta":{"footnotes":""},"class_list":["post-936","page","type-page","status-publish","hentry"],"_links":{"self":[{"href":"https:\/\/institutfrancais.ro\/fr\/wp-json\/wp\/v2\/pages\/936","targetHints":{"allow":["GET"]}}],"collection":[{"href":"https:\/\/institutfrancais.ro\/fr\/wp-json\/wp\/v2\/pages"}],"about":[{"href":"https:\/\/institutfrancais.ro\/fr\/wp-json\/wp\/v2\/types\/page"}],"author":[{"embeddable":true,"href":"https:\/\/institutfrancais.ro\/fr\/wp-json\/wp\/v2\/users\/1"}],"replies":[{"embeddable":true,"href":"https:\/\/institutfrancais.ro\/fr\/wp-json\/wp\/v2\/comments?post=936"}],"version-history":[{"count":2,"href":"https:\/\/institutfrancais.ro\/fr\/wp-json\/wp\/v2\/pages\/936\/revisions"}],"predecessor-version":[{"id":1330,"href":"https:\/\/institutfrancais.ro\/fr\/wp-json\/wp\/v2\/pages\/936\/revisions\/1330"}],"wp:attachment":[{"href":"https:\/\/institutfrancais.ro\/fr\/wp-json\/wp\/v2\/media?parent=936"}],"curies":[{"name":"wp","href":"https:\/\/api.w.org\/{rel}","templated":true}]}}