{"id":945,"date":"2021-07-22T10:10:55","date_gmt":"2021-07-22T10:10:55","guid":{"rendered":"https:\/\/institutfrancais.ro\/?page_id=945"},"modified":"2021-07-29T12:27:48","modified_gmt":"2021-07-29T12:27:48","slug":"la-cooperation","status":"publish","type":"page","link":"https:\/\/institutfrancais.ro\/fr\/la-cooperation\/","title":{"rendered":"La coop\u00e9ration"},"content":{"rendered":"\n<p><strong>Coop\u00e9ration universitaire<\/strong><\/p>\n\n\n\n<p><strong>Le p\u00f4le d\u2019\u00e9changes universitaires et scientifiques de l\u2019IFR<\/strong> a pour mission de renforcer les coop\u00e9rations universitaires et de promouvoir l\u2019enseignement sup\u00e9rieur fran\u00e7ais aupr\u00e8s des \u00e9tudiants roumains. Pour accompagner cette dynamique, le p\u00f4le universitaire et l\u2019agence CampusFrance mettent en \u0153uvre plusieurs programmes, dont celui des bourses du gouvernement fran\u00e7ais.<\/p>\n\n\n\n<p>Il accompagne en outre les centres de recherche, les universit\u00e9s et les entreprises dans la mise en place et le soutien de coop\u00e9rations scientifiques avec la France. Il a \u00e9galement pour mission de participer \u00e0 la diffusion de la science aupr\u00e8s du grand public.<\/p>\n\n\n\n<p><a href=\"https:\/\/institutfrancais.ro\/fr\/universitaire-et-scientifique\/\" data-type=\"URL\" data-id=\"https:\/\/institutfrancais.ro\/fr\/universitaire-et-scientifique\/\" target=\"_blank\" rel=\"noreferrer noopener\">Coop\u00e9ration universitaire et scientifique<\/a><\/p>\n\n\n\n<p><strong>Coop\u00e9ration en mati\u00e8re de gouvernance<\/strong><\/p>\n\n\n\n<p><strong>Le p\u00f4le gouvernance<\/strong> de l\u2019IFR d\u00e9veloppe des actions de coop\u00e9ration technique et institutionnelle avec des partenaires institutionnels roumains, tant au niveau central qu\u2019avec les collectivit\u00e9s territoriales.<\/p>\n\n\n\n<p>Il lance \u00e9galement r\u00e9guli\u00e8rement des appels \u00e0 projets \u00e0 destination d\u2019organisations de la soci\u00e9t\u00e9 civile dans diff\u00e9rents domaines, notamment le d\u00e9veloppement durable, la jeunesse et les Droits de l\u2019Homme<em>.<\/em><\/p>\n\n\n\n<p><a href=\"https:\/\/institutfrancais.ro\/fr\/technique-et-europeenne\/\" data-type=\"URL\" data-id=\"https:\/\/institutfrancais.ro\/fr\/technique-et-europeenne\/\" target=\"_blank\" rel=\"noreferrer noopener\">Coop\u00e9ration technique et europ\u00e9enne<\/a><\/p>\n","protected":false},"excerpt":{"rendered":"<p>Coop\u00e9ration universitaire Le p\u00f4le d\u2019\u00e9changes universitaires et scientifiques de l\u2019IFR a pour mission de renforcer les coop\u00e9rations universitaires et de promouvoir l\u2019enseignement sup\u00e9rieur fran\u00e7ais aupr\u00e8s des \u00e9tudiants roumains. Pour accompagner cette dynamique, le p\u00f4le universitaire et l\u2019agence CampusFrance mettent en \u0153uvre plusieurs programmes, dont celui des bourses du gouvernement fran\u00e7ais. Il accompagne en outre les [&hellip;]<\/p>\n","protected":false},"author":1,"featured_media":0,"parent":0,"menu_order":0,"comment_status":"closed","ping_status":"closed","template":"","meta":{"footnotes":""},"class_list":["post-945","page","type-page","status-publish","hentry"],"_links":{"self":[{"href":"https:\/\/institutfrancais.ro\/fr\/wp-json\/wp\/v2\/pages\/945","targetHints":{"allow":["GET"]}}],"collection":[{"href":"https:\/\/institutfrancais.ro\/fr\/wp-json\/wp\/v2\/pages"}],"about":[{"href":"https:\/\/institutfrancais.ro\/fr\/wp-json\/wp\/v2\/types\/page"}],"author":[{"embeddable":true,"href":"https:\/\/institutfrancais.ro\/fr\/wp-json\/wp\/v2\/users\/1"}],"replies":[{"embeddable":true,"href":"https:\/\/institutfrancais.ro\/fr\/wp-json\/wp\/v2\/comments?post=945"}],"version-history":[{"count":2,"href":"https:\/\/institutfrancais.ro\/fr\/wp-json\/wp\/v2\/pages\/945\/revisions"}],"predecessor-version":[{"id":1336,"href":"https:\/\/institutfrancais.ro\/fr\/wp-json\/wp\/v2\/pages\/945\/revisions\/1336"}],"wp:attachment":[{"href":"https:\/\/institutfrancais.ro\/fr\/wp-json\/wp\/v2\/media?parent=945"}],"curies":[{"name":"wp","href":"https:\/\/api.w.org\/{rel}","templated":true}]}}