{"id":950,"date":"2021-07-22T10:12:01","date_gmt":"2021-07-22T10:12:01","guid":{"rendered":"https:\/\/institutfrancais.ro\/?page_id=950"},"modified":"2021-07-30T09:40:14","modified_gmt":"2021-07-30T09:40:14","slug":"la-culture-francaise","status":"publish","type":"page","link":"https:\/\/institutfrancais.ro\/fr\/la-culture-francaise\/","title":{"rendered":"La culture fran\u00e7aise"},"content":{"rendered":"\n<p>Le p\u00f4le culture de l\u2019Institut fran\u00e7ais de Roumanie assure la promotion de la culture fran\u00e7aise et de l\u2019action culturelle ext\u00e9rieure de la France. La culture et la francophonie participent au d\u00e9veloppement de la Roumanie et \u00e0 son dynamisme \u00e9conomique.<\/p>\n\n\n\n<p>Chaque ann\u00e9e le p\u00f4le culture finance des bourses de stage et r\u00e9sidences d\u2019artistes et soutient la mobilit\u00e9 des artistes. Il promeut l\u2019\u00e9change d\u2019expertise dans de nombreux domaines techniques ou artistiques (audiovisuel, livre, spectacle vivant etc.) et assure de la pr\u00e9sence fran\u00e7aise dans les grandes manifestations culturelles roumaines.<\/p>\n\n\n\n<p>Le p\u00f4le culture comprend \u00e9galement le cin\u00e9ma Elvira Popesco, premier cin\u00e9ma ind\u00e9pendant de Roumanie, et assure la coordination des quatre m\u00e9diath\u00e8ques de l\u2019IFR.<\/p>\n\n\n\n<p><a href=\"https:\/\/institutfrancais.ro\/fr\/la-cooperation\/culturelle\/\" data-type=\"URL\" data-id=\"https:\/\/institutfrancais.ro\/fr\/la-cooperation\/culturelle\/\" target=\"_blank\" rel=\"noreferrer noopener\">Coop\u00e9ration culturelle<\/a><\/p>\n","protected":false},"excerpt":{"rendered":"<p>Le p\u00f4le culture de l\u2019Institut fran\u00e7ais de Roumanie assure la promotion de la culture fran\u00e7aise et de l\u2019action culturelle ext\u00e9rieure de la France. La culture et la francophonie participent au d\u00e9veloppement de la Roumanie et \u00e0 son dynamisme \u00e9conomique. Chaque ann\u00e9e le p\u00f4le culture finance des bourses de stage et r\u00e9sidences d\u2019artistes et soutient la [&hellip;]<\/p>\n","protected":false},"author":1,"featured_media":0,"parent":0,"menu_order":0,"comment_status":"closed","ping_status":"closed","template":"","meta":{"footnotes":""},"class_list":["post-950","page","type-page","status-publish","hentry"],"_links":{"self":[{"href":"https:\/\/institutfrancais.ro\/fr\/wp-json\/wp\/v2\/pages\/950","targetHints":{"allow":["GET"]}}],"collection":[{"href":"https:\/\/institutfrancais.ro\/fr\/wp-json\/wp\/v2\/pages"}],"about":[{"href":"https:\/\/institutfrancais.ro\/fr\/wp-json\/wp\/v2\/types\/page"}],"author":[{"embeddable":true,"href":"https:\/\/institutfrancais.ro\/fr\/wp-json\/wp\/v2\/users\/1"}],"replies":[{"embeddable":true,"href":"https:\/\/institutfrancais.ro\/fr\/wp-json\/wp\/v2\/comments?post=950"}],"version-history":[{"count":4,"href":"https:\/\/institutfrancais.ro\/fr\/wp-json\/wp\/v2\/pages\/950\/revisions"}],"predecessor-version":[{"id":1381,"href":"https:\/\/institutfrancais.ro\/fr\/wp-json\/wp\/v2\/pages\/950\/revisions\/1381"}],"wp:attachment":[{"href":"https:\/\/institutfrancais.ro\/fr\/wp-json\/wp\/v2\/media?parent=950"}],"curies":[{"name":"wp","href":"https:\/\/api.w.org\/{rel}","templated":true}]}}