{"id":968,"date":"2021-07-22T10:20:28","date_gmt":"2021-07-22T10:20:28","guid":{"rendered":"https:\/\/institutfrancais.ro\/?page_id=968"},"modified":"2021-07-29T14:18:27","modified_gmt":"2021-07-29T14:18:27","slug":"france-alumni-roumanie","status":"publish","type":"page","link":"https:\/\/institutfrancais.ro\/fr\/france-alumni-roumanie\/","title":{"rendered":"France Alumni Roumanie"},"content":{"rendered":"\n<p>France Alumni est le r\u00e9seau des anciens \u00e9tudiants internationaux qui ont fait leurs \u00e9tudes sup\u00e9rieures en France. Ce r\u00e9seau compte plus de 300&nbsp;000 Alumni dans plus de 100 pays.<\/p>\n\n\n\n<p>Il existe \u00e0 ce jour plus de 700 membres du R\u00e9seau France Alumni Roumanie ce qui en fait le 3<sup>\u00e8me<\/sup> d\u2019Europe.<\/p>\n\n\n\n<p>L\u2019objectif de ce r\u00e9seau est de permettre de garder contact avec les autres Alumni dans le monde entier et de multiplier les opportunit\u00e9s professionnelles.&nbsp; France Alumni met \u00e0 disposition des offres de stage et d\u2019emploi, en France et \u00e0 l\u2019\u00e9tranger.<\/p>\n\n\n\n<p>Site&nbsp;: <a href=\"https:\/\/www.francealumni.fr\/fr\/poste\/roumanie\/\">https:\/\/www.francealumni.fr\/fr\/poste\/roumanie\/<\/a><\/p>\n","protected":false},"excerpt":{"rendered":"<p>France Alumni est le r\u00e9seau des anciens \u00e9tudiants internationaux qui ont fait leurs \u00e9tudes sup\u00e9rieures en France. Ce r\u00e9seau compte plus de 300&nbsp;000 Alumni dans plus de 100 pays. Il existe \u00e0 ce jour plus de 700 membres du R\u00e9seau France Alumni Roumanie ce qui en fait le 3\u00e8me d\u2019Europe. L\u2019objectif de ce r\u00e9seau est [&hellip;]<\/p>\n","protected":false},"author":1,"featured_media":0,"parent":0,"menu_order":0,"comment_status":"closed","ping_status":"closed","template":"","meta":{"footnotes":""},"class_list":["post-968","page","type-page","status-publish","hentry"],"_links":{"self":[{"href":"https:\/\/institutfrancais.ro\/fr\/wp-json\/wp\/v2\/pages\/968","targetHints":{"allow":["GET"]}}],"collection":[{"href":"https:\/\/institutfrancais.ro\/fr\/wp-json\/wp\/v2\/pages"}],"about":[{"href":"https:\/\/institutfrancais.ro\/fr\/wp-json\/wp\/v2\/types\/page"}],"author":[{"embeddable":true,"href":"https:\/\/institutfrancais.ro\/fr\/wp-json\/wp\/v2\/users\/1"}],"replies":[{"embeddable":true,"href":"https:\/\/institutfrancais.ro\/fr\/wp-json\/wp\/v2\/comments?post=968"}],"version-history":[{"count":2,"href":"https:\/\/institutfrancais.ro\/fr\/wp-json\/wp\/v2\/pages\/968\/revisions"}],"predecessor-version":[{"id":1344,"href":"https:\/\/institutfrancais.ro\/fr\/wp-json\/wp\/v2\/pages\/968\/revisions\/1344"}],"wp:attachment":[{"href":"https:\/\/institutfrancais.ro\/fr\/wp-json\/wp\/v2\/media?parent=968"}],"curies":[{"name":"wp","href":"https:\/\/api.w.org\/{rel}","templated":true}]}}