{"id":970,"date":"2021-07-22T10:21:19","date_gmt":"2021-07-22T10:21:19","guid":{"rendered":"https:\/\/institutfrancais.ro\/?page_id=970"},"modified":"2021-07-30T09:40:58","modified_gmt":"2021-07-30T09:40:58","slug":"la-langue-francaise","status":"publish","type":"page","link":"https:\/\/institutfrancais.ro\/fr\/la-langue-francaise\/","title":{"rendered":"La langue fran\u00e7aise"},"content":{"rendered":"\n<p>Le p\u00f4le \u00e9ducatif et linguistique de l\u2019IFR a pour objectif de promouvoir l\u2019enseignement et\u00a0 l\u2019apprentissage de la langue fran\u00e7aise. Il m\u00e8ne avec ses partenaires roumains des actions sur les syst\u00e8mes \u00e9ducatifs et la formation des enseignants et des cadres \u00e9ducatifs, et notamment en soutien \u00e0 l\u2019enseignement professionnel.<\/p>\n\n\n\n<p>Il favorise les \u00e9changes scolaires et mobilit\u00e9s au niveau pr\u00e9-universitaire. Il s\u2019attache \u00e0 favoriser le d\u00e9veloppement d\u2019un environnement francophone, en milieu scolaire en particulier, par le biais de manifestations diverses &nbsp;(concours, conf\u00e9rences, expositions, ateliers \u2026).<\/p>\n\n\n\n<p>Il comprend \u00e9galement un centre de langue habilit\u00e9 \u00e0 d\u00e9livrer les certifications de niveau de langues accr\u00e9dit\u00e9es par les autorit\u00e9s fran\u00e7aises.<\/p>\n\n\n\n<p><a href=\"https:\/\/institutfrancais.ro\/fr\/educatif\/\" data-type=\"URL\" data-id=\"https:\/\/institutfrancais.ro\/fr\/educatif\/\">Coop\u00e9ratio<\/a><a href=\"https:\/\/institutfrancais.ro\/fr\/educatif\/\" data-type=\"URL\" data-id=\"https:\/\/institutfrancais.ro\/fr\/educatif\/\" target=\"_blank\" rel=\"noreferrer noopener\">n<\/a><a href=\"https:\/\/institutfrancais.ro\/fr\/educatif\/\" data-type=\"URL\" data-id=\"https:\/\/institutfrancais.ro\/fr\/educatif\/\"> \u00e9ducative<\/a><\/p>\n","protected":false},"excerpt":{"rendered":"<p>Le p\u00f4le \u00e9ducatif et linguistique de l\u2019IFR a pour objectif de promouvoir l\u2019enseignement et\u00a0 l\u2019apprentissage de la langue fran\u00e7aise. Il m\u00e8ne avec ses partenaires roumains des actions sur les syst\u00e8mes \u00e9ducatifs et la formation des enseignants et des cadres \u00e9ducatifs, et notamment en soutien \u00e0 l\u2019enseignement professionnel. Il favorise les \u00e9changes scolaires et mobilit\u00e9s au [&hellip;]<\/p>\n","protected":false},"author":1,"featured_media":0,"parent":0,"menu_order":0,"comment_status":"closed","ping_status":"closed","template":"","meta":{"footnotes":""},"class_list":["post-970","page","type-page","status-publish","hentry"],"_links":{"self":[{"href":"https:\/\/institutfrancais.ro\/fr\/wp-json\/wp\/v2\/pages\/970","targetHints":{"allow":["GET"]}}],"collection":[{"href":"https:\/\/institutfrancais.ro\/fr\/wp-json\/wp\/v2\/pages"}],"about":[{"href":"https:\/\/institutfrancais.ro\/fr\/wp-json\/wp\/v2\/types\/page"}],"author":[{"embeddable":true,"href":"https:\/\/institutfrancais.ro\/fr\/wp-json\/wp\/v2\/users\/1"}],"replies":[{"embeddable":true,"href":"https:\/\/institutfrancais.ro\/fr\/wp-json\/wp\/v2\/comments?post=970"}],"version-history":[{"count":3,"href":"https:\/\/institutfrancais.ro\/fr\/wp-json\/wp\/v2\/pages\/970\/revisions"}],"predecessor-version":[{"id":1383,"href":"https:\/\/institutfrancais.ro\/fr\/wp-json\/wp\/v2\/pages\/970\/revisions\/1383"}],"wp:attachment":[{"href":"https:\/\/institutfrancais.ro\/fr\/wp-json\/wp\/v2\/media?parent=970"}],"curies":[{"name":"wp","href":"https:\/\/api.w.org\/{rel}","templated":true}]}}