{"id":974,"date":"2021-07-22T10:22:56","date_gmt":"2021-07-22T10:22:56","guid":{"rendered":"https:\/\/institutfrancais.ro\/?page_id=974"},"modified":"2021-07-30T09:51:07","modified_gmt":"2021-07-30T09:51:07","slug":"nos-missions","status":"publish","type":"page","link":"https:\/\/institutfrancais.ro\/fr\/nos-missions\/","title":{"rendered":"Nos missions"},"content":{"rendered":"\n<p>L\u2019Institut fran\u00e7ais de Roumanie appartient au <a href=\"http:\/\/www.institutfrancais.com\/fr\">r\u00e9seau culturel de la France \u00e0 l\u2019\u00e9tranger<\/a>. Sa mission est d\u2019assurer la promotion de la langue et de la culture fran\u00e7aise et de d\u00e9velopper les \u00e9changes et la diversit\u00e9 culturels.<\/p>\n\n\n\n<p>L\u2019Institut fran\u00e7ais de Roumanie (IFR) dispose de quatre sites (Bucarest, Cluj-Napoca, Timisoara, Iasi), et travaille avec cinq Alliances fran\u00e7aises, 23 lyc\u00e9es bilingues, 115 fili\u00e8res universitaires francophones et 5 lectorats cofinanc\u00e9s ainsi qu\u2019une multitude de partenaires culturels, institutionnels et issus de la soci\u00e9t\u00e9 civile.<\/p>\n\n\n\n<p><a rel=\"noreferrer noopener\" href=\"https:\/\/institutfrancais.ro\/fr\/la-langue-francaise\/\" data-type=\"URL\" data-id=\"https:\/\/institutfrancais.ro\/fr\/la-langue-francaise\/\" target=\"_blank\">Langue fran\u00e7aise<\/a><br><a rel=\"noreferrer noopener\" href=\"https:\/\/institutfrancais.ro\/cultura-franceza\/\" target=\"_blank\">Culture <\/a><a rel=\"noreferrer noopener\" href=\"https:\/\/institutfrancais.ro\/fr\/la-culture-francaise\/\" data-type=\"URL\" data-id=\"https:\/\/institutfrancais.ro\/fr\/la-culture-francaise\/\" target=\"_blank\">fran\u00e7aise<\/a><br><a rel=\"noreferrer noopener\" href=\"https:\/\/institutfrancais.ro\/fr\/universitaire-et-scientifique\/\" target=\"_blank\" data-type=\"URL\" data-id=\"https:\/\/institutfrancais.ro\/fr\/universitaire-et-scientifique\/\">Coop\u00e9ration scientifique et universitaire<\/a><br><a rel=\"noreferrer noopener\" href=\"https:\/\/institutfrancais.ro\/tehnica-si-europeana\/\" target=\"_blank\">Coop\u00e9ration technique et europ\u00e9enne<\/a><\/p>\n","protected":false},"excerpt":{"rendered":"<p>L\u2019Institut fran\u00e7ais de Roumanie appartient au r\u00e9seau culturel de la France \u00e0 l\u2019\u00e9tranger. Sa mission est d\u2019assurer la promotion de la langue et de la culture fran\u00e7aise et de d\u00e9velopper les \u00e9changes et la diversit\u00e9 culturels. L\u2019Institut fran\u00e7ais de Roumanie (IFR) dispose de quatre sites (Bucarest, Cluj-Napoca, Timisoara, Iasi), et travaille avec cinq Alliances fran\u00e7aises, [&hellip;]<\/p>\n","protected":false},"author":1,"featured_media":0,"parent":0,"menu_order":0,"comment_status":"closed","ping_status":"closed","template":"","meta":{"footnotes":""},"class_list":["post-974","page","type-page","status-publish","hentry"],"_links":{"self":[{"href":"https:\/\/institutfrancais.ro\/fr\/wp-json\/wp\/v2\/pages\/974","targetHints":{"allow":["GET"]}}],"collection":[{"href":"https:\/\/institutfrancais.ro\/fr\/wp-json\/wp\/v2\/pages"}],"about":[{"href":"https:\/\/institutfrancais.ro\/fr\/wp-json\/wp\/v2\/types\/page"}],"author":[{"embeddable":true,"href":"https:\/\/institutfrancais.ro\/fr\/wp-json\/wp\/v2\/users\/1"}],"replies":[{"embeddable":true,"href":"https:\/\/institutfrancais.ro\/fr\/wp-json\/wp\/v2\/comments?post=974"}],"version-history":[{"count":3,"href":"https:\/\/institutfrancais.ro\/fr\/wp-json\/wp\/v2\/pages\/974\/revisions"}],"predecessor-version":[{"id":1389,"href":"https:\/\/institutfrancais.ro\/fr\/wp-json\/wp\/v2\/pages\/974\/revisions\/1389"}],"wp:attachment":[{"href":"https:\/\/institutfrancais.ro\/fr\/wp-json\/wp\/v2\/media?parent=974"}],"curies":[{"name":"wp","href":"https:\/\/api.w.org\/{rel}","templated":true}]}}