{"id":983,"date":"2021-07-22T10:25:38","date_gmt":"2021-07-22T10:25:38","guid":{"rendered":"https:\/\/institutfrancais.ro\/?page_id=983"},"modified":"2021-07-29T12:27:27","modified_gmt":"2021-07-29T12:27:27","slug":"technique-et-europeenne","status":"publish","type":"page","link":"https:\/\/institutfrancais.ro\/fr\/technique-et-europeenne\/","title":{"rendered":"Technique et europ\u00e9enne"},"content":{"rendered":"\n<p><strong>P\u00f4le gouvernance de l\u2019Institut fran\u00e7ais de Roumanie<\/strong><\/p>\n\n\n\n<p>Les missions de coop\u00e9ration technique et institutionnelle du Service de coop\u00e9ration et d\u2019Action culturelle de l\u2019Ambassade de France sont assur\u00e9es par l\u2019Institut fran\u00e7ais de Roumanie.<\/p>\n\n\n\n<p>La Roumanie et la France entretiennent des relations de coop\u00e9ration privil\u00e9gi\u00e9es, formalis\u00e9es dans une feuille de route du \u00ab&nbsp;partenariat strat\u00e9gique&nbsp;\u00bb renouvel\u00e9e le 25 octobre 2020. Ce partenariat pr\u00e9voit notamment des actions favorisant le renforcement des \u00e9changes bilat\u00e9raux dans diff\u00e9rents domaines, tant au niveau central qu\u2019avec les collectivit\u00e9s territoriales.<\/p>\n\n\n\n<p>Des actions de coop\u00e9ration sont d\u00e9velopp\u00e9es pour am\u00e9liorer la gouvernance et appuyer les r\u00e9formes de la justice et de l\u2019administration publique ainsi que pour la mise en \u0153uvre de diff\u00e9rentes politiques publiques. Elles sont conduites en ayant recours \u00e0 de l\u2019expertise fran\u00e7aise (organisation de formations et de visites d\u2019\u00e9tudes, \u00e9change d\u2019exp\u00e9riences, valorisation de r\u00e9seaux de partenaires etc.). Ces projets peuvent \u00e9galement faire l\u2019objet de co-financements roumains, fran\u00e7ais ou de l\u2019Union europ\u00e9enne.<\/p>\n\n\n\n<p>Ces actions se prolongent par un soutien financier \u00e0 des organisations de la soci\u00e9t\u00e9 civile par des appels \u00e0 projets th\u00e9matiques afin de valoriser des initiatives et de d\u00e9velopper les liens avec des partenaires fran\u00e7ais. Diff\u00e9rents domaines sont cibl\u00e9s, notamment le d\u00e9veloppement durable, la jeunesse, les Droits de l\u2019Homme, l\u2019\u00e9galit\u00e9 entre les femmes et les hommes, la protection de l\u2019enfance etc.<\/p>\n\n\n\n<p>Sur l\u2019ensemble de ces th\u00e9matiques, l\u2019Institut fran\u00e7ais de Roumanie assure la promotion et le d\u00e9veloppement du d\u00e9bat d\u2019id\u00e9es.<\/p>\n\n\n\n<p><strong><u>Contacts du p\u00f4le gouvernance de l\u2019Institut fran\u00e7ais de Roumanie<\/u><\/strong><\/p>\n\n\n\n<p>77 boulevard Dacia \u2013 010415 Bucarest<br>Mail&nbsp;: <a href=\"mailto:gouvernance@institutfrancais.ro\">gouvernance@institutfrancais.ro<\/a><br>T\u00e9l&nbsp;: 00 40 374 125&nbsp;263<br><br>Pour en savoir plus, consulter la rubrique d\u00e9di\u00e9e sur <a rel=\"noreferrer noopener\" href=\"https:\/\/ro.ambafrance.org\/Presentation-de-la-cooperation-administrative-technique-et-europeenne\" target=\"_blank\">le site de l\u2019Ambassade de France en Roumanie<\/a>.<\/p>\n","protected":false},"excerpt":{"rendered":"<p>P\u00f4le gouvernance de l\u2019Institut fran\u00e7ais de Roumanie Les missions de coop\u00e9ration technique et institutionnelle du Service de coop\u00e9ration et d\u2019Action culturelle de l\u2019Ambassade de France sont assur\u00e9es par l\u2019Institut fran\u00e7ais de Roumanie. La Roumanie et la France entretiennent des relations de coop\u00e9ration privil\u00e9gi\u00e9es, formalis\u00e9es dans une feuille de route du \u00ab&nbsp;partenariat strat\u00e9gique&nbsp;\u00bb renouvel\u00e9e le 25 [&hellip;]<\/p>\n","protected":false},"author":1,"featured_media":0,"parent":0,"menu_order":0,"comment_status":"closed","ping_status":"closed","template":"","meta":{"footnotes":""},"class_list":["post-983","page","type-page","status-publish","hentry"],"_links":{"self":[{"href":"https:\/\/institutfrancais.ro\/fr\/wp-json\/wp\/v2\/pages\/983","targetHints":{"allow":["GET"]}}],"collection":[{"href":"https:\/\/institutfrancais.ro\/fr\/wp-json\/wp\/v2\/pages"}],"about":[{"href":"https:\/\/institutfrancais.ro\/fr\/wp-json\/wp\/v2\/types\/page"}],"author":[{"embeddable":true,"href":"https:\/\/institutfrancais.ro\/fr\/wp-json\/wp\/v2\/users\/1"}],"replies":[{"embeddable":true,"href":"https:\/\/institutfrancais.ro\/fr\/wp-json\/wp\/v2\/comments?post=983"}],"version-history":[{"count":2,"href":"https:\/\/institutfrancais.ro\/fr\/wp-json\/wp\/v2\/pages\/983\/revisions"}],"predecessor-version":[{"id":1296,"href":"https:\/\/institutfrancais.ro\/fr\/wp-json\/wp\/v2\/pages\/983\/revisions\/1296"}],"wp:attachment":[{"href":"https:\/\/institutfrancais.ro\/fr\/wp-json\/wp\/v2\/media?parent=983"}],"curies":[{"name":"wp","href":"https:\/\/api.w.org\/{rel}","templated":true}]}}