{"id":986,"date":"2021-07-22T10:26:18","date_gmt":"2021-07-22T10:26:18","guid":{"rendered":"https:\/\/institutfrancais.ro\/?page_id=986"},"modified":"2021-07-29T14:12:46","modified_gmt":"2021-07-29T14:12:46","slug":"universitaire-et-scientifique","status":"publish","type":"page","link":"https:\/\/institutfrancais.ro\/fr\/universitaire-et-scientifique\/","title":{"rendered":"Universitaire et scientifique"},"content":{"rendered":"\n<p><strong>Le p\u00f4le d\u2019\u00e9changes universitaires et scientifiques de l\u2019IFR<\/strong> a pour mission de renforcer les coop\u00e9rations universitaires et de promouvoir l\u2019enseignement sup\u00e9rieur fran\u00e7ais aupr\u00e8s des \u00e9tudiants roumains. Pour accompagner cette dynamique, le p\u00f4le universitaire et l\u2019agence CampusFrance mettent en \u0153uvre plusieurs programmes, dont celui des bourses du gouvernement fran\u00e7ais.<\/p>\n\n\n\n<p>Il accompagne en outre les centres de recherche, les universit\u00e9s et les entreprises dans la mise en place et le soutien de coop\u00e9rations scientifiques avec la France. Il a \u00e9galement pour mission de participer \u00e0 la diffusion de la science aupr\u00e8s du grand public.<\/p>\n","protected":false},"excerpt":{"rendered":"<p>Le p\u00f4le d\u2019\u00e9changes universitaires et scientifiques de l\u2019IFR a pour mission de renforcer les coop\u00e9rations universitaires et de promouvoir l\u2019enseignement sup\u00e9rieur fran\u00e7ais aupr\u00e8s des \u00e9tudiants roumains. Pour accompagner cette dynamique, le p\u00f4le universitaire et l\u2019agence CampusFrance mettent en \u0153uvre plusieurs programmes, dont celui des bourses du gouvernement fran\u00e7ais. Il accompagne en outre les centres de [&hellip;]<\/p>\n","protected":false},"author":1,"featured_media":0,"parent":0,"menu_order":0,"comment_status":"closed","ping_status":"closed","template":"","meta":{"footnotes":""},"class_list":["post-986","page","type-page","status-publish","hentry"],"_links":{"self":[{"href":"https:\/\/institutfrancais.ro\/fr\/wp-json\/wp\/v2\/pages\/986","targetHints":{"allow":["GET"]}}],"collection":[{"href":"https:\/\/institutfrancais.ro\/fr\/wp-json\/wp\/v2\/pages"}],"about":[{"href":"https:\/\/institutfrancais.ro\/fr\/wp-json\/wp\/v2\/types\/page"}],"author":[{"embeddable":true,"href":"https:\/\/institutfrancais.ro\/fr\/wp-json\/wp\/v2\/users\/1"}],"replies":[{"embeddable":true,"href":"https:\/\/institutfrancais.ro\/fr\/wp-json\/wp\/v2\/comments?post=986"}],"version-history":[{"count":2,"href":"https:\/\/institutfrancais.ro\/fr\/wp-json\/wp\/v2\/pages\/986\/revisions"}],"predecessor-version":[{"id":1342,"href":"https:\/\/institutfrancais.ro\/fr\/wp-json\/wp\/v2\/pages\/986\/revisions\/1342"}],"wp:attachment":[{"href":"https:\/\/institutfrancais.ro\/fr\/wp-json\/wp\/v2\/media?parent=986"}],"curies":[{"name":"wp","href":"https:\/\/api.w.org\/{rel}","templated":true}]}}