{"id":988,"date":"2021-07-22T10:26:38","date_gmt":"2021-07-22T10:26:38","guid":{"rendered":"https:\/\/institutfrancais.ro\/?page_id=988"},"modified":"2021-07-30T11:13:58","modified_gmt":"2021-07-30T11:13:58","slug":"la-vie-en-france","status":"publish","type":"page","link":"https:\/\/institutfrancais.ro\/fr\/la-vie-en-france\/","title":{"rendered":"La vie en France"},"content":{"rendered":"\n<p>&nbsp;<strong>LES QUESTIONS PRATIQUES<\/strong><strong><\/strong><\/p>\n\n\n\n<ul class=\"wp-block-list\"><li><strong>Quel est, en moyenne, le co\u00fbt de la vie en France&nbsp;?&nbsp; <\/strong><strong><\/strong><\/li><\/ul>\n\n\n\n<p>Pour vivre en France, il est souhaitable de disposer d\u2019un budget mensuel allant de 600 \u00e0 800 euros en province et de 800 \u00e0 1000 euros \u00e0 Paris pour couvrir les frais de nourriture, de transport et d\u2019h\u00e9bergement. Bien entendu, cette somme varie selon le lieu du s\u00e9jour et le type de r\u00e9sidence de l\u2019\u00e9tudiant.<\/p>\n\n\n\n<p><strong>En savoir plus<\/strong>&gt; La vie quotidienne en France&nbsp;: <a href=\"http:\/\/www.campusfrance.org\/fr\/page\/gerer-son-argent\">http:\/\/www.campusfrance.org\/fr\/page\/gerer-son-argent<\/a><\/p>\n\n\n\n<ul class=\"wp-block-list\"><li><strong>Quelles sont les diff\u00e9rentes assurances pour les \u00e9tudiants&nbsp;?<\/strong><\/li><\/ul>\n\n\n\n<p>Il existe de nombreuses assurances &#8211; civile, sant\u00e9, <a href=\"http:\/\/etudiant.aujourdhui.fr\/etudiant\/info\/logement-etudiant.html\">logement<\/a>, auto, voyages &#8211; mais attention elles ne sont pas toutes obligatoires. Renseignez-vous bien sur les conditions et les risques assur\u00e9s pour \u00e9viter de payer en double ou tout simplement pour bien vous faire rembourser.&nbsp;<br><br><\/p>\n\n\n\n<p><strong>En savoir plus<\/strong>&gt; Assurance \u00e9tudiant&nbsp;: <a href=\"http:\/\/etudiant.aujourdhui.fr\/etudiant\/info\/assurance-etudiant.html\">http:\/\/etudiant.aujourdhui.fr\/etudiant\/info\/assurance-etudiant.html<\/a><\/p>\n\n\n\n<ul class=\"wp-block-list\"><li><strong>Dois-je souscrire \u00e0 une assurance m\u00e9dicale pour m\u2019inscrire pour des \u00e9tudes en France&nbsp;?<\/strong><\/li><\/ul>\n\n\n\n<p>Les \u00e9tudiants issus d\u2019un Etat membre de l\u2019Espace \u00e9conomique europ\u00e9en ou de Suisse b\u00e9n\u00e9ficient de la S\u00e9curit\u00e9 sociale fran\u00e7aise, sans payer de cotisation sociale, d\u00e8s lors qu\u2019ils se munissent d\u2019une Carte europ\u00e9enne d\u2019assurance maladie (CEAM) couvrant toute l\u2019ann\u00e9e universitaire. Au cas o\u00f9 vous n\u2019avez pas cette carte,&nbsp; vous devez vous inscrire &nbsp;\u00e0 la s\u00e9curit\u00e9 sociale fran\u00e7aise. Trois \u00e9tapes principales en se connectant au site&nbsp;<a href=\"https:\/\/etudiant-etranger.ameli.fr\/#\/\" target=\"_blank\" rel=\"noreferrer noopener\">etudiant-etranger.ameli.fr\/<\/a><strong><\/strong><\/p>\n\n\n\n<ol class=\"wp-block-list\" type=\"1\"><li>Je commence mes d\u00e9marches sur le&nbsp;<a href=\"https:\/\/etudiant-etranger.ameli.fr\/#\/\" target=\"_blank\" rel=\"noreferrer noopener\"><strong>site de l\u2019assurance maladie d\u00e9di\u00e9e aux \u00e9tudiants \u00e9trangers<\/strong><\/a>&nbsp;d\u00e8s que je suis inscrit dans mon \u00e9tablissement.<\/li><li>Je compl\u00e8te mon dossier d\u00e8s que j\u2019ai&nbsp;<strong>ouvert un&nbsp;<\/strong><a href=\"https:\/\/www.campusfrance.org\/fr\/organiser-arrivee-France-check-list\"><strong>compte bancaire en France<\/strong><\/a>.<\/li><li>J\u2019obtiens ma carte Vitale sur&nbsp;<a href=\"https:\/\/www.ameli.fr\/paris\" target=\"_blank\" rel=\"noreferrer noopener\"><strong>ameli.fr<\/strong><\/a><strong> <\/strong>pour g\u00e9rer mes remboursements.&nbsp;<\/li><\/ol>\n\n\n\n<p><strong>En savoir plus<\/strong>&gt; Se soigner&nbsp;: <a href=\"http:\/\/www.campusfrance.org\/fr\/page\/le-systeme-de-sante\">http:\/\/www.campusfrance.org\/fr\/page\/le-systeme-de-sante<\/a><\/p>\n\n\n\n<ul class=\"wp-block-list\"><li><strong>Quelles sont mes options en termes de logement?<\/strong><strong><\/strong><\/li><\/ul>\n\n\n\n<p>Avant d\u2019entreprendre la recherche d\u2019un logement en France, il est n\u00e9cessaire de d\u00e9terminer, en fonction de votre statut, de vos moyens financiers et de la dur\u00e9e de votre s\u00e9jour, vers quel type d\u2019h\u00e9bergement vous vous orientez. Parmi les diff\u00e9rentes possibilit\u00e9s il y a les r\u00e9sidences universitaires g\u00e9r\u00e9es par les CROUS, les r\u00e9sidences \u00e9tudiantes priv\u00e9es, la location dans le secteur priv\u00e9, le logement en famille, etc.<\/p>\n\n\n\n<p><strong>Attention&nbsp;!<\/strong> A Paris, trouver un logement pose un v\u00e9ritable probl\u00e8me, alors n\u2019attendez pas la derni\u00e8re minutes pour faire votre recherche et surtout diversifiez vos recherches de logement.&nbsp;<\/p>\n\n\n\n<p><strong>En savoir plus<\/strong>&gt; Se loger&nbsp;: <a href=\"http:\/\/www.campusfrance.org\/fr\/page\/trouver-un-logement\">http:\/\/www.campusfrance.org\/fr\/page\/trouver-un-logement<\/a><\/p>\n\n\n\n<p><strong>En savoir plus<\/strong>&gt; Fiches arriv\u00e9e&nbsp;: <a href=\"http:\/\/www.campusfrance.org\/fr\/espace-documentaires\/guides-dinformation\/fiches_arrivee\">http:\/\/www.campusfrance.org\/fr\/espace-documentaires\/guides-dinformation\/fiches_arrivee<\/a><\/p>\n\n\n\n<ul class=\"wp-block-list\"><li><strong>Les aides au logement c\u2019est quoi exactement&nbsp;?&nbsp;<\/strong><\/li><\/ul>\n\n\n\n<p>En&nbsp; France, les \u00e9tudiants \u00e9trangers b\u00e9n\u00e9ficient d\u2019aides au logement au m\u00eame titre que les \u00e9tudiants fran\u00e7ais qui leur permettent de r\u00e9duire mensuellement le co\u00fbt de leur logement. Il existe deux types d\u2019aide au logement non cumulables et qui d\u00e9pendent du type de logement choisi&nbsp;: l\u2019allocation de logement \u00e0 caract\u00e8re social (ASL) et l\u2019aide personnalis\u00e9e au logement (APL). Le montant de l\u2019allocation est variable en fonction du prix du loyer et de la situation de l\u2019\u00e9tudiant.<\/p>\n\n\n\n<p>En savoir plus&gt; Caisse d\u2019allocations familiales&nbsp;: <a href=\"http:\/\/www.caf.fr\/ma-caf\/caf-de-loire-atlantique\/offre-de-service\/logement-et-cadre-de-vie\/aide-au-logement-etudiant\">http:\/\/www.caf.fr\/ma-caf\/caf-de-loire-atlantique\/offre-de-service\/logement-et-cadre-de-vie\/aide-au-logement-etudiant<\/a><\/p>\n\n\n\n<ul class=\"wp-block-list\"><li><strong>En tant qu\u2019\u00e9tudiant ai-je le droit de travailler pendant mes \u00e9tudes?<\/strong><\/li><\/ul>\n\n\n\n<p><strong>Travailler \u00e0 mi-temps<\/strong>: les \u00e9tudiants ont le droit de travailler \u00e0 mi-temps, soit 20h\/semaine = revenu ~ 500\u20ac\/mois<\/p>\n\n\n\n<p>Oui, au m\u00eame titre que les \u00e9tudiants fran\u00e7ais, les \u00e9tudiants de l\u2019Espace \u00e9conomique europ\u00e9en ou de suisse peuvent librement exercer toute activit\u00e9 professionnelle durant leurs \u00e9tudes en France \u00e0 condition de remplir l\u2019obligation d\u2019assiduit\u00e9 de leurs \u00e9tudes.&nbsp;<\/p>\n\n\n\n<p><strong>En savoir plus<\/strong>&gt; Travailler en France&nbsp;: <a href=\"http:\/\/www.campusfrance.org\/fr\/page\/travailler-en-france-pendant-ses-etudes\">http:\/\/www.campusfrance.org\/fr\/page\/travailler-en-france-pendant-ses-etudes<\/a><\/p>\n\n\n\n<ul class=\"wp-block-list\"><li><strong>Est-ce que je peux rester travailler en France apr\u00e8s mes \u00e9tudes&nbsp;si je le souhaite? <\/strong><strong><\/strong><\/li><\/ul>\n\n\n\n<p>Oui, les \u00e9tudiants ressortissants de l\u2019Union europ\u00e9enne peuvent travailler librement en France \u00e0 l\u2019issue de leurs \u00e9tudes.&nbsp;&nbsp;<\/p>\n","protected":false},"excerpt":{"rendered":"<p>&nbsp;LES QUESTIONS PRATIQUES Quel est, en moyenne, le co\u00fbt de la vie en France&nbsp;?&nbsp; Pour vivre en France, il est souhaitable de disposer d\u2019un budget mensuel allant de 600 \u00e0 800 euros en province et de 800 \u00e0 1000 euros \u00e0 Paris pour couvrir les frais de nourriture, de transport et d\u2019h\u00e9bergement. Bien entendu, cette [&hellip;]<\/p>\n","protected":false},"author":1,"featured_media":0,"parent":0,"menu_order":0,"comment_status":"closed","ping_status":"closed","template":"","meta":{"footnotes":""},"class_list":["post-988","page","type-page","status-publish","hentry"],"_links":{"self":[{"href":"https:\/\/institutfrancais.ro\/fr\/wp-json\/wp\/v2\/pages\/988","targetHints":{"allow":["GET"]}}],"collection":[{"href":"https:\/\/institutfrancais.ro\/fr\/wp-json\/wp\/v2\/pages"}],"about":[{"href":"https:\/\/institutfrancais.ro\/fr\/wp-json\/wp\/v2\/types\/page"}],"author":[{"embeddable":true,"href":"https:\/\/institutfrancais.ro\/fr\/wp-json\/wp\/v2\/users\/1"}],"replies":[{"embeddable":true,"href":"https:\/\/institutfrancais.ro\/fr\/wp-json\/wp\/v2\/comments?post=988"}],"version-history":[{"count":2,"href":"https:\/\/institutfrancais.ro\/fr\/wp-json\/wp\/v2\/pages\/988\/revisions"}],"predecessor-version":[{"id":1400,"href":"https:\/\/institutfrancais.ro\/fr\/wp-json\/wp\/v2\/pages\/988\/revisions\/1400"}],"wp:attachment":[{"href":"https:\/\/institutfrancais.ro\/fr\/wp-json\/wp\/v2\/media?parent=988"}],"curies":[{"name":"wp","href":"https:\/\/api.w.org\/{rel}","templated":true}]}}