{"id":1036,"date":"2021-03-02T00:51:00","date_gmt":"2021-03-02T00:51:00","guid":{"rendered":"https:\/\/institutfrancais.ro\/iasi\/povestea-ifr-la-iasi\/"},"modified":"2021-05-13T08:11:16","modified_gmt":"2021-05-13T08:11:16","slug":"povestea-ifr-la-iasi","status":"publish","type":"page","link":"https:\/\/institutfrancais.ro\/iasi\/fr\/povestea-ifr-la-iasi\/","title":{"rendered":"Histoire de l&rsquo;IFR \u00e0 Ia\u0219i"},"content":{"rendered":"\n<p>Promoteur principal de la francophonie dans la r\u00e9gion de la Moldavie, l\u2019Institut Fran\u00e7ais de Roumanie \u00e0 Ia\u015fi est une antenne r\u00e9gionale de l\u2019Institut Fran\u00e7ais de Roumanie qui fait partie du r\u00e9seau culturel fran\u00e7ais du monde entier. L\u2019Institut a \u00e9t\u00e9 inaugur\u00e9 le 19 avril 1991, en pr\u00e9sence des pr\u00e9sidents Fran\u00e7ois Mitterrand et Ion Iliescu, et ouvert officiellement au mois de d\u00e9cembre 1992. Il est situ\u00e9 dans l\u2019un des plus beaux b\u00e2timents de patrimoine de Ia\u015fi, au centre de la vie universitaire et culturelle de la ville.<\/p>\n\n\n\n<p>L\u2019Institut Fran\u00e7ais de Roumanie \u00e0 Ia\u015fi a des partenariats de longue dur\u00e9e avec les universit\u00e9s prestigieuses de Ia\u015fi&nbsp;: l\u2019Universit\u00e9 \u00ab Al. I. Cuza \u00bb, l\u2019Universit\u00e9 technique \u00ab Gheorghe Asachi \u00bb, l\u2019Universit\u00e9 de M\u00e9decine et Pharmacie \u00ab Grigore T. Popa \u00bb, avec plus de 700 \u00e9tudiants fran\u00e7ais et francophones.<\/p>\n\n\n\n<p>L\u2019Institut Fran\u00e7ais de Roumanie \u00e0 Ia\u015fi est ouvert au public de tous \u00e2ges, que nous attendons \u00e0 nos nombreux \u00e9v\u00e9nements culturels, activit\u00e9s de la M\u00e9diath\u00e8que, aussi bien qu\u2019une offre vari\u00e9e de cours et examens, anim\u00e9s par des professeurs dynamiques et ouverts.<\/p>\n\n\n\n<p>Les mots-cl\u00e9s qui synth\u00e9tisent la strat\u00e9gie de l\u2019Institut Fran\u00e7ais sont promotion, diffusion, collaboration. Le r\u00f4le est de construire des ponts interculturels et d\u2019attirer le jeune public vers la langue et la culture fran\u00e7aise.<\/p>\n\n\n\n<p>\u25ba<strong>Cours, examens, certifications<\/strong><\/p>\n\n\n\n<p>Les cours de fran\u00e7ais de l\u2019Institut attirent chaque ann\u00e9e plus de 700 inscriptions gr\u00e2ce \u00e0 une \u00e9quipe de professeurs form\u00e9s conform\u00e9ment aux tendances les plus r\u00e9centes en p\u00e9dagogie. L\u2019Institut Fran\u00e7ais \u00e0 Ia\u015fi fait \u00e9galement piloter 13 centres d\u00e9localis\u00e9s de cours et examens Delf dans les lyc\u00e9es et les \u00e9coles prestigieux de la Moldavie enti\u00e8re. En plus, les entreprises de Ia\u015fi font confiance totale \u00e0 notre expertise dans le domaine de la formation : Webhelp, Pentalog, ISFRADA, BRD Soci\u00e9t\u00e9 G\u00e9n\u00e9rale, Atexis, Capgemini, Auchan, Delphi Diesel Systems, Veolia, Scc Services, Xerox.<\/p>\n\n\n\n<p><strong>\u25baCulture et d\u00e9bats<\/strong><\/p>\n\n\n\n<p>L\u2019Institut Fran\u00e7ais \u00e0 Ia\u015fi est l\u2019un des acteurs culturels principaux de la ville de Ia\u015fi. Il collabore avec de nombreux partenaires culturels roumains tels que le Mus\u00e9e National de Litt\u00e9rature Roumaine, le Th\u00e9\u00e2tre National, la Philharmonie et avec des partenaires europ\u00e9ens tels que le Centre culturel allemand, British Council, Europe Direct.<\/p>\n\n\n\n<p>Il soutient et organise plus de 50 \u00e9v\u00e9nements culturels annuels tels que le FILIT, le Festival du film documentaire DocEst, le Festival de Th\u00e9\u00e2tre pour le Jeune Public, les Rencontres po\u00e9tiques de l\u2019Institut fran\u00e7ais \u00e0 Ia\u015fi, les Journ\u00e9es de la M\u00e9moire des Victimes de l\u2019Holocauste, la Nuit des Id\u00e9es, le Festival du film fran\u00e7ais, le Festival des Tr\u00e8s Courts, la Journ\u00e9e europ\u00e9enne des langues, la Biennale de photographie. Il s\u2019associe \u00e0 des projets, telle que Ia\u015fi, la capitale culturelle de la jeunesse 2019-2020.<\/p>\n\n\n\n<p>\u25ba<strong>M\u00e9diath\u00e8que<\/strong><\/p>\n\n\n\n<p>La M\u00e9diath\u00e8que de l\u2019Institut Fran\u00e7ais \u00e0 Ia\u015fi dispose de 18500 documents (presse, livres, films, bandes dessin\u00e9s, CD). Elle est ouverte 40 heures par semaine. L\u2019espace de la M\u00e9diath\u00e8que comprend une salle de lecture de 18 places, une salle destin\u00e9e aux jeunes. Les services offerts par la M\u00e9diath\u00e8que consistent \u00e0 pr\u00eater des documenter (livres, revues, DVD, CD, journaux), Campus France, Sono Vid\u00e9oth\u00e8que, le Club des \u00e9l\u00e8ves francophones, le Club de lecture, ateliers d\u2019arts plastiques pour les enfants, la M\u00e9diath\u00e8que num\u00e9rique, tablettes, jeux vid\u00e9o \u00e9ducatifs, WiFi gratuit.<\/p>\n","protected":false},"excerpt":{"rendered":"<p>Promoteur principal de la francophonie dans la r\u00e9gion de la Moldavie, l\u2019Institut Fran\u00e7ais de Roumanie \u00e0 Ia\u015fi est une antenne r\u00e9gionale de l\u2019Institut Fran\u00e7ais de Roumanie qui fait partie du r\u00e9seau culturel fran\u00e7ais du monde entier. L\u2019Institut a \u00e9t\u00e9 inaugur\u00e9 le 19 avril 1991, en pr\u00e9sence des pr\u00e9sidents Fran\u00e7ois Mitterrand et Ion Iliescu, et ouvert [&hellip;]<\/p>\n","protected":false},"author":1,"featured_media":1044,"parent":0,"menu_order":0,"comment_status":"closed","ping_status":"closed","template":"","meta":{"footnotes":""},"class_list":["post-1036","page","type-page","status-publish","has-post-thumbnail","hentry"],"_links":{"self":[{"href":"https:\/\/institutfrancais.ro\/iasi\/fr\/wp-json\/wp\/v2\/pages\/1036","targetHints":{"allow":["GET"]}}],"collection":[{"href":"https:\/\/institutfrancais.ro\/iasi\/fr\/wp-json\/wp\/v2\/pages"}],"about":[{"href":"https:\/\/institutfrancais.ro\/iasi\/fr\/wp-json\/wp\/v2\/types\/page"}],"author":[{"embeddable":true,"href":"https:\/\/institutfrancais.ro\/iasi\/fr\/wp-json\/wp\/v2\/users\/1"}],"replies":[{"embeddable":true,"href":"https:\/\/institutfrancais.ro\/iasi\/fr\/wp-json\/wp\/v2\/comments?post=1036"}],"version-history":[{"count":2,"href":"https:\/\/institutfrancais.ro\/iasi\/fr\/wp-json\/wp\/v2\/pages\/1036\/revisions"}],"predecessor-version":[{"id":1039,"href":"https:\/\/institutfrancais.ro\/iasi\/fr\/wp-json\/wp\/v2\/pages\/1036\/revisions\/1039"}],"wp:featuredmedia":[{"embeddable":true,"href":"https:\/\/institutfrancais.ro\/iasi\/fr\/wp-json\/wp\/v2\/media\/1044"}],"wp:attachment":[{"href":"https:\/\/institutfrancais.ro\/iasi\/fr\/wp-json\/wp\/v2\/media?parent=1036"}],"curies":[{"name":"wp","href":"https:\/\/api.w.org\/{rel}","templated":true}]}}