{"id":384,"date":"2021-02-17T12:39:16","date_gmt":"2021-02-17T12:39:16","guid":{"rendered":"https:\/\/institutfrancais.ro\/iasi\/?page_id=384"},"modified":"2023-01-26T09:58:49","modified_gmt":"2023-01-26T09:58:49","slug":"termeni-si-conditii","status":"publish","type":"page","link":"https:\/\/institutfrancais.ro\/iasi\/fr\/termeni-si-conditii\/","title":{"rendered":"Termeni \u0219i condi\u021bii"},"content":{"rendered":"\n<p>Protec\u021bia \u0219i prelucrarea datelor cu caracter personal<\/p>\n\n\n\n<p>Respectarea legilor:<\/p>\n\n\n\n<p>Site-ul&nbsp;<a rel=\"noreferrer noopener\" href=\"http:\/\/www.institutfrancais.ro\/\" target=\"_blank\">institutfrancais.ro<\/a>&nbsp;respect\u0103 via\u021ba privat\u0103 a utilizatorului \u0219i se conformeaz\u0103 cu stricte\u021be legilor \u00een vigoare privind protec\u021bia vie\u021bii private \u0219i a libert\u0103\u021bii individuale. Nicio informa\u021bie personal\u0103 nu este colectat\u0103 f\u0103r\u0103 \u0219tirea dumneavoastr\u0103. Nicio informa\u021bie personal\u0103 nu este cedat\u0103 unei ter\u021be p\u0103r\u021bi, adrese de e-mail sau alte informa\u021bii personale care se adreseaz\u0103 acestui site nu fac obiectul niciunei exploat\u0103ri \u0219i sunt re\u021binute doar pe durata necesar\u0103 prelucr\u0103rii lor.<\/p>\n\n\n\n<h3 class=\"wp-block-heading\"><strong>Drepturile utilizatorilor: dreptul de acces \u0219i de rectificare<\/strong><\/h3>\n\n\n\n<p>\u00cen conformitate cu Legea nr 78-17 din 6 ianuarie 1978 cu privire la informatic\u0103, fi\u0219iere \u0219i libert\u0103\u021bi, utilizatorii au dreptul de a accesa, modifica, corecta \u0219i de a \u0219terge datele care \u00eei privesc. Acest drept este exercitat prin e-mail la&nbsp;<a href=\"http:\/\/www.institutfrancais.ro\/\" target=\"_blank\" rel=\"noreferrer noopener\">institutfrancais.ro<\/a>&nbsp;sau prin po\u0219t\u0103, cu dovada identit\u0103\u021bii, la urm\u0103toarea adres\u0103:&nbsp;<a href=\"http:\/\/www.institutfrancais.ro\/\" target=\"_blank\" rel=\"noreferrer noopener\">institutfrancais.ro<\/a><\/p>\n\n\n\n<p>Drepturile de autor \u0219i drepturile de reproducere a con\u021binutului postat<\/p>\n\n\n\n<p>Toate elementele care figureaz\u0103 pe site-ul&nbsp;<a href=\"http:\/\/www.institutfrancais.ro\/\" target=\"_blank\" rel=\"noreferrer noopener\">institutfrancais.ro<\/a>&nbsp;(texte, desene, programe, fotografii, nume, logo-uri etc.), sunt protejate de prevederile legii propriet\u0103\u021bii intelectuale \u0219i ale legii drepturilor de autor.<\/p>\n\n\n\n<p>\u00cen conformitate cu legea propriet\u0103\u021bii intelectuale, orice reproducere, modificare, adaptare, distribuire \u0219i\/sau traducere a oric\u0103rui element al site-ului&nbsp;<a href=\"http:\/\/www.institutfrancais.com\/fr\" target=\"_blank\" rel=\"noreferrer noopener\">institutfrancais.ro<\/a>, integral sau par\u021bial, \u00een orice format (electronic, h\u00e2rtie etc.), este interzis\u0103 f\u0103r\u0103 acordul expres al Institutului francez.<\/p>\n\n\n\n<h3 class=\"wp-block-heading\"><strong>Drepturile de reproducere a documentelor publice sau oficiale:<\/strong><\/h3>\n\n\n\n<p>\u00cen conformitate cu dreptul public de proprietate intelectual\u0103, documentele oficiale sunt liber reutilizabile:<\/p>\n\n\n\n<ul class=\"wp-block-list\"><li>discursuri, kituri de pres\u0103 \u0219i comunicate<\/li><li>circulare, orient\u0103ri \u0219i alte documente de reglementare<\/li><\/ul>\n\n\n\n<p>Reutilizarea non-comercial\u0103, inclusiv predarea, este autorizat\u0103 cu condi\u021bia s\u0103 respecte integritatea informa\u021biilor \u0219i s\u0103 nu modifice nici sensul, nici \u00eentinderea sau aplicarea \u0219i precizeaz\u0103 originea \u0219i data public\u0103rii.<\/p>\n\n\n\n<p>Informa\u021biile nu pot fi folosite \u00een scopuri comerciale sau promo\u021bionale, f\u0103r\u0103 autorizarea expres\u0103 \u0219i ob\u021binerea unei licen\u021be de reutilizare a informa\u021biilor publice.<\/p>\n\n\n\n<p>Este considerat\u0103 refolosire \u00een scopuri comerciale sau promo\u021bionale dezvoltarea, folosind informa\u021bii publice, a unui produs sau a unui serviciu care urmeaz\u0103 s\u0103 fie pus la dispozi\u021bia unor ter\u021be p\u0103r\u021bi, gratuit sau solicit\u00e2nd onorariu.<\/p>\n\n\n\n<h3 class=\"wp-block-heading\"><strong>Cerere de autorizare a reproducerii con\u021binuturilor<\/strong><\/h3>\n\n\n\n<p>Solicit\u0103rile de autorizare vor fi adresate:&nbsp;<a href=\"http:\/\/www.institutfrancais.ro\/\" target=\"_blank\" rel=\"noreferrer noopener\">institutfrancais.ro<\/a><\/p>\n\n\n\n<p>Cererea trebuie s\u0103 specifice con\u021binutul dorit \u0219i publica\u021bia sau site-ul \u00een cazul \u00een care acesta va ap\u0103rea. Dup\u0103 autorizare, reproducerea con\u021binutului trebuie s\u0103 respecte urm\u0103toarele principii:<\/p>\n\n\n\n<ul class=\"wp-block-list\"><li>distribuirea gratuit\u0103;<\/li><li>respectarea integrit\u0103\u021bii documentelor reproduse (f\u0103r\u0103 modific\u0103ri sau alter\u0103ri de orice fel);<\/li><li>men\u021biune obligatorie: \u201e\u00a9&nbsp;<a href=\"http:\/\/www.institutfrancais.ro\/\" target=\"_blank\" rel=\"noreferrer noopener\">http:\/\/www.institutfrancais.ro<\/a>&nbsp;\u2013 drepturi rezervate\u201d. Aceast\u0103 men\u021biune va fi indicat\u0103 printr-un link spre con\u021binut.<\/li><\/ul>\n\n\n\n<h3 class=\"wp-block-heading\">Clauza de r\u0103spundere<\/h3>\n\n\n\n<p>Informa\u021biile furnizate pe acest site sunt servicii pentru public. \u00cen ciuda aten\u021biei acordate \u00een transcrierea documentelor oficiale, \u00een verificarea con\u021binuturilor \u0219i a informa\u021biilor, elementele postate nu ar putea, \u00een niciun fel, s\u0103 pretind\u0103 exactitatea \u0219i s\u0103 fie responsabilitatea Institutului Francez din Rom\u00e2nia.<\/p>\n","protected":false},"excerpt":{"rendered":"<p>Protec\u021bia \u0219i prelucrarea datelor cu caracter personal Respectarea legilor: Site-ul&nbsp;institutfrancais.ro&nbsp;respect\u0103 via\u021ba privat\u0103 a utilizatorului \u0219i se conformeaz\u0103 cu stricte\u021be legilor \u00een vigoare privind protec\u021bia vie\u021bii private \u0219i a libert\u0103\u021bii individuale. Nicio informa\u021bie personal\u0103 nu este colectat\u0103 f\u0103r\u0103 \u0219tirea dumneavoastr\u0103. Nicio informa\u021bie personal\u0103 nu este cedat\u0103 unei ter\u021be p\u0103r\u021bi, adrese de e-mail sau alte informa\u021bii personale [&hellip;]<\/p>\n","protected":false},"author":1,"featured_media":0,"parent":0,"menu_order":0,"comment_status":"closed","ping_status":"closed","template":"template\/simple-page-template.php","meta":{"footnotes":""},"class_list":["post-384","page","type-page","status-publish","hentry"],"_links":{"self":[{"href":"https:\/\/institutfrancais.ro\/iasi\/fr\/wp-json\/wp\/v2\/pages\/384","targetHints":{"allow":["GET"]}}],"collection":[{"href":"https:\/\/institutfrancais.ro\/iasi\/fr\/wp-json\/wp\/v2\/pages"}],"about":[{"href":"https:\/\/institutfrancais.ro\/iasi\/fr\/wp-json\/wp\/v2\/types\/page"}],"author":[{"embeddable":true,"href":"https:\/\/institutfrancais.ro\/iasi\/fr\/wp-json\/wp\/v2\/users\/1"}],"replies":[{"embeddable":true,"href":"https:\/\/institutfrancais.ro\/iasi\/fr\/wp-json\/wp\/v2\/comments?post=384"}],"version-history":[{"count":2,"href":"https:\/\/institutfrancais.ro\/iasi\/fr\/wp-json\/wp\/v2\/pages\/384\/revisions"}],"predecessor-version":[{"id":4066,"href":"https:\/\/institutfrancais.ro\/iasi\/fr\/wp-json\/wp\/v2\/pages\/384\/revisions\/4066"}],"wp:attachment":[{"href":"https:\/\/institutfrancais.ro\/iasi\/fr\/wp-json\/wp\/v2\/media?parent=384"}],"curies":[{"name":"wp","href":"https:\/\/api.w.org\/{rel}","templated":true}]}}