{"id":357,"date":"2021-03-02T00:51:00","date_gmt":"2021-03-02T00:51:00","guid":{"rendered":"https:\/\/institutfrancais.ro\/bucuresti\/?page_id=357"},"modified":"2021-05-13T08:19:15","modified_gmt":"2021-05-13T08:19:15","slug":"povestea-ifr-la-iasi","status":"publish","type":"page","link":"https:\/\/institutfrancais.ro\/iasi\/povestea-ifr-la-iasi\/","title":{"rendered":"Povestea IFR la Ia\u0219i"},"content":{"rendered":"\n<p>Principal promotor al francofoniei \u00een regiunea Moldovei, Institutul Francez din Ia\u015fi este o anten\u0103 regional\u0103 a Institutului Francez din Rom\u00e2nia, care face parte din re\u0163eaua cultural\u0103 francez\u0103 din \u00eentreaga lume. Institutul a fost inaugurat pe 19 aprilie 1991, \u00een prezen\u0163a pre\u015fedin\u0163ilor Fran\u00e7ois Mitterrand \u015fi Ion Iliescu, \u015fi deschis oficial \u00een decembrie 1992. Este situat \u00eentr-una dintre cele mai frumoase cl\u0103diri de patrimoniu din Ia\u015fi, \u00een inima vie\u0163ii universitare \u015fi culturale a ora\u015fului.<\/p>\n\n\n\n<p>Institutul Francez din Ia\u0219i are parteneriate de lung\u01ce durat\u01ce cu prestigioasele universit\u01ce\u0163i din Ia\u0219i, dintre care Universitatea \u201eAl. I. Cuza\u201d, Universitatea tehnic\u01ce \u201eGheorghe Asachi\u201d, Universitatea de Medicin\u01ce \u0219i Farmacie \u201eGrigore T. Popa\u201d, cu peste 700 de studen\u0163i francezi \u0219i francofoni.<\/p>\n\n\n\n<p>Institutul Francez din Ia\u015fi este deschis publicului de toate v\u00e2rstele, pe care \u00eel a\u015fteapt\u0103 cu numeroase evenimente culturale, activit\u0103\u0163ile Mediatecii, precum \u015fi cu o ofert\u0103 variat\u0103 de cursuri \u015fi examene, animate de profesori dinamici \u015fi deschi\u015fi.<\/p>\n\n\n\n<p>Cuvintele-cheie care sintetizeaz\u0103 strategia Institutului Francez sunt promovare, difuzare, colaborare. Rolul este acela de a construi pun\u0163i interculturale \u015fi de a-i atrage pe cei tineri spre limba \u015fi cultura francez\u0103.<\/p>\n\n\n\n<p>\u25ba<strong>Cursuri, examene, certific\u01ceri<\/strong><\/p>\n\n\n\n<p>Cursurile de limba francez\u0103 ale Institutului atrag anual mai bine de 700 de \u00eenscrieri gra\u0163ie unei echipe de profesori forma\u0163i \u00een conformitate cu cele mai recente tendin\u0163e din pedagogie. De asemenea, Institutul Francez din Ia\u015fi piloteaz\u0103 13 centre delocalizate de cursuri \u015fi examene DELF \u00een licee \u015fi \u015fcoli prestigioase din \u00eentreaga Moldov\u0103. \u00cen plus, \u00eentreprinderile din Ia\u015fi au \u00eencredere total\u0103 \u00een expertiza noastr\u0103 \u00een domeniul form\u0103rii&nbsp;: Webhelp, Pentalog, ISFRADA, BRD Soci\u00e9t\u00e9 G\u00e9n\u00e9rale, Atexis, Capgemini, Auchan, Delphi Diesel Systems, Veolia, Scc Services, Xerox.<\/p>\n\n\n\n<p><strong>\u25baCultur\u01ce \u0219i dezbateri<\/strong><\/p>\n\n\n\n<p>Institutul Francez este unul dintre principalii actori culturali ai ora\u0219ului Ia\u0219i. Colaboreaz\u01ce cu numero\u0219i parteneri culturali rom\u00e2ni, precum Muzeul Na\u0163ional al Literaturii Rom\u00e2ne, Teatrul Luceaf\u01cerul, Teatrul Na\u0163ional, Filarmonica \u0219i cu partenerii europeni, precum Centrul cultural german, British Council, Europe Direct.<\/p>\n\n\n\n<p>Sus\u0163ine \u0219i organizeaz\u01ce mai bine de 50 de evenimente culturale anuale precum FILIT, Festivalul filmului documentar DocEst, Festivalul de Teatru pentru Public T\u00e2n\u01cer, \u00cent\u00e2lnirile poetice ale Institutului Francez din Ia\u0219i, Zilele Memoriei Victimelor Holocaustului, Noaptea ideilor, Zilele Francofoniei, Festivalul filmului francez, Festivalul de Foarte Scurt Metraj, Ziua european\u01ce a limbilor, Bienala de fotografie. Face parte din proiecte precum Ia\u0219i, capital\u01ce cultural\u01ce a tineretului 2019-2020.<\/p>\n\n\n\n<p>\u25ba<strong>Mediateca<\/strong><\/p>\n\n\n\n<p>Mediateca Institutului Francez din Ia\u015fi dispune de 18500 de documente (pres\u01ce, c\u01cer\u0163i, filme, benzi desenate, CD-uri). Este dechis\u0103 40 de ore pe s\u0103pt\u0103m\u00e2n\u0103. Spa\u0163iul Mediatecii cuprinde o sal\u0103 de lectur\u0103 cu 18 locuri, o sal\u0103 destinat\u0103 celor tineri (tot cu 18 locuri). Serviciile oferite de Mediatec\u0103 constau \u00een \u00eemprumuturi de documente (c\u0103r\u0163i, reviste, DVD-uri, CD-uri, ziare), Campus France, Sono Videotec\u0103, Clubul elevilor francofoni, Clubul de lectur\u0103, ateliere de arte plastice pentru copii, Mediateca numeric\u0103, tablete, jocuri video educative, WiFi gratuit.<\/p>\n","protected":false},"excerpt":{"rendered":"<p>Principal promotor al francofoniei \u00een regiunea Moldovei, Institutul Francez din Ia\u015fi este o anten\u0103 regional\u0103 a Institutului Francez din Rom\u00e2nia, care face parte din re\u0163eaua cultural\u0103 francez\u0103 din \u00eentreaga lume. Institutul a fost inaugurat pe 19 aprilie 1991, \u00een prezen\u0163a pre\u015fedin\u0163ilor Fran\u00e7ois Mitterrand \u015fi Ion Iliescu, \u015fi deschis oficial \u00een decembrie 1992. Este situat \u00eentr-una [&hellip;]<\/p>\n","protected":false},"author":1,"featured_media":1043,"parent":0,"menu_order":0,"comment_status":"closed","ping_status":"closed","template":"","meta":{"footnotes":""},"class_list":["post-357","page","type-page","status-publish","has-post-thumbnail","hentry"],"_links":{"self":[{"href":"https:\/\/institutfrancais.ro\/iasi\/wp-json\/wp\/v2\/pages\/357","targetHints":{"allow":["GET"]}}],"collection":[{"href":"https:\/\/institutfrancais.ro\/iasi\/wp-json\/wp\/v2\/pages"}],"about":[{"href":"https:\/\/institutfrancais.ro\/iasi\/wp-json\/wp\/v2\/types\/page"}],"author":[{"embeddable":true,"href":"https:\/\/institutfrancais.ro\/iasi\/wp-json\/wp\/v2\/users\/1"}],"replies":[{"embeddable":true,"href":"https:\/\/institutfrancais.ro\/iasi\/wp-json\/wp\/v2\/comments?post=357"}],"version-history":[{"count":2,"href":"https:\/\/institutfrancais.ro\/iasi\/wp-json\/wp\/v2\/pages\/357\/revisions"}],"predecessor-version":[{"id":526,"href":"https:\/\/institutfrancais.ro\/iasi\/wp-json\/wp\/v2\/pages\/357\/revisions\/526"}],"wp:featuredmedia":[{"embeddable":true,"href":"https:\/\/institutfrancais.ro\/iasi\/wp-json\/wp\/v2\/media\/1043"}],"wp:attachment":[{"href":"https:\/\/institutfrancais.ro\/iasi\/wp-json\/wp\/v2\/media?parent=357"}],"curies":[{"name":"wp","href":"https:\/\/api.w.org\/{rel}","templated":true}]}}