{"id":983,"date":"2021-05-12T10:40:57","date_gmt":"2021-05-12T10:40:57","guid":{"rendered":"https:\/\/institutfrancais.ro\/timisoara\/?page_id=983"},"modified":"2025-11-05T16:41:24","modified_gmt":"2025-11-05T16:41:24","slug":"lhistoire-de-lifr-a-timisoara","status":"publish","type":"page","link":"https:\/\/institutfrancais.ro\/timisoara\/fr\/a-propos-de-nous\/lhistoire-de-lifr-a-timisoara\/","title":{"rendered":"L&rsquo;histoire de l&rsquo;IFR \u00e0 Timi\u0219oara"},"content":{"rendered":"\n<p>Depuis bient\u00f4t 30 ans, au lendemain de la r\u00e9volution de 1989, l\u2019Institut fran\u00e7ais de Timi\u015foara (anciennement Centre Culturel Fran\u00e7ais) est l\u2019acteur incontournable de la <em>vie culturelle locale<\/em>. Install\u00e9 en 1992 dans la <strong>Villa Kimmel<\/strong>, l\u2019une des plus prestigieuses de la ville, il est depuis 2012 l\u2019une des quatre antennes de l\u2019<strong>Institut Fran\u00e7ais de Roumanie<\/strong> avec Bucarest, Cluj-Napoca et Iasi. Il a pour mission <em>la promotion de la politique de coop\u00e9ration et d\u2019action culturelle de l\u2019Ambassade de France<\/em> <em>en faveur des cultures et de la langue fran\u00e7aises<\/em>, en insistant sur leurs dimensions les plus contemporaines.<\/p>\n\n\n\n<p><strong>L\u2019enseignement du fran\u00e7ais et la promotion de la langue fran\u00e7aise <\/strong>sont au c\u0153ur de l\u2019activit\u00e9 des Instituts Fran\u00e7ais \u00e0 l\u2019\u00e9tranger. Notre mission est de <em>d\u00e9velopper<\/em> et <em>dynamiser<\/em> la pratique du fran\u00e7ais par une offre de <strong>cours diversifi\u00e9e<\/strong> \u00e0 destination des adultes, des enfants et des entreprises, ainsi que par des actions de c<strong>oop\u00e9ration \u00e9ducative et universitaire<\/strong>. Dans le contexte post-Covid-19, nous proposons des plateformes et outils num\u00e9riques permettant le d\u00e9veloppement d\u2019un environnement francophone, marqu\u00e9 en particulier par l\u2019innovation. Nous organisons la passation des <strong>certifications de fran\u00e7ais<\/strong> reconnues internationalement : <em>DELF<\/em>, <em>DALF<\/em> et <em>TCF<\/em> d\u00e9livr\u00e9s par le Centre International d\u2019Etudes P\u00e9dagogiques (\u00e9tablissement public du Minist\u00e8re de l\u2019Education Nationale en France), <em>TEF<\/em> et <em>DFP<\/em> con\u00e7us et d\u00e9velopp\u00e9s par la Chambre de Commerce et d\u2019Industrie de Paris \u00cele-de-France. Nous mettons par ailleurs \u00e0 disposition du public une <strong>m\u00e9diath\u00e8que<\/strong> de 12 000 ouvrages, et proposons un acc\u00e8s \u00e0 plus de 200 000 ressources num\u00e9riques via la plateforme <strong>Cultureth\u00e8que<\/strong>.<\/p>\n\n\n\n<p>Dans le <strong>champ artistique et culturel<\/strong>, l\u2019Institut fran\u00e7ais de Timisoara d\u00e9veloppe les \u00e9changes franco-roumains et promeut la diversit\u00e9 et le rayonnement de la culture fran\u00e7aise en Roumanie. Nous organisons ou soutenons une <em>trentaine de manifestations<\/em> par an, dont les temps forts sont cette ann\u00e9e, <em>La Nuit de la Philosophie<\/em>, le <em>Festival du Film Fran\u00e7ais<\/em>, le concert <em>Bal Populaire du 14&nbsp; juillet<\/em>, &nbsp;les <em>Journ\u00e9es du Film d\u2019Humour<\/em> et le&nbsp; festival d\u2019arts de la rue <em>Impuls<\/em>. En outre, l\u2019Institut s\u2019associe \u00e0 plusieurs op\u00e9rations dans la perspective \u00ab <em>Timisoara capitale europ\u00e9enne de la culture 2023<\/em> \u00bb, et pilote en collaboration avec la municipalit\u00e9 et plusieurs associations locales la r\u00e9novation du <strong>Cin\u00e9ma Studio<\/strong> qui sera le seul cin\u00e9ma d\u2019art et essai de la ville.<\/p>\n\n\n\n<p>Depuis cette ann\u00e9e, nous avons entam\u00e9 une s\u00e9rie d\u2019actions culturelles \u00e0 vocation sociale en direction des publics fragiles et d\u00e9favoris\u00e9s, que nous avons intitul\u00e9 \u00ab&nbsp;<em>Education et culture pour tous<\/em>&nbsp;\u00bb, en partenariat avec des ONG locales.<\/p>\n\n\n\n<p>L\u2019Institut d\u00e9veloppe par ailleurs une politique soutenue en direction du jeune public : outre les cours de fran\u00e7ais sp\u00e9cialis\u00e9s pour enfants, il propose des animations r\u00e9guli\u00e8res et plus de 300 ateliers par an \u00e0 leur attention, ainsi que des clubs de vacances. <em>La Maison des Lutins<\/em>, week-end f\u00e9\u00e9rique organis\u00e9 chaque ann\u00e9e au mois de mai \u00e0 l\u2019Institut avec plus de 50 partenaires locaux, est l\u2019un des \u00e9v\u00e8nements majeurs pour enfants \u00e0 Timisoara. Dans le contexte de la pand\u00e9mie et dans le cadre de notre politique de transition num\u00e9rique, nous lan\u00e7ons, \u00e0 partir de l\u2019\u00e9t\u00e9 2021, \u00ab&nbsp;<em>Le Jardin Vivant<\/em>&nbsp;\u00bb, un espace multifonctionnel et num\u00e9rique en plein air, qui constitue le point d\u2019orgue de cette attention constante \u00e0 l\u2019\u00e9ducation et \u00e0 l\u2019\u00e9panouissement des plus jeunes.<\/p>\n","protected":false},"excerpt":{"rendered":"<p>Depuis bient\u00f4t 30 ans, au lendemain de la r\u00e9volution de 1989, l\u2019Institut fran\u00e7ais de Timi\u015foara (anciennement Centre Culturel Fran\u00e7ais) est l\u2019acteur incontournable de la vie culturelle locale. Install\u00e9 en 1992 dans la Villa Kimmel, l\u2019une des plus prestigieuses de la ville, il est depuis 2012 l\u2019une des quatre antennes de l\u2019Institut Fran\u00e7ais de Roumanie avec [&hellip;]<\/p>\n","protected":false},"author":9,"featured_media":7528,"parent":990,"menu_order":1,"comment_status":"closed","ping_status":"closed","template":"","meta":{"footnotes":""},"class_list":["post-983","page","type-page","status-publish","has-post-thumbnail","hentry"],"_links":{"self":[{"href":"https:\/\/institutfrancais.ro\/timisoara\/fr\/wp-json\/wp\/v2\/pages\/983","targetHints":{"allow":["GET"]}}],"collection":[{"href":"https:\/\/institutfrancais.ro\/timisoara\/fr\/wp-json\/wp\/v2\/pages"}],"about":[{"href":"https:\/\/institutfrancais.ro\/timisoara\/fr\/wp-json\/wp\/v2\/types\/page"}],"author":[{"embeddable":true,"href":"https:\/\/institutfrancais.ro\/timisoara\/fr\/wp-json\/wp\/v2\/users\/9"}],"replies":[{"embeddable":true,"href":"https:\/\/institutfrancais.ro\/timisoara\/fr\/wp-json\/wp\/v2\/comments?post=983"}],"version-history":[{"count":5,"href":"https:\/\/institutfrancais.ro\/timisoara\/fr\/wp-json\/wp\/v2\/pages\/983\/revisions"}],"predecessor-version":[{"id":7530,"href":"https:\/\/institutfrancais.ro\/timisoara\/fr\/wp-json\/wp\/v2\/pages\/983\/revisions\/7530"}],"up":[{"embeddable":true,"href":"https:\/\/institutfrancais.ro\/timisoara\/fr\/wp-json\/wp\/v2\/pages\/990"}],"wp:featuredmedia":[{"embeddable":true,"href":"https:\/\/institutfrancais.ro\/timisoara\/fr\/wp-json\/wp\/v2\/media\/7528"}],"wp:attachment":[{"href":"https:\/\/institutfrancais.ro\/timisoara\/fr\/wp-json\/wp\/v2\/media?parent=983"}],"curies":[{"name":"wp","href":"https:\/\/api.w.org\/{rel}","templated":true}]}}