{"id":1274,"date":"2021-06-30T08:59:44","date_gmt":"2021-06-30T08:59:44","guid":{"rendered":"https:\/\/institutfrancais.ro\/timisoara\/?page_id=1274"},"modified":"2023-04-06T07:53:06","modified_gmt":"2023-04-06T07:53:06","slug":"jardin-vivant","status":"publish","type":"page","link":"https:\/\/institutfrancais.ro\/timisoara\/jardin-vivant\/","title":{"rendered":"Jardin vivant"},"content":{"rendered":"\n<p>Institutul Francez din Timi\u0219oara dore\u0219te s\u0103 aduc\u0103 mai aproape comunitatea. De aceea, \u0219i-a transformat gr\u0103dina \u00eentr-un spa\u021biu polivalent pentru activit\u0103\u021bi culturale, educa\u021bionale \u0219i ludice \u00een aer liber \u2013&nbsp;<em>Jardin vivant.<\/em><\/p>\n\n\n\n<p>\u00cen gr\u0103dina de pe Bd. C. D. Loga 46 \u2013 de acum\u00a0<em>Jardin vivant<\/em>\u00a0\u2013 ve\u021bi putea g\u0103si un foi\u0219or pentru ateliere, cursuri, \u00eent\u00e2lniri culturale, o mini-scen\u0103 pentru spectacole, o c\u0103su\u021b\u0103 \u00een copac, o bibliotec\u0103 original\u0103, locuri cosy pentru lectur\u0103 \u0219i relaxare \u00a0cu hamace, fotolii, pufuri, vizuini de citit, locuri de zumz\u0103it\u00a0\u0219i mult teren de explorat.<\/p>\n\n\n\n<figure class=\"wp-block-gallery has-nested-images columns-2 is-cropped wp-block-gallery-1 is-layout-flex wp-block-gallery-is-layout-flex\">\n<figure class=\"wp-block-image size-large\"><img loading=\"lazy\" decoding=\"async\" width=\"1024\" height=\"684\" data-id=\"1628\" src=\"https:\/\/institutfrancais.ro\/timisoara\/wp-content\/uploads\/sites\/5\/2021\/10\/FOTO-24-1024x684.jpg\" alt=\"\" class=\"wp-image-1628\" srcset=\"https:\/\/institutfrancais.ro\/timisoara\/wp-content\/uploads\/sites\/5\/2021\/10\/FOTO-24-1024x684.jpg 1024w, https:\/\/institutfrancais.ro\/timisoara\/wp-content\/uploads\/sites\/5\/2021\/10\/FOTO-24-300x200.jpg 300w, https:\/\/institutfrancais.ro\/timisoara\/wp-content\/uploads\/sites\/5\/2021\/10\/FOTO-24-768x513.jpg 768w, https:\/\/institutfrancais.ro\/timisoara\/wp-content\/uploads\/sites\/5\/2021\/10\/FOTO-24-1536x1025.jpg 1536w, https:\/\/institutfrancais.ro\/timisoara\/wp-content\/uploads\/sites\/5\/2021\/10\/FOTO-24.jpg 2000w\" sizes=\"auto, (max-width: 1024px) 100vw, 1024px\" \/><\/figure>\n\n\n\n<figure class=\"wp-block-image size-large\"><img loading=\"lazy\" decoding=\"async\" width=\"1024\" height=\"684\" data-id=\"1632\" src=\"https:\/\/institutfrancais.ro\/timisoara\/wp-content\/uploads\/sites\/5\/2021\/10\/FOTO-9-1024x684.jpg\" alt=\"\" class=\"wp-image-1632\" srcset=\"https:\/\/institutfrancais.ro\/timisoara\/wp-content\/uploads\/sites\/5\/2021\/10\/FOTO-9-1024x684.jpg 1024w, https:\/\/institutfrancais.ro\/timisoara\/wp-content\/uploads\/sites\/5\/2021\/10\/FOTO-9-300x200.jpg 300w, https:\/\/institutfrancais.ro\/timisoara\/wp-content\/uploads\/sites\/5\/2021\/10\/FOTO-9-768x513.jpg 768w, https:\/\/institutfrancais.ro\/timisoara\/wp-content\/uploads\/sites\/5\/2021\/10\/FOTO-9-1536x1025.jpg 1536w, https:\/\/institutfrancais.ro\/timisoara\/wp-content\/uploads\/sites\/5\/2021\/10\/FOTO-9.jpg 2000w\" sizes=\"auto, (max-width: 1024px) 100vw, 1024px\" \/><\/figure>\n\n\n\n<figure class=\"wp-block-image size-large\"><img loading=\"lazy\" decoding=\"async\" width=\"1024\" height=\"684\" data-id=\"1630\" src=\"https:\/\/institutfrancais.ro\/timisoara\/wp-content\/uploads\/sites\/5\/2021\/10\/FOTO-7-1024x684.jpg\" alt=\"\" class=\"wp-image-1630\" srcset=\"https:\/\/institutfrancais.ro\/timisoara\/wp-content\/uploads\/sites\/5\/2021\/10\/FOTO-7-1024x684.jpg 1024w, https:\/\/institutfrancais.ro\/timisoara\/wp-content\/uploads\/sites\/5\/2021\/10\/FOTO-7-300x200.jpg 300w, https:\/\/institutfrancais.ro\/timisoara\/wp-content\/uploads\/sites\/5\/2021\/10\/FOTO-7-768x513.jpg 768w, https:\/\/institutfrancais.ro\/timisoara\/wp-content\/uploads\/sites\/5\/2021\/10\/FOTO-7-1536x1025.jpg 1536w, https:\/\/institutfrancais.ro\/timisoara\/wp-content\/uploads\/sites\/5\/2021\/10\/FOTO-7.jpg 2000w\" sizes=\"auto, (max-width: 1024px) 100vw, 1024px\" \/><\/figure>\n\n\n\n<figure class=\"wp-block-image size-large\"><img loading=\"lazy\" decoding=\"async\" width=\"684\" height=\"1024\" data-id=\"1634\" src=\"https:\/\/institutfrancais.ro\/timisoara\/wp-content\/uploads\/sites\/5\/2021\/10\/FOTO-11-684x1024.jpg\" alt=\"\" class=\"wp-image-1634\" srcset=\"https:\/\/institutfrancais.ro\/timisoara\/wp-content\/uploads\/sites\/5\/2021\/10\/FOTO-11-684x1024.jpg 684w, https:\/\/institutfrancais.ro\/timisoara\/wp-content\/uploads\/sites\/5\/2021\/10\/FOTO-11-200x300.jpg 200w, https:\/\/institutfrancais.ro\/timisoara\/wp-content\/uploads\/sites\/5\/2021\/10\/FOTO-11-768x1151.jpg 768w, https:\/\/institutfrancais.ro\/timisoara\/wp-content\/uploads\/sites\/5\/2021\/10\/FOTO-11-1025x1536.jpg 1025w, https:\/\/institutfrancais.ro\/timisoara\/wp-content\/uploads\/sites\/5\/2021\/10\/FOTO-11.jpg 1335w\" sizes=\"auto, (max-width: 684px) 100vw, 684px\" \/><\/figure>\n\n\n\n<figure class=\"wp-block-image size-large\"><img loading=\"lazy\" decoding=\"async\" width=\"1024\" height=\"684\" data-id=\"1638\" src=\"https:\/\/institutfrancais.ro\/timisoara\/wp-content\/uploads\/sites\/5\/2021\/10\/FOTO-30-1024x684.jpg\" alt=\"\" class=\"wp-image-1638\" srcset=\"https:\/\/institutfrancais.ro\/timisoara\/wp-content\/uploads\/sites\/5\/2021\/10\/FOTO-30-1024x684.jpg 1024w, https:\/\/institutfrancais.ro\/timisoara\/wp-content\/uploads\/sites\/5\/2021\/10\/FOTO-30-300x200.jpg 300w, https:\/\/institutfrancais.ro\/timisoara\/wp-content\/uploads\/sites\/5\/2021\/10\/FOTO-30-768x513.jpg 768w, https:\/\/institutfrancais.ro\/timisoara\/wp-content\/uploads\/sites\/5\/2021\/10\/FOTO-30-1536x1025.jpg 1536w, https:\/\/institutfrancais.ro\/timisoara\/wp-content\/uploads\/sites\/5\/2021\/10\/FOTO-30.jpg 2000w\" sizes=\"auto, (max-width: 1024px) 100vw, 1024px\" \/><\/figure>\n\n\n\n<figure class=\"wp-block-image size-large\"><img loading=\"lazy\" decoding=\"async\" width=\"1024\" height=\"684\" data-id=\"1641\" src=\"https:\/\/institutfrancais.ro\/timisoara\/wp-content\/uploads\/sites\/5\/2021\/10\/FOTO-20-1-1024x684.jpg\" alt=\"\" class=\"wp-image-1641\" srcset=\"https:\/\/institutfrancais.ro\/timisoara\/wp-content\/uploads\/sites\/5\/2021\/10\/FOTO-20-1-1024x684.jpg 1024w, https:\/\/institutfrancais.ro\/timisoara\/wp-content\/uploads\/sites\/5\/2021\/10\/FOTO-20-1-300x200.jpg 300w, https:\/\/institutfrancais.ro\/timisoara\/wp-content\/uploads\/sites\/5\/2021\/10\/FOTO-20-1-768x513.jpg 768w, https:\/\/institutfrancais.ro\/timisoara\/wp-content\/uploads\/sites\/5\/2021\/10\/FOTO-20-1-1536x1025.jpg 1536w, https:\/\/institutfrancais.ro\/timisoara\/wp-content\/uploads\/sites\/5\/2021\/10\/FOTO-20-1.jpg 2000w\" sizes=\"auto, (max-width: 1024px) 100vw, 1024px\" \/><\/figure>\n<\/figure>\n\n\n\n<p>Spa\u021biul a fost conceput \u00een special pentru cei tineri, \u00eens\u0103 \u0219i adul\u021bii \u00ee\u0219i vor g\u0103si cu u\u0219urin\u021b\u0103 locul \u00een Jardin vivant.<\/p>\n\n\n\n<p>Crearea spa\u021biului&nbsp;<em>Jardin vivant<\/em>&nbsp;la Institutul Francez a fost posibil\u0103 datorit\u0103 sprijinului generos al partenerilor s\u0103i : Akwel, Decathlon, Smartwood \u0219i BRD.<\/p>\n\n\n\n<p><\/p>\n","protected":false},"excerpt":{"rendered":"<p>Institutul Francez din Timi\u0219oara dore\u0219te s\u0103 aduc\u0103 mai aproape comunitatea. De aceea, \u0219i-a transformat gr\u0103dina \u00eentr-un spa\u021biu polivalent pentru activit\u0103\u021bi culturale, educa\u021bionale \u0219i ludice \u00een aer liber \u2013&nbsp;Jardin vivant. \u00cen gr\u0103dina de pe Bd. C. D. Loga 46 \u2013 de acum\u00a0Jardin vivant\u00a0\u2013 ve\u021bi putea g\u0103si un foi\u0219or pentru ateliere, cursuri, \u00eent\u00e2lniri culturale, o mini-scen\u0103 pentru [&hellip;]<\/p>\n","protected":false},"author":9,"featured_media":1626,"parent":0,"menu_order":0,"comment_status":"closed","ping_status":"closed","template":"","meta":{"footnotes":""},"class_list":["post-1274","page","type-page","status-publish","has-post-thumbnail","hentry"],"_links":{"self":[{"href":"https:\/\/institutfrancais.ro\/timisoara\/wp-json\/wp\/v2\/pages\/1274","targetHints":{"allow":["GET"]}}],"collection":[{"href":"https:\/\/institutfrancais.ro\/timisoara\/wp-json\/wp\/v2\/pages"}],"about":[{"href":"https:\/\/institutfrancais.ro\/timisoara\/wp-json\/wp\/v2\/types\/page"}],"author":[{"embeddable":true,"href":"https:\/\/institutfrancais.ro\/timisoara\/wp-json\/wp\/v2\/users\/9"}],"replies":[{"embeddable":true,"href":"https:\/\/institutfrancais.ro\/timisoara\/wp-json\/wp\/v2\/comments?post=1274"}],"version-history":[{"count":4,"href":"https:\/\/institutfrancais.ro\/timisoara\/wp-json\/wp\/v2\/pages\/1274\/revisions"}],"predecessor-version":[{"id":3822,"href":"https:\/\/institutfrancais.ro\/timisoara\/wp-json\/wp\/v2\/pages\/1274\/revisions\/3822"}],"wp:featuredmedia":[{"embeddable":true,"href":"https:\/\/institutfrancais.ro\/timisoara\/wp-json\/wp\/v2\/media\/1626"}],"wp:attachment":[{"href":"https:\/\/institutfrancais.ro\/timisoara\/wp-json\/wp\/v2\/media?parent=1274"}],"curies":[{"name":"wp","href":"https:\/\/api.w.org\/{rel}","templated":true}]}}