{"id":357,"date":"2021-02-15T19:53:45","date_gmt":"2021-02-15T19:53:45","guid":{"rendered":"https:\/\/institutfrancais.ro\/bucuresti\/?page_id=357"},"modified":"2025-11-05T16:40:21","modified_gmt":"2025-11-05T16:40:21","slug":"povestea-ifr-la-timioara","status":"publish","type":"page","link":"https:\/\/institutfrancais.ro\/timisoara\/despre-noi\/povestea-ifr-la-timioara\/","title":{"rendered":"Povestea IFR la Timi\u0219oara"},"content":{"rendered":"\n<p>De aproape 30 de ani, din zorii Revolu\u021biei din 1989, Institutul Francez din Timisoara (anterior, centru cultural francez) este un actor de neocolit al vie\u021bii culturale locale. Stabilit \u00een 1992 \u00een prestigioasa villa Kimmel, acesta este, \u00eencep\u00e2nd din 2012, una dintre cele patru antene ale Institutului Francez din Rom\u00e2nia (\u00eempreun\u0103 cu Bucure\u0219ti, Cluj-Napoca \u0219i Ia\u0219i). Institutul are ca misiune promovarea politicii de cooperare \u0219i de ac\u021biune cultural\u0103 a Ambasadei Fran\u021bei \u00een favoarea culturilor \u0219i a limbii franceze, focaliz\u00e2ndu-se asupra dimensiunilor celor mai actuale ale acestora.<\/p>\n\n\n\n<p>Predarea \u0219i promovarea limbii franceze sunt \u00een centrul activit\u0103\u021bii Institutului. Misiunea noastr\u0103 este de a dezvolta \u0219i dinamiza practica limbii franceze at\u00e2t printr-o ofert\u0103 de cursuri diversificat\u0103, destinat\u0103 adul\u021bilor, copiilor \u0219i companiilor, c\u00e2t \u0219i prin ac\u021biuni de cooperare educativ\u0103 \u0219i universitar\u0103. Institutul organizeaz\u0103 examene pentru certific\u0103rile de francez\u0103 recunoscute la nivel interna\u021bional&nbsp;: DELF \u0219i DALF, TCF, eliberate de France \u00c9ducation Internationale, institu\u021bie afiliat\u0103 Ministerului Educa\u021biei din Fran\u021ba, TEF \u0219i DFP, concepute \u0219i dezvoltate de Camera de Comer\u021b \u0219i Industrie din Paris \u0219i \u00cele-de-France. \u00cen plus, Institutul pune la dispozi\u021bia publicului \u0219i o mediatec\u0103 ce \u00eensumeaz\u0103 peste 12&nbsp;000 de documente \u0219i ofer\u0103 accesul la alte peste 200&nbsp;000 de documente digitale prin platforma Cultureth\u00e8que.<\/p>\n\n\n\n<p>\u00cen domeniul cultural \u0219i artistic, Institutul Francez din Timi\u0219oara dezvolt\u0103 colabor\u0103rile franco-rom\u00e2ne \u0219i promoveaz\u0103 diversitatea cultural\u0103, av\u00e2nd ca priorit\u0103\u021bi filmul, cartea, dezbaterile de idei \u0219i artele spectacolului. Institutul organizeaz\u0103 sau sus\u021bine aproximativ treizeci de evenimente anual, momentele de v\u00e2rf fiind Noaptea Filosofiei, Festivalul Filmului Francez, Balul Popular de Ziua Fran\u021bei, Zilele Filmului de Umor \u0219i festivalul de arte performative stradale Impuls. Mai mult, Institutul se asociaz\u0103 activit\u0103\u021bilor desf\u0103\u0219urate \u00een perspectiva &nbsp;anului 2023, c\u00e2nd&nbsp;Timi\u0219oara va fi Capital\u0103 European\u0103 a Culturii \u0219i piloteaz\u0103, \u00eempreun\u0103 cu Prim\u0103ria \u0219i cu asocia\u021biile Marele Ecran, Pelicula Cultural\u0103, Documentor \u0219i Timishort, renovarea Cinematografului Studio, care va fi singurul cinema de art\u0103 al ora\u0219ului.<\/p>\n\n\n\n<p>\u00cencep\u00e2nd cu 2021, \u00eencepem o serie de ac\u021biuni culturale \u0219i educative cu voca\u021bie social\u0103, prin programul \u00ab&nbsp;\u00c9ducation et culture pour tous&nbsp;\u00bb. Acesta este dedicat persoanelor fragile \u0219i defavorizate \u0219i este realizat \u00een parteneriat cu asocia\u021bii \u0219i ONG-uri locale.<\/p>\n\n\n\n<p>Institutul dezvolt\u0103, de altfel, o politic\u0103 sus\u021binut\u0103 \u00een direc\u021bia publicului t\u00e2n\u0103r: \u00een afara cursurilor de francez\u0103 adaptate copiilor, propune \u00een mod regulat anima\u021bii, cluburi de vacan\u021b\u0103 \u0219i peste 300 de ateliere anual pentru ace\u0219tia. C\u0103su\u021ba Piticilor, weekend de poveste organizat \u00een fiecare an \u00een luna mai la Institut, cu peste 50 de parteneri locali, este unul dintre cele mai mari evenimente pentru copii din Timi\u0219oara. \u00cen contextul pandemiei \u0219i pentru a asigura tranzi\u021bia digital\u0103, gr\u0103dina noastr\u0103 se transform\u0103, din vara anului 2021, \u00een \u00ab Jardin Vivant&nbsp;\u00bb, un spa\u021biu multifunc\u021bional \u0219i digital \u00een aer liber, care constituie punctul-cheie al acestei aten\u021bii constante la educa\u021bia \u0219i dezvoltarea tinerilor de la cele mai fragede v\u00e2rste.<\/p>\n","protected":false},"excerpt":{"rendered":"<p>De aproape 30 de ani, din zorii Revolu\u021biei din 1989, Institutul Francez din Timisoara (anterior, centru cultural francez) este un actor de neocolit al vie\u021bii culturale locale. Stabilit \u00een 1992 \u00een prestigioasa villa Kimmel, acesta este, \u00eencep\u00e2nd din 2012, una dintre cele patru antene ale Institutului Francez din Rom\u00e2nia (\u00eempreun\u0103 cu Bucure\u0219ti, Cluj-Napoca \u0219i Ia\u0219i). [&hellip;]<\/p>\n","protected":false},"author":9,"featured_media":7527,"parent":340,"menu_order":1,"comment_status":"closed","ping_status":"closed","template":"","meta":{"footnotes":""},"class_list":["post-357","page","type-page","status-publish","has-post-thumbnail","hentry"],"_links":{"self":[{"href":"https:\/\/institutfrancais.ro\/timisoara\/wp-json\/wp\/v2\/pages\/357","targetHints":{"allow":["GET"]}}],"collection":[{"href":"https:\/\/institutfrancais.ro\/timisoara\/wp-json\/wp\/v2\/pages"}],"about":[{"href":"https:\/\/institutfrancais.ro\/timisoara\/wp-json\/wp\/v2\/types\/page"}],"author":[{"embeddable":true,"href":"https:\/\/institutfrancais.ro\/timisoara\/wp-json\/wp\/v2\/users\/9"}],"replies":[{"embeddable":true,"href":"https:\/\/institutfrancais.ro\/timisoara\/wp-json\/wp\/v2\/comments?post=357"}],"version-history":[{"count":7,"href":"https:\/\/institutfrancais.ro\/timisoara\/wp-json\/wp\/v2\/pages\/357\/revisions"}],"predecessor-version":[{"id":7529,"href":"https:\/\/institutfrancais.ro\/timisoara\/wp-json\/wp\/v2\/pages\/357\/revisions\/7529"}],"up":[{"embeddable":true,"href":"https:\/\/institutfrancais.ro\/timisoara\/wp-json\/wp\/v2\/pages\/340"}],"wp:featuredmedia":[{"embeddable":true,"href":"https:\/\/institutfrancais.ro\/timisoara\/wp-json\/wp\/v2\/media\/7527"}],"wp:attachment":[{"href":"https:\/\/institutfrancais.ro\/timisoara\/wp-json\/wp\/v2\/media?parent=357"}],"curies":[{"name":"wp","href":"https:\/\/api.w.org\/{rel}","templated":true}]}}